{"id":10596,"date":"2019-08-05T11:41:45","date_gmt":"2019-08-05T09:41:45","guid":{"rendered":"https:\/\/zpsv.cz\/?page_id=10596"},"modified":"2020-05-25T09:42:58","modified_gmt":"2020-05-25T07:42:58","slug":"technicke-podminky-dodaci","status":"publish","type":"page","link":"https:\/\/www.zpsv.cz\/en\/ke-stazeni\/technicke-podminky-dodaci\/","title":{"rendered":"TECHNICAL CONDITIONS OF DELIVERY"},"content":{"rendered":"<div class=\"fusion-fullwidth fullwidth-box nonhundred-percent-fullwidth non-hundred-percent-height-scrolling\"  style='background-color: rgba(255,255,255,0);background-position: center center;background-repeat: no-repeat;padding-top:0px;padding-right:0px;padding-bottom:0px;padding-left:0px;'><div class=\"fusion-builder-row fusion-row\"><div  class=\"fusion-layout-column fusion_builder_column fusion_builder_column_1_4  fusion-one-fourth fusion-column-first 1_4\"  style='margin-top:0px;margin-bottom:20px;width:25%;width:calc(25% - ( ( 4% ) * 0.25 ) );margin-right: 4%;'>\r\n\t\t\t\t\t<div class=\"fusion-column-wrapper\" style=\"padding: 0px 0px 0px 0px;background-position:left top;background-repeat:no-repeat;-webkit-background-size:cover;-moz-background-size:cover;-o-background-size:cover;background-size:cover;\"   data-bg-url=\"\">\r\n\t\t\t\t\t\t<div class=\"fusion-text\"><div class=\"sidemenu\"><ul><li class=\"page_item page-item-20 page_item_has_children current_page_ancestor\"><ul class=\"children\"><li class=\"page_item page_item_has_children\"><a href=\"https:\/\/www.zpsv.cz\/en\/ke-stazeni\/ceniky\/\" class=\"\">Price lists<\/a><\/li><li class=\"page_item page_item_has_children\"><a href=\"https:\/\/www.zpsv.cz\/en\/ke-stazeni\/certifikaty\/\" class=\"\">Certifications<\/a><\/li><li class=\"page_item page_item_has_children\"><a href=\"https:\/\/www.zpsv.cz\/en\/ke-stazeni\/informace-pro-akcionare\/\" class=\"\">Information for former shareholders<\/a><\/li><li class=\"page_item page_item_has_children\"><a href=\"https:\/\/www.zpsv.cz\/en\/ke-stazeni\/katalogy\/\" class=\"\">Catalogues<\/a><\/li><li class=\"page_item page_item_has_children\"><a href=\"https:\/\/www.zpsv.cz\/en\/ke-stazeni\/konanos\/\" class=\"\">KoNaNos<\/a><\/li><li class=\"page_item page_item_has_children\"><a href=\"https:\/\/www.zpsv.cz\/en\/ke-stazeni\/letaky\/\" class=\"\">Leaflets<\/a><\/li><li class=\"page_item page_item_has_children\"><a href=\"https:\/\/www.zpsv.cz\/en\/ke-stazeni\/montazni-navody\/\" class=\"\">Mounting instructions<\/a><\/li><li class=\"page_item page_item_has_children\"><a href=\"https:\/\/www.zpsv.cz\/en\/ke-stazeni\/npo-fve\/\" class=\"\">NPO \/ FVE<\/a><\/li><li class=\"page_item page_item_has_children\"><a href=\"https:\/\/www.zpsv.cz\/en\/ke-stazeni\/opz97\/\" class=\"\">OPZ 97<\/a><\/li><li class=\"page_item page_item_has_children\"><a href=\"https:\/\/www.zpsv.cz\/en\/ke-stazeni\/ostatni\/\" class=\"\">others<\/a><\/li><li class=\"page_item page_item_has_children\"><a href=\"https:\/\/www.zpsv.cz\/en\/ke-stazeni\/reklamacni-rad\/\" class=\"\">Complaints Procedure<\/a><\/li><li class=\"page_item page_item_has_children\"><a href=\"https:\/\/www.zpsv.cz\/en\/ke-stazeni\/sfdi\/\" class=\"\">SFDI<\/a><\/li><li class=\"page_item page_item_has_children  current_page_item\"><a href=\"https:\/\/www.zpsv.cz\/en\/ke-stazeni\/technicke-podminky-dodaci\/\" class=\"\">TECHNICAL CONDITIONS OF DELIVERY<\/a><\/li><li class=\"page_item page_item_has_children\"><a href=\"https:\/\/www.zpsv.cz\/en\/ke-stazeni\/vseobecne-technicke-pozadavky\/\" class=\"\">General technical requirements<\/a><\/li><li class=\"page_item page_item_has_children\"><a href=\"https:\/\/www.zpsv.cz\/en\/ke-stazeni\/vyrobni-stitky\/\" class=\"\">Production labels<\/a><\/li><\/ul><\/li><\/ul><\/div>\n<\/div><div class=\"fusion-clearfix\"><\/div>\r\n\r\n\t\t\t\t\t<\/div>\r\n\t\t\t\t<\/div><div  class=\"fusion-layout-column fusion_builder_column fusion_builder_column_1_2  fusion-one-half fusion-column-last 1_2\"  style='margin-top:0px;margin-bottom:20px;width:50%;width:calc(50% - ( ( 4% ) * 0.5 ) );'>\r\n\t\t\t\t\t<div class=\"fusion-column-wrapper\" style=\"padding: 0px 0px 0px 0px;background-position:left top;background-repeat:no-repeat;-webkit-background-size:cover;-moz-background-size:cover;-o-background-size:cover;background-size:cover;\"   data-bg-url=\"\">\r\n\t\t\t\t\t\t<div class=\"fusion-text special-list\"><h3>TP-02\/18\u00a0\u017delezobetonov\u00e9 r\u00e1mov\u00e9 prvky<\/h3>\n<ul>\n<li><a href=\"https:\/\/www.zpsv.cz\/wp-content\/uploads\/2019\/08\/TP-02_18-\u017dELEZOBETONOV\u00c9-R\u00c1MOV\u00c9-PRVKY.pdf\">TP-02_18 \u017dELEZOBETONOV\u00c9 R\u00c1MOV\u00c9 PRVKY<\/a><\/li>\n<li><a href=\"https:\/\/www.zpsv.cz\/wp-content\/uploads\/2019\/08\/OSV\u011aD\u010cEN\u00cd-TP-02_18.pdf\">OSV\u011aD\u010cEN\u00cd TP-02_18<\/a><\/li>\n<li><a href=\"https:\/\/www.zpsv.cz\/wp-content\/uploads\/2019\/08\/PROTOKOL-TP-02_18.pdf\">PROTOKOL TP-02_18<\/a><\/li>\n<\/ul>\n<\/div><div class=\"fusion-clearfix\"><\/div>\r\n\r\n\t\t\t\t\t<\/div>\r\n\t\t\t\t<\/div><\/div><\/div>","protected":false},"excerpt":{"rendered":"","protected":false},"author":3,"featured_media":9717,"parent":20,"menu_order":55,"comment_status":"closed","ping_status":"closed","template":"","meta":[],"_links":{"self":[{"href":"https:\/\/www.zpsv.cz\/en\/wp-json\/wp\/v2\/pages\/10596"}],"collection":[{"href":"https:\/\/www.zpsv.cz\/en\/wp-json\/wp\/v2\/pages"}],"about":[{"href":"https:\/\/www.zpsv.cz\/en\/wp-json\/wp\/v2\/types\/page"}],"author":[{"embeddable":true,"href":"https:\/\/www.zpsv.cz\/en\/wp-json\/wp\/v2\/users\/3"}],"replies":[{"embeddable":true,"href":"https:\/\/www.zpsv.cz\/en\/wp-json\/wp\/v2\/comments?post=10596"}],"version-history":[{"count":0,"href":"https:\/\/www.zpsv.cz\/en\/wp-json\/wp\/v2\/pages\/10596\/revisions"}],"up":[{"embeddable":true,"href":"https:\/\/www.zpsv.cz\/en\/wp-json\/wp\/v2\/pages\/20"}],"wp:featuredmedia":[{"embeddable":true,"href":"https:\/\/www.zpsv.cz\/en\/wp-json\/wp\/v2\/media\/9717"}],"wp:attachment":[{"href":"https:\/\/www.zpsv.cz\/en\/wp-json\/wp\/v2\/media?parent=10596"}],"curies":[{"name":"wp","href":"https:\/\/api.w.org\/{rel}","templated":true}]}}