{"id":285324,"date":"2025-04-25T12:33:05","date_gmt":"2025-04-25T10:33:05","guid":{"rendered":"https:\/\/www.zpsv.cz\/?page_id=285324"},"modified":"2025-04-25T12:35:58","modified_gmt":"2025-04-25T10:35:58","slug":"sfdi","status":"publish","type":"page","link":"https:\/\/www.zpsv.cz\/en\/ke-stazeni\/sfdi\/","title":{"rendered":"SFDI"},"content":{"rendered":"<div class=\"fusion-fullwidth fullwidth-box nonhundred-percent-fullwidth non-hundred-percent-height-scrolling\"  style='background-color: rgba(255,255,255,0);background-position: center center;background-repeat: no-repeat;padding-top:0px;padding-right:0px;padding-bottom:0px;padding-left:0px;'><div class=\"fusion-builder-row fusion-row\"><div  class=\"fusion-layout-column fusion_builder_column fusion_builder_column_1_4  fusion-one-fourth fusion-column-first 1_4\"  style='margin-top:0px;margin-bottom:20px;width:25%;width:calc(25% - ( ( 4% + 4% + 4% ) * 0.25 ) );margin-right: 4%;'>\r\n\t\t\t\t\t<div class=\"fusion-column-wrapper\" style=\"padding: 0px 0px 0px 0px;background-position:left top;background-repeat:no-repeat;-webkit-background-size:cover;-moz-background-size:cover;-o-background-size:cover;background-size:cover;\"   data-bg-url=\"\">\r\n\t\t\t\t\t\t<div class=\"fusion-text\"><div class=\"sidemenu\"><ul><li class=\"page_item page-item-20 page_item_has_children current_page_ancestor\"><ul class=\"children\"><li class=\"page_item page_item_has_children\"><a href=\"https:\/\/www.zpsv.cz\/en\/ke-stazeni\/ceniky\/\" class=\"\">Price lists<\/a><\/li><li class=\"page_item page_item_has_children\"><a href=\"https:\/\/www.zpsv.cz\/en\/ke-stazeni\/certifikaty\/\" class=\"\">Certifications<\/a><\/li><li class=\"page_item page_item_has_children\"><a href=\"https:\/\/www.zpsv.cz\/en\/ke-stazeni\/informace-pro-akcionare\/\" class=\"\">Information for former shareholders<\/a><\/li><li class=\"page_item page_item_has_children\"><a href=\"https:\/\/www.zpsv.cz\/en\/ke-stazeni\/katalogy\/\" class=\"\">Catalogues<\/a><\/li><li class=\"page_item page_item_has_children\"><a href=\"https:\/\/www.zpsv.cz\/en\/ke-stazeni\/konanos\/\" class=\"\">KoNaNos<\/a><\/li><li class=\"page_item page_item_has_children\"><a href=\"https:\/\/www.zpsv.cz\/en\/ke-stazeni\/letaky\/\" class=\"\">Leaflets<\/a><\/li><li class=\"page_item page_item_has_children\"><a href=\"https:\/\/www.zpsv.cz\/en\/ke-stazeni\/montazni-navody\/\" class=\"\">Mounting instructions<\/a><\/li><li class=\"page_item page_item_has_children\"><a href=\"https:\/\/www.zpsv.cz\/en\/ke-stazeni\/npo-fve\/\" class=\"\">NPO \/ FVE<\/a><\/li><li class=\"page_item page_item_has_children\"><a href=\"https:\/\/www.zpsv.cz\/en\/ke-stazeni\/opz97\/\" class=\"\">OPZ 97<\/a><\/li><li class=\"page_item page_item_has_children\"><a href=\"https:\/\/www.zpsv.cz\/en\/ke-stazeni\/ostatni\/\" class=\"\">others<\/a><\/li><li class=\"page_item page_item_has_children\"><a href=\"https:\/\/www.zpsv.cz\/en\/ke-stazeni\/reklamacni-rad\/\" class=\"\">Complaints Procedure<\/a><\/li><li class=\"page_item page_item_has_children  current_page_item\"><a href=\"https:\/\/www.zpsv.cz\/en\/ke-stazeni\/sfdi\/\" class=\"\">SFDI<\/a><\/li><li class=\"page_item page_item_has_children\"><a href=\"https:\/\/www.zpsv.cz\/en\/ke-stazeni\/technicke-podminky-dodaci\/\" class=\"\">TECHNICAL CONDITIONS OF DELIVERY<\/a><\/li><li class=\"page_item page_item_has_children\"><a href=\"https:\/\/www.zpsv.cz\/en\/ke-stazeni\/vseobecne-technicke-pozadavky\/\" class=\"\">General technical requirements<\/a><\/li><li class=\"page_item page_item_has_children\"><a href=\"https:\/\/www.zpsv.cz\/en\/ke-stazeni\/vyrobni-stitky\/\" class=\"\">Production labels<\/a><\/li><\/ul><\/li><\/ul><\/div>\n<\/div><div class=\"fusion-clearfix\"><\/div>\r\n\r\n\t\t\t\t\t<\/div>\r\n\t\t\t\t<\/div><div  class=\"fusion-layout-column fusion_builder_column fusion_builder_column_1_4  fusion-one-fourth 1_4\"  style='margin-top:0px;margin-bottom:20px;width:25%;width:calc(25% - ( ( 4% + 4% + 4% ) * 0.25 ) );margin-right: 4%;'>\r\n\t\t\t\t\t<div class=\"fusion-column-wrapper\" style=\"padding: 0px 0px 0px 0px;background-position:left top;background-repeat:no-repeat;-webkit-background-size:cover;-moz-background-size:cover;-o-background-size:cover;background-size:cover;\"   data-bg-url=\"\">\r\n\t\t\t\t\t\t<div class=\"fusion-text\"><p><a href=\"https:\/\/www.zpsv.cz\/wp-content\/uploads\/2025\/04\/Publicita_13.3.2025_online.png\"><img loading=\"lazy\" class=\"size-medium wp-image-285325 aligncenter\" src=\"https:\/\/www.zpsv.cz\/wp-content\/uploads\/2025\/04\/Publicita_13.3.2025_online-300x169.png\" alt=\"\" width=\"300\" height=\"169\" srcset=\"https:\/\/www.zpsv.cz\/wp-content\/uploads\/2025\/04\/Publicita_13.3.2025_online-18x10.png 18w, https:\/\/www.zpsv.cz\/wp-content\/uploads\/2025\/04\/Publicita_13.3.2025_online-200x113.png 200w, https:\/\/www.zpsv.cz\/wp-content\/uploads\/2025\/04\/Publicita_13.3.2025_online-300x169.png 300w, https:\/\/www.zpsv.cz\/wp-content\/uploads\/2025\/04\/Publicita_13.3.2025_online-400x225.png 400w, https:\/\/www.zpsv.cz\/wp-content\/uploads\/2025\/04\/Publicita_13.3.2025_online-600x338.png 600w, https:\/\/www.zpsv.cz\/wp-content\/uploads\/2025\/04\/Publicita_13.3.2025_online-768x432.png 768w, https:\/\/www.zpsv.cz\/wp-content\/uploads\/2025\/04\/Publicita_13.3.2025_online-800x450.png 800w, https:\/\/www.zpsv.cz\/wp-content\/uploads\/2025\/04\/Publicita_13.3.2025_online-1024x576.png 1024w, https:\/\/www.zpsv.cz\/wp-content\/uploads\/2025\/04\/Publicita_13.3.2025_online-1200x675.png 1200w, https:\/\/www.zpsv.cz\/wp-content\/uploads\/2025\/04\/Publicita_13.3.2025_online-1536x864.png 1536w\" sizes=\"(max-width: 300px) 100vw, 300px\" \/><\/a><\/p>\n<\/div><div class=\"fusion-text\"><p style=\"text-align: center;\">\u00daprava vle\u010dkov\u00fdch kolej\u00ed Uhersk\u00fd Ostroh<\/p>\n<\/div><div class=\"fusion-clearfix\"><\/div>\r\n\r\n\t\t\t\t\t<\/div>\r\n\t\t\t\t<\/div><div  class=\"fusion-layout-column fusion_builder_column fusion_builder_column_1_4  fusion-one-fourth 1_4\"  style='margin-top:0px;margin-bottom:20px;width:25%;width:calc(25% - ( ( 4% + 4% + 4% ) * 0.25 ) );margin-right: 4%;'>\r\n\t\t\t\t\t<div class=\"fusion-column-wrapper\" style=\"padding: 0px 0px 0px 0px;background-position:left top;background-repeat:no-repeat;-webkit-background-size:cover;-moz-background-size:cover;-o-background-size:cover;background-size:cover;\"   data-bg-url=\"\">\r\n\t\t\t\t\t\t<div class=\"fusion-clearfix\"><\/div>\r\n\r\n\t\t\t\t\t<\/div>\r\n\t\t\t\t<\/div><div  class=\"fusion-layout-column fusion_builder_column fusion_builder_column_1_4  fusion-one-fourth fusion-column-last 1_4\"  style='margin-top:0px;margin-bottom:20px;width:25%;width:calc(25% - ( ( 4% + 4% + 4% ) * 0.25 ) );'>\r\n\t\t\t\t\t<div class=\"fusion-column-wrapper\" style=\"padding: 0px 0px 0px 0px;background-position:left top;background-repeat:no-repeat;-webkit-background-size:cover;-moz-background-size:cover;-o-background-size:cover;background-size:cover;\"   data-bg-url=\"\">\r\n\t\t\t\t\t\t<div class=\"fusion-clearfix\"><\/div>\r\n\r\n\t\t\t\t\t<\/div>\r\n\t\t\t\t<\/div><\/div><\/div>","protected":false},"excerpt":{"rendered":"","protected":false},"author":3,"featured_media":9717,"parent":20,"menu_order":200,"comment_status":"closed","ping_status":"closed","template":"","meta":[],"_links":{"self":[{"href":"https:\/\/www.zpsv.cz\/en\/wp-json\/wp\/v2\/pages\/285324"}],"collection":[{"href":"https:\/\/www.zpsv.cz\/en\/wp-json\/wp\/v2\/pages"}],"about":[{"href":"https:\/\/www.zpsv.cz\/en\/wp-json\/wp\/v2\/types\/page"}],"author":[{"embeddable":true,"href":"https:\/\/www.zpsv.cz\/en\/wp-json\/wp\/v2\/users\/3"}],"replies":[{"embeddable":true,"href":"https:\/\/www.zpsv.cz\/en\/wp-json\/wp\/v2\/comments?post=285324"}],"version-history":[{"count":3,"href":"https:\/\/www.zpsv.cz\/en\/wp-json\/wp\/v2\/pages\/285324\/revisions"}],"predecessor-version":[{"id":285328,"href":"https:\/\/www.zpsv.cz\/en\/wp-json\/wp\/v2\/pages\/285324\/revisions\/285328"}],"up":[{"embeddable":true,"href":"https:\/\/www.zpsv.cz\/en\/wp-json\/wp\/v2\/pages\/20"}],"wp:featuredmedia":[{"embeddable":true,"href":"https:\/\/www.zpsv.cz\/en\/wp-json\/wp\/v2\/media\/9717"}],"wp:attachment":[{"href":"https:\/\/www.zpsv.cz\/en\/wp-json\/wp\/v2\/media?parent=285324"}],"curies":[{"name":"wp","href":"https:\/\/api.w.org\/{rel}","templated":true}]}}