{"id":37450,"date":"2021-07-15T06:30:14","date_gmt":"2021-07-15T04:30:14","guid":{"rendered":"https:\/\/zpsv.cz\/ostatni-prefabrikaty-pro-pozemni-stavby\/"},"modified":"2022-05-19T23:12:50","modified_gmt":"2022-05-19T21:12:50","slug":"ostatni-prefabrikaty-pro-pozemni-stavby","status":"publish","type":"page","link":"https:\/\/www.zpsv.cz\/en\/ostatni-prefabrikaty-pro-pozemni-stavby\/","title":{"rendered":"Ostatn\u00ed prefabrik\u00e1ty pro pozemn\u00ed stavby"},"content":{"rendered":"<h1>Ostatn\u00ed prefabrik\u00e1ty pro pozemn\u00ed stavby<\/h1>","protected":false},"excerpt":{"rendered":"<p>Ostatn\u00ed prefabrik\u00e1ty pro pozemn\u00ed stavby<\/p>","protected":false},"author":1,"featured_media":0,"parent":0,"menu_order":0,"comment_status":"closed","ping_status":"closed","template":"layouts\/page-katalog.php","meta":[],"_links":{"self":[{"href":"https:\/\/www.zpsv.cz\/en\/wp-json\/wp\/v2\/pages\/37450"}],"collection":[{"href":"https:\/\/www.zpsv.cz\/en\/wp-json\/wp\/v2\/pages"}],"about":[{"href":"https:\/\/www.zpsv.cz\/en\/wp-json\/wp\/v2\/types\/page"}],"author":[{"embeddable":true,"href":"https:\/\/www.zpsv.cz\/en\/wp-json\/wp\/v2\/users\/1"}],"replies":[{"embeddable":true,"href":"https:\/\/www.zpsv.cz\/en\/wp-json\/wp\/v2\/comments?post=37450"}],"version-history":[{"count":0,"href":"https:\/\/www.zpsv.cz\/en\/wp-json\/wp\/v2\/pages\/37450\/revisions"}],"wp:attachment":[{"href":"https:\/\/www.zpsv.cz\/en\/wp-json\/wp\/v2\/media?parent=37450"}],"curies":[{"name":"wp","href":"https:\/\/api.w.org\/{rel}","templated":true}]}}