{"id":423823,"date":"2026-04-18T06:32:21","date_gmt":"2026-04-18T04:32:21","guid":{"rendered":"https:\/\/www.zpsv.cz\/produkty-pro-snizovani-hluku-a-vibraci\/protihlukove-steny-a-obklady\/zakazkova-vyroba-zelezobetonovych-sloupu-phs-2-4-1\/"},"modified":"2026-04-18T06:32:21","modified_gmt":"2026-04-18T04:32:21","slug":"zakazkova-vyroba-zelezobetonovych-sloupu-phs-2-4-1","status":"publish","type":"page","link":"https:\/\/www.zpsv.cz\/en\/produkty-pro-snizovani-hluku-a-vibraci\/protihlukove-steny-a-obklady\/zakazkova-vyroba-zelezobetonovych-sloupu-phs-2-4-1\/","title":{"rendered":"Zak\u00e1zkov\u00e1 v\u00fdroba \u017eelezobetonov\u00fdch sloup\u016f PHS 2 &#8211; 4.1"},"content":{"rendered":"<p>{&#8222;DateCreate&#8220;:&#8220;30.01.2008 10:24:53&#8243;,&#8220;ID&#8220;:&#8220;728&#8243;,&#8220;GUID&#8220;:&#8220;2ED82AFE5F289989C12573E00033B7BC&#8220;,&#8220;Nazev&#8220;:&#8220;Zak\\u00e1zkov\\u00e1 v\\u00fdroba \\u017eelezobetonov\\u00fdch sloup\\u016f PHS 2 &#8211; 4.1&#8243;,&#8220;Number&#8220;:&#8220;593691719500&#8243;,&#8220;ObchodniZnacka&#8220;:&#8220;VZX 500\\\/19&#8243;,&#8220;Zavods&#8220;:&#8220;07 \\u010cer\\u010dany&#8220;,&#8220;VyrPopisCZ&#8220;:&#8220;&#8220;,&#8220;VyrPopisDE&#8220;:&#8220;&#8220;,&#8220;VyrPopisEN&#8220;:&#8220;&#8220;,&#8220;VyrUrceniAPouzitCZ&#8220;:&#8220;Sloupy protihlukov\\u00fdch st\\u011bn PHS 2 &#8211; 4,1 jsou \\u017eelezobetonov\\u00e9 prvky tvaru H. Osazuj\\u00ed se v osov\\u00e9 vzd\\u00e1lenosti 4,1 m a slou\\u017e\\u00ed jako nosn\\u00e9 prvky pro osazovan\\u00ed protihlukov\\u00fdch panel\\u016f protihlukov\\u00fdch st\\u011bn a\\u017e do v\\u00fd\\u0161ky 3,9 m nad ter\\u00e9nem.\\rSloupy PHS 2 &#8211; 4,1 &#8211; 30 stup\\u0148\\u016f jsou ur\\u010deny pro vytv\\u00e1\\u0159en\\u00ed lom\\u016f PHS 2&#215;15\\u00b0 a lze je pou\\u017e\\u00edt pro v\\u00fd\\u0161ky do 3,3 m nad ter\\u00e9nem.\\rSloupy PHS 2 &#8211; 4,1 &#8211; 60 stup\\u0148\\u016f jsou ur\\u010deny pro vytv\\u00e1\\u0159en\\u00ed lom\\u016f PHS 2&#215;30\\u00b0 a lze je pou\\u017e\\u00edt pro v\\u00fd\\u0161ky do 3,6 m nad ter\\u00e9nem.\\rSloupy PHS 2 &#8211; 4,1 &#8211; 90 stup\\u0148\\u016f jsou ur\\u010deny pro vytv\\u00e1\\u0159en\\u00ed lom\\u016f PHS 2&#215;45\\u00b0 a lze je pou\\u017e\\u00edt pro v\\u00fd\\u0161ky do 3,3 m nad ter\\u00e9nem.\\rJsou staticky navr\\u017eeny a posouzeny podle \\u010cSN EN 14388 Za\\u0159\\u00edzen\\u00ed pro sn\\u00ed\\u017een\\u00ed hluku silni\\u010dn\\u00edho provozu &#8211; Specifikace, \\u010cSN EN 1991 Eurok\\u00f3d 1: Zat\\u00ed\\u017een\\u00ed konstrukc\\u00ed, \\u010cSN EN 1992-1-1 Eurok\\u00f3d 2: Navrhov\\u00e1n\\u00ed betonov\\u00fdch konstrukc\\u00ed, \\u010cSN EN 1991-2-4 Eurok\\u00f3d 1: Z\\u00e1sady navrhov\\u00e1n\\u00ed a zat\\u00ed\\u017een\\u00ed konstrukc\\u00ed &#8211; \\u010c\\u00e1st 2-4: Zat\\u00ed\\u017een\\u00ed konstrukc\\u00ed &#8211; Zat\\u00ed\\u017een\\u00ed v\\u011btrem. Lze je pou\\u017e\\u00edt na v\\u0161ech stavb\\u00e1ch PHS mimo stavby \\u017eelezni\\u010dn\\u00edch drah, pro kter\\u00e9 jsou ur\\u010deny sloupy 1-4.&#8220;,&#8220;VyrUrceniAPouzitDE&#8220;:&#8220;&#8220;,&#8220;VyrUrceniAPouzitEN&#8220;:&#8220;The columns of sound protection walls HPS 2 &#8211; 4.1 are iron-concrete elements shaped H. They are fixated in the axis distance 4.1 m and serve as bearing elements for setting sound protection panels up to height 3.9 m above ground.\\rPoles PHS 2 \\u2013 4.1 &#8211; 30 degrees are intended for making folds PHS 2&#215;15 degrees and can be used up to height 3.3m above ground.\\rPoles PHS 2 \\u2013 4.1 &#8211; 60 degrees are intended for making folds PHS 2&#215;30 degrees and can be used to height up 3.6m above ground.\\rPoles PHS 2 &#8211; 4.1 90 degrees are intended for making folds PHS 2x 45 degrees and can be used for heights up to 3.3 m above ground.\\r\\rThey are designed statically and evaluated as per \\u010cSN EN 14388 Equipment for the reduction of road traffic noise &#8211; Specification, \\u010cSN EN 1991 Euro-code 1: Structures load, \\u010cSN EN 1992-1-1 Euro-code 2: Design of concrete structures, \\u010cSN EN 1991-2-4 Euro-code 1: Principles of structures design and load &#8211; Part 2-4: Structures load &#8211; Wind load. They can be used at all PHS constructions except for the railways constructions for which other poles are intended.&#8220;,&#8220;VyrNazevCZ&#8220;:&#8220;Zak\\u00e1zkov\\u00e1 v\\u00fdroba \\u017eelezobetonov\\u00fdch sloup\\u016f PHS 2 &#8211; 4.1&#8243;,&#8220;VyrNazevDE&#8220;:&#8220;&#8220;,&#8220;VyrNazevEN&#8220;:&#8220;Custom manufacturing of PHS iron-concrete columns 2 &#8211; 4,1&#8243;,&#8220;Beton&#8220;:&#8220;C 50\\\/60-XF4&#8243;,&#8220;ObjemPrvku&#8220;:&#8220;&#8220;,&#8220;HmotnostPrvku&#8220;:&#8220;308 &#8211; 1134&#8243;,&#8220;L&#8220;:&#8220;&#8220;,&#8220;B&#8220;:&#8220;&#8220;,&#8220;H&#8220;:&#8220;&#8220;,&#8220;T&#8220;:&#8220;&#8220;,&#8220;D&#8220;:&#8220;&#8220;,&#8220;R&#8220;:&#8220;&#8220;,&#8220;L_2&#8243;:&#8220;&#8220;,&#8220;B_2&#8243;:&#8220;&#8220;,&#8220;H_2&#8243;:&#8220;&#8220;,&#8220;T_2&#8243;:&#8220;&#8220;,&#8220;D_2&#8243;:&#8220;&#8220;,&#8220;R_2&#8243;:&#8220;&#8220;,&#8220;L_1&#8243;:&#8220;&#8220;,&#8220;B_1&#8243;:&#8220;&#8220;,&#8220;H_1&#8243;:&#8220;&#8220;,&#8220;T_1&#8243;:&#8220;&#8220;,&#8220;D_1&#8243;:&#8220;&#8220;,&#8220;R_1&#8243;:&#8220;&#8220;,&#8220;KategorieName&#8220;:&#8220;Dopravn\\u00ed a in\\u017een\\u00fdrsk\\u00e9 stavby&#8220;,&#8220;PodkategorieName&#8220;:&#8220;Protihlukov\\u00e9 st\\u011bny a obklady&#8220;,&#8220;attachments&#8220;:{&#8222;designs&#8220;:[{&#8222;DateCreate&#8220;:&#8220;&#8220;,&#8220;ID&#8220;:&#8220;3351&#8243;,&#8220;GUID&#8220;:&#8220;DB82CEA48B512430C1257575003B0F70&#8243;,&#8220;VYR_ID&#8220;:&#8220;728&#8243;,&#8220;VYR_Number&#8220;:&#8220;593691719500&#8243;,&#8220;VYR_ObchodniZnacka&#8220;:&#8220;VZX 500\\\/19&#8243;,&#8220;DocumentNumber&#8220;:&#8220;593691719500&#8243;,&#8220;Title&#8220;:&#8220;Zak\\u00e1zkov\\u00e1 v\\u00fdroba \\u017eelezobetonov\\u00fdch sloup\\u016f PHS 2&#8243;,&#8220;IssueNumber&#8220;:&#8220;1&#8243;,&#8220;ZPSV_R4_Vyk1_ZaLomitkem&#8220;:&#8220;\\\/1&#8243;,&#8220;file&#8220;:[]},{&#8222;DateCreate&#8220;:&#8220;&#8220;,&#8220;ID&#8220;:&#8220;3360&#8243;,&#8220;GUID&#8220;:&#8220;E689906B240C9C4CC1257576003889DE&#8220;,&#8220;VYR_ID&#8220;:&#8220;728&#8243;,&#8220;VYR_Number&#8220;:&#8220;593691719500&#8243;,&#8220;VYR_ObchodniZnacka&#8220;:&#8220;VZX 500\\\/19&#8243;,&#8220;DocumentNumber&#8220;:&#8220;593691719500&#8243;,&#8220;Title&#8220;:&#8220;Zak\\u00e1zkov\\u00e1 v\\u00fdroba \\u017eelezobetonov\\u00fdch sloup\\u016f PHS 2 &#8211; 4,1 d\\u00e9lky 3,7 a\\u017e 4,4m&#8220;,&#8220;IssueNumber&#8220;:&#8220;1&#8243;,&#8220;ZPSV_R4_Vyk1_ZaLomitkem&#8220;:&#8220;\\\/2a-2&#8243;,&#8220;file&#8220;:[]},{&#8222;DateCreate&#8220;:&#8220;&#8220;,&#8220;ID&#8220;:&#8220;3363&#8243;,&#8220;GUID&#8220;:&#8220;5EE5F24DE41F70BBC1257576003F49C0&#8243;,&#8220;VYR_ID&#8220;:&#8220;728&#8243;,&#8220;VYR_Number&#8220;:&#8220;593691719500&#8243;,&#8220;VYR_ObchodniZnacka&#8220;:&#8220;VZX 500\\\/19&#8243;,&#8220;DocumentNumber&#8220;:&#8220;593691719500&#8243;,&#8220;Title&#8220;:&#8220;Zak\\u00e1zkov\\u00e1 v\\u00fdroba \\u017eelezobetonov\\u00fdch sloup\\u016f PHS 2 &#8211; 4.1 d\\u00e9lky 6,0 a\\u017e 6,7m&#8220;,&#8220;IssueNumber&#8220;:&#8220;1&#8243;,&#8220;ZPSV_R4_Vyk1_ZaLomitkem&#8220;:&#8220;\\\/2a-5&#8243;,&#8220;file&#8220;:[]},{&#8222;DateCreate&#8220;:&#8220;&#8220;,&#8220;ID&#8220;:&#8220;3364&#8243;,&#8220;GUID&#8220;:&#8220;96A26F4D3AB5B78BC1257576003F1A02&#8243;,&#8220;VYR_ID&#8220;:&#8220;728&#8243;,&#8220;VYR_Number&#8220;:&#8220;593691719500&#8243;,&#8220;VYR_ObchodniZnacka&#8220;:&#8220;VZX 500\\\/19&#8243;,&#8220;DocumentNumber&#8220;:&#8220;593691719500&#8243;,&#8220;Title&#8220;:&#8220;Zak\\u00e1zkov\\u00e1 v\\u00fdroba \\u017eelezobetonov\\u00fdch sloup\\u016f PHS 2 &#8211; 4.1 d\\u00e9lky 5,2 a\\u017e 5,9m&#8220;,&#8220;IssueNumber&#8220;:&#8220;1&#8243;,&#8220;ZPSV_R4_Vyk1_ZaLomitkem&#8220;:&#8220;\\\/2a-4&#8243;,&#8220;file&#8220;:[]},{&#8222;DateCreate&#8220;:&#8220;&#8220;,&#8220;ID&#8220;:&#8220;3365&#8243;,&#8220;GUID&#8220;:&#8220;46551020F835E5D4C1257576003EE941&#8243;,&#8220;VYR_ID&#8220;:&#8220;728&#8243;,&#8220;VYR_Number&#8220;:&#8220;593691719500&#8243;,&#8220;VYR_ObchodniZnacka&#8220;:&#8220;VZX 500\\\/19&#8243;,&#8220;DocumentNumber&#8220;:&#8220;593691719500&#8243;,&#8220;Title&#8220;:&#8220;Zak\\u00e1zkov\\u00e1 v\\u00fdroba \\u017eelezobetonov\\u00fdch sloup\\u016f PHS 2 &#8211; 4.1 d\\u00e9lky 4,5 a\\u017e 5,1m&#8220;,&#8220;IssueNumber&#8220;:&#8220;1&#8243;,&#8220;ZPSV_R4_Vyk1_ZaLomitkem&#8220;:&#8220;\\\/2a-3&#8243;,&#8220;file&#8220;:[]},{&#8222;DateCreate&#8220;:&#8220;&#8220;,&#8220;ID&#8220;:&#8220;3369&#8243;,&#8220;GUID&#8220;:&#8220;3A313804290C6485C12575760034BDEB&#8220;,&#8220;VYR_ID&#8220;:&#8220;728&#8243;,&#8220;VYR_Number&#8220;:&#8220;593691719500&#8243;,&#8220;VYR_ObchodniZnacka&#8220;:&#8220;VZX 500\\\/19&#8243;,&#8220;DocumentNumber&#8220;:&#8220;593691719500&#8243;,&#8220;Title&#8220;:&#8220;Zak\\u00e1zkov\\u00e1 v\\u00fdroba \\u017eelezobetonov\\u00fdch sloup\\u016f PHS 2 &#8211; 4,1 d\\u00e9lky do 3,6m&#8220;,&#8220;IssueNumber&#8220;:&#8220;1&#8243;,&#8220;ZPSV_R4_Vyk1_ZaLomitkem&#8220;:&#8220;\\\/2a-1&#8243;,&#8220;file&#8220;:[]},{&#8222;DateCreate&#8220;:&#8220;&#8220;,&#8220;ID&#8220;:&#8220;3632&#8243;,&#8220;GUID&#8220;:&#8220;CBFCF3E36D7BCE7BC1257576003F5FB7&#8243;,&#8220;VYR_ID&#8220;:&#8220;728&#8243;,&#8220;VYR_Number&#8220;:&#8220;593691719500&#8243;,&#8220;VYR_ObchodniZnacka&#8220;:&#8220;VZX 500\\\/19&#8243;,&#8220;DocumentNumber&#8220;:&#8220;593691719500&#8243;,&#8220;Title&#8220;:&#8220;Zak\\u00e1zkov\\u00e1 v\\u00fdroba \\u017eelezobetonov\\u00fdch sloup\\u016f PHS 2 &#8211; 4.1 d\\u00e9lky 6,8 a\\u017e 7,0m&#8220;,&#8220;IssueNumber&#8220;:&#8220;1&#8243;,&#8220;ZPSV_R4_Vyk1_ZaLomitkem&#8220;:&#8220;\\\/2a-6&#8243;,&#8220;file&#8220;:[]}],&#8220;ps&#8220;:[{&#8222;DateCreate&#8220;:&#8220;17.12.2025 12:51:38&#8243;,&#8220;ID&#8220;:&#8220;434&#8243;,&#8220;GUID&#8220;:&#8220;10d85cbc-e42e-45d5-bc60-001cc1dc596d&#8220;,&#8220;VYR_ID&#8220;:&#8220;728&#8243;,&#8220;VYR_Number&#8220;:&#8220;593691719500&#8243;,&#8220;VYR_ObchodniZnacka&#8220;:&#8220;VZX 500\\\/19&#8243;,&#8220;Number&#8220;:&#8220;07-09\\\/25&#8243;,&#8220;Nazev&#8220;:&#8220;Betonov\\u00e9 d\\u00edlce protihlukov\\u00fdch st\\u011bn pro \\u017eelezni\\u010dn\\u00ed trati&#8220;,&#8220;DatePlatnostDo&#8220;:&#8220;26.11.2026 0:00:00&#8243;,&#8220;ZavodName&#8220;:&#8220;07 \\u010cer\\u010dany&#8220;,&#8220;file&#8220;:[{&#8222;ID&#8220;:&#8220;20908&#8243;,&#8220;ResourceGUID&#8220;:&#8220;10d85cbc-e42e-45d5-bc60-001cc1dc596d&#8220;,&#8220;Name&#8220;:&#8220;1 &#8211; POS 07-09-25.pdf&#8220;,&#8220;FileNameGUID&#8220;:&#8220;c98358bd-68ee-406f-b637-85d8fb166a3f&#8220;,&#8220;Comment&#8220;:&#8220;&#8220;,&#8220;fileModel.Size&#8220;:&#8220;1084590&#8243;,&#8220;Create&#8220;:&#8220;17.12.2025 12:52:27&#8243;,&#8220;MimeType&#8220;:&#8220;application\\\/pdf&#8220;,&#8220;ZPSV_WEB&#8220;:&#8220;True&#8220;}]}],&#8220;tpd&#8220;:[{&#8222;DateCreate&#8220;:&#8220;03.12.2025 14:22:23&#8243;,&#8220;ID&#8220;:&#8220;4610&#8243;,&#8220;GUID&#8220;:&#8220;7bb2f1a7-55ef-4b7b-b0fc-21f34cc4964a&#8220;,&#8220;VYR_ID&#8220;:&#8220;728&#8243;,&#8220;VYR_Number&#8220;:&#8220;593691719500&#8243;,&#8220;VYR_ObchodniZnacka&#8220;:&#8220;VZX 500\\\/19&#8243;,&#8220;DocumentNumber&#8220;:&#8220;TP-06\\\/04&#8243;,&#8220;Title&#8220;:&#8220;Protihlukov\\u00e9 st\\u011bny pozemn\\u00edch komunikac\\u00ed&#8220;,&#8220;IssueNumber&#8220;:&#8220;11&#8243;,&#8220;file&#8220;:[]},{&#8222;DateCreate&#8220;:&#8220;27.05.2025 10:24:22&#8243;,&#8220;ID&#8220;:&#8220;4536&#8243;,&#8220;GUID&#8220;:&#8220;78bd4b97-6c38-42b8-adb5-b5186ebd0586&#8243;,&#8220;VYR_ID&#8220;:&#8220;728&#8243;,&#8220;VYR_Number&#8220;:&#8220;593691719500&#8243;,&#8220;VYR_ObchodniZnacka&#8220;:&#8220;VZX 500\\\/19&#8243;,&#8220;DocumentNumber&#8220;:&#8220;TP-06\\\/04 \\u017dPSV&#8220;,&#8220;Title&#8220;:&#8220;Protihlukov\\u00e9 st\\u011bny (S\\u017d)&#8220;,&#8220;IssueNumber&#8220;:&#8220;6&#8243;,&#8220;file&#8220;:[]}]}}<\/p>","protected":false},"excerpt":{"rendered":"<p>{&#8222;DateCreate&#8220;:&#8220;30.01.2008 10:24:53&#8243;,&#8220;ID&#8220;:&#8220;728&#8243;,&#8220;GUID&#8220;:&#8220;2ED82AFE5F289989C12573E00033B7BC&#8220;,&#8220;Nazev&#8220;:&#8220;Zak\\u00e1zkov\\u00e1 v\\u00fdroba \\u017eelezobetonov\\u00fdch sloup\\u016f PHS 2 &#8211; 4.1&#8243;,&#8220;Number&#8220;:&#8220;593691719500&#8243;,&#8220;ObchodniZnacka&#8220;:&#8220;VZX 500\\\/19&#8243;,&#8220;Zavods&#8220;:&#8220;07 [&hellip;]<\/p>","protected":false},"author":1,"featured_media":0,"parent":158460,"menu_order":0,"comment_status":"closed","ping_status":"closed","template":"layouts\/page-katalog.php","meta":[],"_links":{"self":[{"href":"https:\/\/www.zpsv.cz\/en\/wp-json\/wp\/v2\/pages\/423823"}],"collection":[{"href":"https:\/\/www.zpsv.cz\/en\/wp-json\/wp\/v2\/pages"}],"about":[{"href":"https:\/\/www.zpsv.cz\/en\/wp-json\/wp\/v2\/types\/page"}],"author":[{"embeddable":true,"href":"https:\/\/www.zpsv.cz\/en\/wp-json\/wp\/v2\/users\/1"}],"replies":[{"embeddable":true,"href":"https:\/\/www.zpsv.cz\/en\/wp-json\/wp\/v2\/comments?post=423823"}],"version-history":[{"count":0,"href":"https:\/\/www.zpsv.cz\/en\/wp-json\/wp\/v2\/pages\/423823\/revisions"}],"up":[{"embeddable":true,"href":"https:\/\/www.zpsv.cz\/en\/wp-json\/wp\/v2\/pages\/158460"}],"wp:attachment":[{"href":"https:\/\/www.zpsv.cz\/en\/wp-json\/wp\/v2\/media?parent=423823"}],"curies":[{"name":"wp","href":"https:\/\/api.w.org\/{rel}","templated":true}]}}