{"id":424007,"date":"2026-04-19T06:30:25","date_gmt":"2026-04-19T04:30:25","guid":{"rendered":"https:\/\/www.zpsv.cz\/kolejove-dopravni-stavby\/prvky-trakcniho-zabezpecovaciho-a-sdelovaciho-zarizeni\/zaklad-pod-zebriky-k-navestidlum\/"},"modified":"2026-04-19T06:30:25","modified_gmt":"2026-04-19T04:30:25","slug":"zaklad-pod-zebriky-k-navestidlum","status":"publish","type":"page","link":"https:\/\/www.zpsv.cz\/en\/kolejove-dopravni-stavby\/prvky-trakcniho-zabezpecovaciho-a-sdelovaciho-zarizeni\/zaklad-pod-zebriky-k-navestidlum\/","title":{"rendered":"Z\u00e1klad pod \u017eeb\u0159\u00edky k n\u00e1v\u011bstidl\u016fm"},"content":{"rendered":"<p>{&#8222;DateCreate&#8220;:&#8220;06.11.2002 14:46:29&#8243;,&#8220;ID&#8220;:&#8220;22&#8243;,&#8220;GUID&#8220;:&#8220;DCDB27AB6533A8FCC1256C69004BAAB5&#8243;,&#8220;Nazev&#8220;:&#8220;Z\\u00e1klad pod \\u017eeb\\u0159\\u00edky k n\\u00e1v\\u011bstidl\\u016fm&#8220;,&#8220;Number&#8220;:&#8220;592121040007&#8243;,&#8220;ObchodniZnacka&#8220;:&#8220;AZZ 7-40&#8243;,&#8220;Zavods&#8220;:&#8220;31 Doloplazy&#8220;,&#8220;VyrPopisCZ&#8220;:&#8220;&#8220;,&#8220;VyrPopisDE&#8220;:&#8220;&#8220;,&#8220;VyrPopisEN&#8220;:&#8220;&#8220;,&#8220;VyrUrceniAPouzitCZ&#8220;:&#8220;Je ur\\u010den pod \\u017eeb\\u0159\\u00edky \\u017eelezni\\u010dn\\u00edho zna\\u010dkov\\u00e1n\\u00ed \\u017eelezni\\u010dn\\u00edch trat\\u00ed. V prvku jsou zabetonov\\u00e1ny 2 kotevn\\u00ed \\u0161rouby M 16.&#8220;,&#8220;VyrUrceniAPouzitDE&#8220;:&#8220;&#8220;,&#8220;VyrUrceniAPouzitEN&#8220;:&#8220;For ladders of railway marking of CR. In the component there are concreted 2 anchor screws M 16.&#8220;,&#8220;VyrNazevCZ&#8220;:&#8220;Z\\u00e1klad pod \\u017eeb\\u0159\\u00edky k n\\u00e1v\\u011bstidl\\u016fm&#8220;,&#8220;VyrNazevDE&#8220;:&#8220;&#8220;,&#8220;VyrNazevEN&#8220;:&#8220;Foundation under ladders for signals&#8220;,&#8220;Beton&#8220;:&#8220;C 25\\\/30 &#8211; XF1&#8243;,&#8220;ObjemPrvku&#8220;:&#8220;0,0276&#8243;,&#8220;HmotnostPrvku&#8220;:&#8220;65&#8243;,&#8220;L&#8220;:&#8220;10&#8243;,&#8220;B&#8220;:&#8220;40&#8243;,&#8220;H&#8220;:&#8220;80&#8243;,&#8220;T&#8220;:&#8220;&#8220;,&#8220;D&#8220;:&#8220;&#8220;,&#8220;R&#8220;:&#8220;&#8220;,&#8220;L_2&#8243;:&#8220;&#8220;,&#8220;B_2&#8243;:&#8220;&#8220;,&#8220;H_2&#8243;:&#8220;&#8220;,&#8220;T_2&#8243;:&#8220;&#8220;,&#8220;D_2&#8243;:&#8220;&#8220;,&#8220;R_2&#8243;:&#8220;&#8220;,&#8220;L_1&#8243;:&#8220;&#8220;,&#8220;B_1&#8243;:&#8220;30&#8243;,&#8220;H_1&#8243;:&#8220;&#8220;,&#8220;T_1&#8243;:&#8220;&#8220;,&#8220;D_1&#8243;:&#8220;&#8220;,&#8220;R_1&#8243;:&#8220;&#8220;,&#8220;KategorieName&#8220;:&#8220;Energetika a spoje&#8220;,&#8220;PodkategorieName&#8220;:&#8220;Prvky trak\\u010dn\\u00edho, zabezpe\\u010dovac\\u00edho a sd\\u011blovac\\u00edho za\\u0159\\u00edzen\\u00ed&#8220;,&#8220;attachments&#8220;:{&#8222;designs&#8220;:[{&#8222;DateCreate&#8220;:&#8220;&#8220;,&#8220;ID&#8220;:&#8220;2302&#8243;,&#8220;GUID&#8220;:&#8220;6B0DA073999DAC3BC1256FA8003C2EF3&#8243;,&#8220;VYR_ID&#8220;:&#8220;22&#8243;,&#8220;VYR_Number&#8220;:&#8220;592121040007&#8243;,&#8220;VYR_ObchodniZnacka&#8220;:&#8220;AZZ 7-40&#8243;,&#8220;DocumentNumber&#8220;:&#8220;592121040007&#8243;,&#8220;Title&#8220;:&#8220;Z\\u00e1klad pod \\u017eeb\\u0159\\u00edky k n\\u00e1v\\u011bstidl\\u016fm&#8220;,&#8220;IssueNumber&#8220;:&#8220;1&#8243;,&#8220;ZPSV_R4_Vyk1_ZaLomitkem&#8220;:&#8220;\\\/1&#8243;,&#8220;file&#8220;:[]},{&#8222;DateCreate&#8220;:&#8220;&#8220;,&#8220;ID&#8220;:&#8220;2577&#8243;,&#8220;GUID&#8220;:&#8220;4A8ED4B939F952E0C1256FA8003C8C2C&#8220;,&#8220;VYR_ID&#8220;:&#8220;22&#8243;,&#8220;VYR_Number&#8220;:&#8220;592121040007&#8243;,&#8220;VYR_ObchodniZnacka&#8220;:&#8220;AZZ 7-40&#8243;,&#8220;DocumentNumber&#8220;:&#8220;592121040007&#8243;,&#8220;Title&#8220;:&#8220;Z\\u00e1klad pod \\u017eeb\\u0159\\u00edky k n\\u00e1v\\u011bstidl\\u016fm&#8220;,&#8220;IssueNumber&#8220;:&#8220;1&#8243;,&#8220;ZPSV_R4_Vyk1_ZaLomitkem&#8220;:&#8220;\\\/2&#8243;,&#8220;file&#8220;:[]}],&#8220;ps&#8220;:[{&#8222;DateCreate&#8220;:&#8220;24.09.2025 13:13:22&#8243;,&#8220;ID&#8220;:&#8220;417&#8243;,&#8220;GUID&#8220;:&#8220;1172aa97-a29f-4f5b-91c1-458d5ac52b53&#8243;,&#8220;VYR_ID&#8220;:&#8220;22&#8243;,&#8220;VYR_Number&#8220;:&#8220;592121040007&#8243;,&#8220;VYR_ObchodniZnacka&#8220;:&#8220;AZZ 7-40&#8243;,&#8220;Number&#8220;:&#8220;31-09\\\/25&#8243;,&#8220;Nazev&#8220;:&#8220;Betonov\\u00e9 a \\u017dB d\\u00edlce pro instalaci zabezpe\\u010dovac\\u00edho za\\u0159\\u00edzen\\u00ed nebo sd\\u011blovac\\u00edho veden\\u00ed v\\u010detn\\u011b nap\\u00e1jen\\u00ed&#8220;,&#8220;DatePlatnostDo&#8220;:&#8220;27.07.2026 0:00:00&#8243;,&#8220;ZavodName&#8220;:&#8220;31 Doloplazy&#8220;,&#8220;file&#8220;:[{&#8222;ID&#8220;:&#8220;19744&#8243;,&#8220;ResourceGUID&#8220;:&#8220;1172aa97-a29f-4f5b-91c1-458d5ac52b53&#8243;,&#8220;Name&#8220;:&#8220;1 &#8211; POS 31-09-25.pdf&#8220;,&#8220;FileNameGUID&#8220;:&#8220;52a3b07e-01d4-4ddb-b30c-39278f3859b2&#8243;,&#8220;Comment&#8220;:&#8220;&#8220;,&#8220;fileModel.Size&#8220;:&#8220;760122&#8243;,&#8220;Create&#8220;:&#8220;24.09.2025 13:14:19&#8243;,&#8220;MimeType&#8220;:&#8220;application\\\/pdf&#8220;,&#8220;ZPSV_WEB&#8220;:&#8220;True&#8220;}]}],&#8220;tpd&#8220;:[{&#8222;DateCreate&#8220;:&#8220;&#8220;,&#8220;ID&#8220;:&#8220;2154&#8243;,&#8220;GUID&#8220;:&#8220;dbb50094-5d80-44f7-a7fe-2092c75d291e&#8220;,&#8220;VYR_ID&#8220;:&#8220;22&#8243;,&#8220;VYR_Number&#8220;:&#8220;592121040007&#8243;,&#8220;VYR_ObchodniZnacka&#8220;:&#8220;AZZ 7-40&#8243;,&#8220;DocumentNumber&#8220;:&#8220;TP-07\\\/15&#8243;,&#8220;Title&#8220;:&#8220;D\\u00edlce pro instalaci zabezpe\\u010dovac\\u00edho za\\u0159\\u00edzen\\u00ed a pro sd\\u011blovac\\u00ed veden\\u00ed&#8220;,&#8220;IssueNumber&#8220;:&#8220;3&#8243;,&#8220;file&#8220;:[]}]}}<\/p>","protected":false},"excerpt":{"rendered":"<p>{&#8222;DateCreate&#8220;:&#8220;06.11.2002 14:46:29&#8243;,&#8220;ID&#8220;:&#8220;22&#8243;,&#8220;GUID&#8220;:&#8220;DCDB27AB6533A8FCC1256C69004BAAB5&#8243;,&#8220;Nazev&#8220;:&#8220;Z\\u00e1klad pod \\u017eeb\\u0159\\u00edky k n\\u00e1v\\u011bstidl\\u016fm&#8220;,&#8220;Number&#8220;:&#8220;592121040007&#8243;,&#8220;ObchodniZnacka&#8220;:&#8220;AZZ 7-40&#8243;,&#8220;Zavods&#8220;:&#8220;31 Doloplazy&#8220;,&#8220;VyrPopisCZ&#8220;:&#8220;&#8220;,&#8220;VyrPopisDE&#8220;:&#8220;&#8220;,&#8220;VyrPopisEN&#8220;:&#8220;&#8220;,&#8220;VyrUrceniAPouzitCZ&#8220;:&#8220;Je ur\\u010den pod [&hellip;]<\/p>","protected":false},"author":1,"featured_media":0,"parent":158310,"menu_order":0,"comment_status":"closed","ping_status":"closed","template":"layouts\/page-katalog.php","meta":[],"_links":{"self":[{"href":"https:\/\/www.zpsv.cz\/en\/wp-json\/wp\/v2\/pages\/424007"}],"collection":[{"href":"https:\/\/www.zpsv.cz\/en\/wp-json\/wp\/v2\/pages"}],"about":[{"href":"https:\/\/www.zpsv.cz\/en\/wp-json\/wp\/v2\/types\/page"}],"author":[{"embeddable":true,"href":"https:\/\/www.zpsv.cz\/en\/wp-json\/wp\/v2\/users\/1"}],"replies":[{"embeddable":true,"href":"https:\/\/www.zpsv.cz\/en\/wp-json\/wp\/v2\/comments?post=424007"}],"version-history":[{"count":0,"href":"https:\/\/www.zpsv.cz\/en\/wp-json\/wp\/v2\/pages\/424007\/revisions"}],"up":[{"embeddable":true,"href":"https:\/\/www.zpsv.cz\/en\/wp-json\/wp\/v2\/pages\/158310"}],"wp:attachment":[{"href":"https:\/\/www.zpsv.cz\/en\/wp-json\/wp\/v2\/media?parent=424007"}],"curies":[{"name":"wp","href":"https:\/\/api.w.org\/{rel}","templated":true}]}}