{"id":424008,"date":"2026-04-19T06:30:26","date_gmt":"2026-04-19T04:30:26","guid":{"rendered":"https:\/\/www.zpsv.cz\/inzenyrske-stavby\/prvky-pro-odvodneni\/prikopovy-zlab-ucb-1\/"},"modified":"2026-04-19T06:30:26","modified_gmt":"2026-04-19T04:30:26","slug":"prikopovy-zlab-ucb-1","status":"publish","type":"page","link":"https:\/\/www.zpsv.cz\/en\/inzenyrske-stavby\/prvky-pro-odvodneni\/prikopovy-zlab-ucb-1\/","title":{"rendered":"P\u0159\u00edkopov\u00fd \u017elab UCB 1"},"content":{"rendered":"<p>{&#8222;DateCreate&#8220;:&#8220;06.11.2002 14:46:38&#8243;,&#8220;ID&#8220;:&#8220;23&#8243;,&#8220;GUID&#8220;:&#8220;D80B1B59FB9D972AC1256C69004BAE66&#8243;,&#8220;Nazev&#8220;:&#8220;P\\u0159\\u00edkopov\\u00fd \\u017elab UCB 1&#8243;,&#8220;Number&#8220;:&#8220;592271719233&#8243;,&#8220;ObchodniZnacka&#8220;:&#8220;TZM 233-19&#8243;,&#8220;Zavods&#8220;:&#8220;61 Uhersk\\u00fd Ostroh&#8220;,&#8220;VyrPopisCZ&#8220;:&#8220;&#8220;,&#8220;VyrPopisDE&#8220;:&#8220;&#8220;,&#8220;VyrPopisEN&#8220;:&#8220;&#8220;,&#8220;VyrUrceniAPouzitCZ&#8220;:&#8220;Pro v\\u00fdstavbu odvod\\u0148ovac\\u00edch koryt u \\u017eelezni\\u010dn\\u00edch trat\\u00ed nebo ostatn\\u00edch komunikac\\u00ed. P\\u0159\\u00edkopov\\u00e9 \\u017elaby U a UCB maj\\u00ed tvar p\\u00edsmene U a p\\u0159\\u00edkopov\\u00e9 \\u017elaby UCH maj\\u00ed tvar hranat\\u00e9ho p\\u00edsmene J . \\u017dlaby maj\\u00ed ve spodn\\u00ed \\u010d\\u00e1sti 4 odvod\\u0148ovac\\u00ed otvory Js 100 mm se sp\\u00e1dem 5 % dovnit\\u0159. Na zakryt\\u00ed \\u017elab\\u016f jsou ur\\u010deny poklopy U-v, p\\u0159i\\u010dem\\u017e na jeden \\u017elab je pot\\u0159eba osmi poklop\\u016f. Manipulace je prov\\u00e1d\\u011bna pomoc\\u00ed p\\u0159epravn\\u00edch \\u00fachyt\\u016f s kulovou hlavou.&#8220;,&#8220;VyrUrceniAPouzitDE&#8220;:&#8220;&#8220;,&#8220;VyrUrceniAPouzitEN&#8220;:&#8220;For building cunette channels at railway tracks or other roads. The trench drains UCB are in form of letter U and the trench drains UCH are in form angular of letter J. The drains have 4 draining holes with nominal inside diameter 100 mm and gradient 5% inwards in lower part. For covering of drains there are intended the covers UC, whereas three covers or the covers UC-a are needed for one drain, whereas for one drain five covers are needed. The drains are made either with manipulation hooks or with clips DEHA.&#8220;,&#8220;VyrNazevCZ&#8220;:&#8220;P\\u0159\\u00edkopov\\u00fd \\u017elab UCB 1&#8243;,&#8220;VyrNazevDE&#8220;:&#8220;&#8220;,&#8220;VyrNazevEN&#8220;:&#8220;Trench drain UCB 1&#8243;,&#8220;Beton&#8220;:&#8220;C 30\\\/37-XF3&#8243;,&#8220;ObjemPrvku&#8220;:&#8220;1,7678&#8243;,&#8220;HmotnostPrvku&#8220;:&#8220;4355&#8243;,&#8220;L&#8220;:&#8220;249&#8243;,&#8220;B&#8220;:&#8220;87&#8243;,&#8220;H&#8220;:&#8220;145&#8243;,&#8220;T&#8220;:&#8220;&#8220;,&#8220;D&#8220;:&#8220;&#8220;,&#8220;R&#8220;:&#8220;&#8220;,&#8220;L_2&#8243;:&#8220;&#8220;,&#8220;B_2&#8243;:&#8220;20&#8243;,&#8220;H_2&#8243;:&#8220;&#8220;,&#8220;T_2&#8243;:&#8220;20&#8243;,&#8220;D_2&#8243;:&#8220;&#8220;,&#8220;R_2&#8243;:&#8220;&#8220;,&#8220;L_1&#8243;:&#8220;&#8220;,&#8220;B_1&#8243;:&#8220;40&#8243;,&#8220;H_1&#8243;:&#8220;&#8220;,&#8220;T_1&#8243;:&#8220;&#8220;,&#8220;D_1&#8243;:&#8220;&#8220;,&#8220;R_1&#8243;:&#8220;&#8220;,&#8220;KategorieName&#8220;:&#8220;Dopravn\\u00ed a in\\u017een\\u00fdrsk\\u00e9 stavby&#8220;,&#8220;PodkategorieName&#8220;:&#8220;Prvky pro odvodn\\u011bn\\u00ed&#8220;,&#8220;attachments&#8220;:{&#8222;designs&#8220;:[{&#8222;DateCreate&#8220;:&#8220;&#8220;,&#8220;ID&#8220;:&#8220;2774&#8243;,&#8220;GUID&#8220;:&#8220;62B7DBB454783E05C1257E5000459FBE&#8220;,&#8220;VYR_ID&#8220;:&#8220;23&#8243;,&#8220;VYR_Number&#8220;:&#8220;592271719233&#8243;,&#8220;VYR_ObchodniZnacka&#8220;:&#8220;TZM 233-19&#8243;,&#8220;DocumentNumber&#8220;:&#8220;592271719233&#8243;,&#8220;Title&#8220;:&#8220;P\\u0159\\u00edkopov\\u00fd \\u017elab UCB 1&#8243;,&#8220;IssueNumber&#8220;:&#8220;2&#8243;,&#8220;ZPSV_R4_Vyk1_ZaLomitkem&#8220;:&#8220;\\\/1-2&#8243;,&#8220;file&#8220;:[]},{&#8222;DateCreate&#8220;:&#8220;&#8220;,&#8220;ID&#8220;:&#8220;3575&#8243;,&#8220;GUID&#8220;:&#8220;022C8B540406760DC1257E5000475EC6&#8243;,&#8220;VYR_ID&#8220;:&#8220;23&#8243;,&#8220;VYR_Number&#8220;:&#8220;592271719233&#8243;,&#8220;VYR_ObchodniZnacka&#8220;:&#8220;TZM 233-19&#8243;,&#8220;DocumentNumber&#8220;:&#8220;592271719233&#8243;,&#8220;Title&#8220;:&#8220;P\\u0159\\u00edkopov\\u00fd \\u017elab UCB 1&#8243;,&#8220;IssueNumber&#8220;:&#8220;2&#8243;,&#8220;ZPSV_R4_Vyk1_ZaLomitkem&#8220;:&#8220;\\\/2-3&#8243;,&#8220;file&#8220;:[]},{&#8222;DateCreate&#8220;:&#8220;&#8220;,&#8220;ID&#8220;:&#8220;3594&#8243;,&#8220;GUID&#8220;:&#8220;442B31781E53DF9BC1257E500046FE92&#8243;,&#8220;VYR_ID&#8220;:&#8220;23&#8243;,&#8220;VYR_Number&#8220;:&#8220;592271719233&#8243;,&#8220;VYR_ObchodniZnacka&#8220;:&#8220;TZM 233-19&#8243;,&#8220;DocumentNumber&#8220;:&#8220;592271719233&#8243;,&#8220;Title&#8220;:&#8220;P\\u0159\\u00edkopov\\u00fd \\u017elab UCB 1&#8243;,&#8220;IssueNumber&#8220;:&#8220;2&#8243;,&#8220;ZPSV_R4_Vyk1_ZaLomitkem&#8220;:&#8220;\\\/2-4&#8243;,&#8220;file&#8220;:[]},{&#8222;DateCreate&#8220;:&#8220;&#8220;,&#8220;ID&#8220;:&#8220;2823&#8243;,&#8220;GUID&#8220;:&#8220;470166DB1CAB7C6EC1257E5000469953&#8243;,&#8220;VYR_ID&#8220;:&#8220;23&#8243;,&#8220;VYR_Number&#8220;:&#8220;592271719233&#8243;,&#8220;VYR_ObchodniZnacka&#8220;:&#8220;TZM 233-19&#8243;,&#8220;DocumentNumber&#8220;:&#8220;592271719233&#8243;,&#8220;Title&#8220;:&#8220;P\\u0159\\u00edkopov\\u00fd \\u017elab UCB 1&#8243;,&#8220;IssueNumber&#8220;:&#8220;3&#8243;,&#8220;ZPSV_R4_Vyk1_ZaLomitkem&#8220;:&#8220;\\\/2-1&#8243;,&#8220;file&#8220;:[]}],&#8220;pvl&#8220;:[{&#8222;DateCreate&#8220;:&#8220;20.08.2025 15:25:15&#8243;,&#8220;ID&#8220;:&#8220;407&#8243;,&#8220;GUID&#8220;:&#8220;fa4a00d5-0d7e-4c99-baa9-5f264d1393e5&#8243;,&#8220;VYR_ID&#8220;:&#8220;23&#8243;,&#8220;VYR_Number&#8220;:&#8220;592271719233&#8243;,&#8220;VYR_ObchodniZnacka&#8220;:&#8220;TZM 233-19&#8243;,&#8220;Number&#8220;:&#8220;07-15\\\/25&#8243;,&#8220;Nazev&#8220;:&#8220;Prvky op\\u011brn\\u00fdch st\\u011bn &#8211; p\\u0159\\u00edkopov\\u00e9 \\u017elaby U, J UCB, UCH s p\\u0159\\u00edslu\\u0161enstv\\u00edm&#8220;,&#8220;DatePlatnostDo&#8220;:&#8220;04.05.2026 0:00:00&#8243;,&#8220;ZavodName&#8220;:&#8220;07 \\u010cer\\u010dany&#8220;,&#8220;file&#8220;:[{&#8222;ID&#8220;:&#8220;19340&#8243;,&#8220;ResourceGUID&#8220;:&#8220;fa4a00d5-0d7e-4c99-baa9-5f264d1393e5&#8243;,&#8220;Name&#8220;:&#8220;1 &#8211; POV 07-15-25.pdf&#8220;,&#8220;FileNameGUID&#8220;:&#8220;f1c47947-0b52-4287-964c-950e0c08777a&#8220;,&#8220;Comment&#8220;:&#8220;&#8220;,&#8220;fileModel.Size&#8220;:&#8220;433292&#8243;,&#8220;Create&#8220;:&#8220;20.08.2025 15:26:05&#8243;,&#8220;MimeType&#8220;:&#8220;application\\\/pdf&#8220;,&#8220;ZPSV_WEB&#8220;:&#8220;True&#8220;}]},{&#8222;DateCreate&#8220;:&#8220;24.09.2025 14:42:49&#8243;,&#8220;ID&#8220;:&#8220;423&#8243;,&#8220;GUID&#8220;:&#8220;d7faeb27-5881-48a0-86c8-20143648f1f9&#8243;,&#8220;VYR_ID&#8220;:&#8220;23&#8243;,&#8220;VYR_Number&#8220;:&#8220;592271719233&#8243;,&#8220;VYR_ObchodniZnacka&#8220;:&#8220;TZM 233-19&#8243;,&#8220;Number&#8220;:&#8220;31-09\\\/25&#8243;,&#8220;Nazev&#8220;:&#8220;Prvky op\\u011brn\\u00fdch st\\u011bn &#8211; p\\u0159\\u00edkopov\\u00e9 \\u017elaby U, J UCB, UCH s p\\u0159\\u00edslu\\u0161enstv\\u00edm&#8220;,&#8220;DatePlatnostDo&#8220;:&#8220;27.07.2026 0:00:00&#8243;,&#8220;ZavodName&#8220;:&#8220;31 Doloplazy&#8220;,&#8220;file&#8220;:[{&#8222;ID&#8220;:&#8220;19788&#8243;,&#8220;ResourceGUID&#8220;:&#8220;d7faeb27-5881-48a0-86c8-20143648f1f9&#8243;,&#8220;Name&#8220;:&#8220;1 &#8211; POV 31-09-25.pdf&#8220;,&#8220;FileNameGUID&#8220;:&#8220;a8b30be6-1897-40bb-bf5b-19d5ac9a9cd4&#8243;,&#8220;Comment&#8220;:&#8220;&#8220;,&#8220;fileModel.Size&#8220;:&#8220;436983&#8243;,&#8220;Create&#8220;:&#8220;24.09.2025 14:43:29&#8243;,&#8220;MimeType&#8220;:&#8220;application\\\/pdf&#8220;,&#8220;ZPSV_WEB&#8220;:&#8220;True&#8220;}]},{&#8222;DateCreate&#8220;:&#8220;20.05.2025 12:36:11&#8243;,&#8220;ID&#8220;:&#8220;362&#8243;,&#8220;GUID&#8220;:&#8220;8fed7d59-d193-4113-9509-461d66d33366&#8243;,&#8220;VYR_ID&#8220;:&#8220;23&#8243;,&#8220;VYR_Number&#8220;:&#8220;592271719233&#8243;,&#8220;VYR_ObchodniZnacka&#8220;:&#8220;TZM 233-19&#8243;,&#8220;Number&#8220;:&#8220;41-11\\\/25&#8243;,&#8220;Nazev&#8220;:&#8220;Prvky op\\u011brn\\u00fdch st\\u011bn &#8211; p\\u0159\\u00edkopov\\u00e9 \\u017elaby U, J , UCB, UCH s p\\u0159\\u00edslu\\u0161enstv\\u00edm&#8220;,&#8220;DatePlatnostDo&#8220;:&#8220;27.04.2026 0:00:00&#8243;,&#8220;ZavodName&#8220;:&#8220;41 Litice&#8220;,&#8220;file&#8220;:[{&#8222;ID&#8220;:&#8220;16300&#8243;,&#8220;ResourceGUID&#8220;:&#8220;8fed7d59-d193-4113-9509-461d66d33366&#8243;,&#8220;Name&#8220;:&#8220;1 &#8211; POV 41-11-25.pdf&#8220;,&#8220;FileNameGUID&#8220;:&#8220;b659f463-3784-48e2-9a26-8287f83e77c7&#8243;,&#8220;Comment&#8220;:&#8220;&#8220;,&#8220;fileModel.Size&#8220;:&#8220;222834&#8243;,&#8220;Create&#8220;:&#8220;20.05.2025 12:36:53&#8243;,&#8220;MimeType&#8220;:&#8220;application\\\/pdf&#8220;,&#8220;ZPSV_WEB&#8220;:&#8220;True&#8220;}]},{&#8222;DateCreate&#8220;:&#8220;04.03.2024 16:02:24&#8243;,&#8220;ID&#8220;:&#8220;218&#8243;,&#8220;GUID&#8220;:&#8220;69ee6320-f944-4d6b-92a6-90b6c06d6cd1&#8243;,&#8220;VYR_ID&#8220;:&#8220;23&#8243;,&#8220;VYR_Number&#8220;:&#8220;592271719233&#8243;,&#8220;VYR_ObchodniZnacka&#8220;:&#8220;TZM 233-19&#8243;,&#8220;Number&#8220;:&#8220;61-09\\\/24&#8243;,&#8220;Nazev&#8220;:&#8220;Prvky op\\u011brn\\u00fdch st\\u011bn &#8211; p\\u0159\\u00edkopov\\u00e9 \\u017elaby U, J, UCB, UCH s p\\u0159\\u00edslu\\u0161enstv\\u00edm&#8220;,&#8220;DatePlatnostDo&#8220;:&#8220;19.02.2025 0:00:00&#8243;,&#8220;ZavodName&#8220;:&#8220;61 Uhersk\\u00fd Ostroh&#8220;,&#8220;file&#8220;:[{&#8222;ID&#8220;:&#8220;13924&#8243;,&#8220;ResourceGUID&#8220;:&#8220;69ee6320-f944-4d6b-92a6-90b6c06d6cd1&#8243;,&#8220;Name&#8220;:&#8220;1 &#8211; POV 61-09-24.pdf&#8220;,&#8220;FileNameGUID&#8220;:&#8220;f79b846d-3721-4ed2-816e-e6384496876f&#8220;,&#8220;Comment&#8220;:&#8220;&#8220;,&#8220;fileModel.Size&#8220;:&#8220;79092&#8243;,&#8220;Create&#8220;:&#8220;04.03.2024 16:04:02&#8243;,&#8220;MimeType&#8220;:&#8220;application\\\/pdf&#8220;,&#8220;ZPSV_WEB&#8220;:&#8220;True&#8220;}]}],&#8220;tpd&#8220;:[{&#8222;DateCreate&#8220;:&#8220;&#8220;,&#8220;ID&#8220;:&#8220;1565&#8243;,&#8220;GUID&#8220;:&#8220;7857DA0714FE60D4C1257F1700335DCC&#8220;,&#8220;VYR_ID&#8220;:&#8220;23&#8243;,&#8220;VYR_Number&#8220;:&#8220;592271719233&#8243;,&#8220;VYR_ObchodniZnacka&#8220;:&#8220;TZM 233-19&#8243;,&#8220;DocumentNumber&#8220;:&#8220;TP-12\\\/15&#8243;,&#8220;Title&#8220;:&#8220;P\\u0159\\u00edkopov\\u00e9 \\u017elaby a poklopy (S\\u017dDC)&#8220;,&#8220;IssueNumber&#8220;:&#8220;1&#8243;,&#8220;file&#8220;:[{&#8222;ID&#8220;:&#8220;3734&#8243;,&#8220;ResourceGUID&#8220;:&#8220;7857DA0714FE60D4C1257F1700335DCC&#8220;,&#8220;Name&#8220;:&#8220;TP-12_15 P\\u0159\\u00edkopov\\u00e9 \\u017elaby a poklopy (1-1).pdf&#8220;,&#8220;FileNameGUID&#8220;:&#8220;7857DA0714FE60D4C1257F1700335DCC_JNVHWY55&#8243;,&#8220;Comment&#8220;:&#8220;&#8220;,&#8220;fileModel.Size&#8220;:&#8220;630170&#8243;,&#8220;Create&#8220;:&#8220;17.08.2023 10:19:55&#8243;,&#8220;MimeType&#8220;:&#8220;application\\\/octet-stream&#8220;,&#8220;ZPSV_WEB&#8220;:&#8220;True&#8220;}]}]}}<\/p>","protected":false},"excerpt":{"rendered":"<p>{&#8222;DateCreate&#8220;:&#8220;06.11.2002 14:46:38&#8243;,&#8220;ID&#8220;:&#8220;23&#8243;,&#8220;GUID&#8220;:&#8220;D80B1B59FB9D972AC1256C69004BAE66&#8243;,&#8220;Nazev&#8220;:&#8220;P\\u0159\\u00edkopov\\u00fd \\u017elab UCB 1&#8243;,&#8220;Number&#8220;:&#8220;592271719233&#8243;,&#8220;ObchodniZnacka&#8220;:&#8220;TZM 233-19&#8243;,&#8220;Zavods&#8220;:&#8220;61 Uhersk\\u00fd Ostroh&#8220;,&#8220;VyrPopisCZ&#8220;:&#8220;&#8220;,&#8220;VyrPopisDE&#8220;:&#8220;&#8220;,&#8220;VyrPopisEN&#8220;:&#8220;&#8220;,&#8220;VyrUrceniAPouzitCZ&#8220;:&#8220;Pro v\\u00fdstavbu odvod\\u0148ovac\\u00edch [&hellip;]<\/p>","protected":false},"author":1,"featured_media":0,"parent":158323,"menu_order":0,"comment_status":"closed","ping_status":"closed","template":"layouts\/page-katalog.php","meta":[],"_links":{"self":[{"href":"https:\/\/www.zpsv.cz\/en\/wp-json\/wp\/v2\/pages\/424008"}],"collection":[{"href":"https:\/\/www.zpsv.cz\/en\/wp-json\/wp\/v2\/pages"}],"about":[{"href":"https:\/\/www.zpsv.cz\/en\/wp-json\/wp\/v2\/types\/page"}],"author":[{"embeddable":true,"href":"https:\/\/www.zpsv.cz\/en\/wp-json\/wp\/v2\/users\/1"}],"replies":[{"embeddable":true,"href":"https:\/\/www.zpsv.cz\/en\/wp-json\/wp\/v2\/comments?post=424008"}],"version-history":[{"count":0,"href":"https:\/\/www.zpsv.cz\/en\/wp-json\/wp\/v2\/pages\/424008\/revisions"}],"up":[{"embeddable":true,"href":"https:\/\/www.zpsv.cz\/en\/wp-json\/wp\/v2\/pages\/158323"}],"wp:attachment":[{"href":"https:\/\/www.zpsv.cz\/en\/wp-json\/wp\/v2\/media?parent=424008"}],"curies":[{"name":"wp","href":"https:\/\/api.w.org\/{rel}","templated":true}]}}