{"id":424095,"date":"2026-04-19T06:31:19","date_gmt":"2026-04-19T04:31:19","guid":{"rendered":"https:\/\/www.zpsv.cz\/inzenyrske-stavby\/prvky-pro-odvodneni\/prikopova-tvarnice-tzz-4a\/"},"modified":"2026-04-19T06:31:19","modified_gmt":"2026-04-19T04:31:19","slug":"prikopova-tvarnice-tzz-4a","status":"publish","type":"page","link":"https:\/\/www.zpsv.cz\/en\/inzenyrske-stavby\/prvky-pro-odvodneni\/prikopova-tvarnice-tzz-4a\/","title":{"rendered":"P\u0159\u00edkopov\u00e1 tv\u00e1rnice TZZ 4a"},"content":{"rendered":"<p>{&#8222;DateCreate&#8220;:&#8220;06.11.2002 14:46:38&#8243;,&#8220;ID&#8220;:&#8220;257&#8243;,&#8220;GUID&#8220;:&#8220;2786A427109F10E4C1256C69004BAE97&#8243;,&#8220;Nazev&#8220;:&#8220;P\\u0159\\u00edkopov\\u00e1 tv\\u00e1rnice TZZ 4a&#8220;,&#8220;Number&#8220;:&#8220;592279719113&#8243;,&#8220;ObchodniZnacka&#8220;:&#8220;TBM 113-19&#8243;,&#8220;Zavods&#8220;:&#8220;31 Doloplazy&#8220;,&#8220;VyrPopisCZ&#8220;:&#8220;&#8220;,&#8220;VyrPopisDE&#8220;:&#8220;&#8220;,&#8220;VyrPopisEN&#8220;:&#8220;&#8220;,&#8220;VyrUrceniAPouzitCZ&#8220;:&#8220;Pro stavbu p\\u0159\\u00edkop\\u016f a koryt pro odvod povrchov\\u00fdch vod u pozemn\\u00edch komunikac\\u00ed, \\u017eelezni\\u010dn\\u00edch trat\\u00ed atd. Po\\u010det kus\\u016f na palet\\u011b 21 ks. &#8222;,&#8220;VyrUrceniAPouzitDE&#8220;:&#8220;&#8220;,&#8220;VyrUrceniAPouzitEN&#8220;:&#8220;For building of trenches and channels for rain-water diversion on roads, tracks of CR etc.&#8220;,&#8220;VyrNazevCZ&#8220;:&#8220;P\\u0159\\u00edkopov\\u00e1 tv\\u00e1rnice TZZ 4a&#8220;,&#8220;VyrNazevDE&#8220;:&#8220;&#8220;,&#8220;VyrNazevEN&#8220;:&#8220;Trench building block TZZ 4a&#8220;,&#8220;Beton&#8220;:&#8220;C 30\\\/37-XF4&#8243;,&#8220;ObjemPrvku&#8220;:&#8220;0,0185&#8243;,&#8220;HmotnostPrvku&#8220;:&#8220;44&#8243;,&#8220;L&#8220;:&#8220;30&#8243;,&#8220;B&#8220;:&#8220;65&#8243;,&#8220;H&#8220;:&#8220;24,5&#8243;,&#8220;T&#8220;:&#8220;8&#8243;,&#8220;D&#8220;:&#8220;&#8220;,&#8220;R&#8220;:&#8220;&#8220;,&#8220;L_2&#8243;:&#8220;&#8220;,&#8220;B_2&#8243;:&#8220;&#8220;,&#8220;H_2&#8243;:&#8220;&#8220;,&#8220;T_2&#8243;:&#8220;&#8220;,&#8220;D_2&#8243;:&#8220;&#8220;,&#8220;R_2&#8243;:&#8220;&#8220;,&#8220;L_1&#8243;:&#8220;&#8220;,&#8220;B_1&#8243;:&#8220;36,2&#8243;,&#8220;H_1&#8243;:&#8220;8&#8243;,&#8220;T_1&#8243;:&#8220;&#8220;,&#8220;D_1&#8243;:&#8220;&#8220;,&#8220;R_1&#8243;:&#8220;&#8220;,&#8220;KategorieName&#8220;:&#8220;Dopravn\\u00ed a in\\u017een\\u00fdrsk\\u00e9 stavby&#8220;,&#8220;PodkategorieName&#8220;:&#8220;Prvky pro odvodn\\u011bn\\u00ed&#8220;,&#8220;attachments&#8220;:{&#8222;designs&#8220;:[{&#8222;DateCreate&#8220;:&#8220;&#8220;,&#8220;ID&#8220;:&#8220;3193&#8243;,&#8220;GUID&#8220;:&#8220;2AA1B24E46AF2697C1257309003433BE&#8220;,&#8220;VYR_ID&#8220;:&#8220;257&#8243;,&#8220;VYR_Number&#8220;:&#8220;592279719113&#8243;,&#8220;VYR_ObchodniZnacka&#8220;:&#8220;TBM 113-19&#8243;,&#8220;DocumentNumber&#8220;:&#8220;592279719113&#8243;,&#8220;Title&#8220;:&#8220;P\\u0159\\u00edkopov\\u00e1 tv\\u00e1rnice TZZ 4a&#8220;,&#8220;IssueNumber&#8220;:&#8220;1&#8243;,&#8220;ZPSV_R4_Vyk1_ZaLomitkem&#8220;:&#8220;\\\/1a&#8220;,&#8220;file&#8220;:[]}],&#8220;ps&#8220;:[{&#8222;DateCreate&#8220;:&#8220;18.04.2024 10:54:24&#8243;,&#8220;ID&#8220;:&#8220;228&#8243;,&#8220;GUID&#8220;:&#8220;01d46049-ae09-4b44-8eb3-ea724177945a&#8220;,&#8220;VYR_ID&#8220;:&#8220;257&#8243;,&#8220;VYR_Number&#8220;:&#8220;592279719113&#8243;,&#8220;VYR_ObchodniZnacka&#8220;:&#8220;TBM 113-19&#8243;,&#8220;Number&#8220;:&#8220;31-08\\\/24&#8243;,&#8220;Nazev&#8220;:&#8220;P\\u0159\\u00edkopov\\u00e9 tv\\u00e1rnice TZZ, meliora\\u010dn\\u00ed \\u017el\\u00e1bek&#8220;,&#8220;DatePlatnostDo&#8220;:&#8220;28.02.2027 0:00:00&#8243;,&#8220;ZavodName&#8220;:&#8220;31 Doloplazy&#8220;,&#8220;file&#8220;:[{&#8222;ID&#8220;:&#8220;15958&#8243;,&#8220;ResourceGUID&#8220;:&#8220;01d46049-ae09-4b44-8eb3-ea724177945a&#8220;,&#8220;Name&#8220;:&#8220;1 &#8211; POS 31-08-24.pdf&#8220;,&#8220;FileNameGUID&#8220;:&#8220;1479e9e5-e97f-42f4-90ec-9acaf166c7c0&#8243;,&#8220;Comment&#8220;:&#8220;&#8220;,&#8220;fileModel.Size&#8220;:&#8220;190596&#8243;,&#8220;Create&#8220;:&#8220;24.03.2025 8:57:19&#8243;,&#8220;MimeType&#8220;:&#8220;application\\\/pdf&#8220;,&#8220;ZPSV_WEB&#8220;:&#8220;True&#8220;}]}],&#8220;tpd&#8220;:[{&#8222;DateCreate&#8220;:&#8220;29.10.2024 10:25:30&#8243;,&#8220;ID&#8220;:&#8220;4424&#8243;,&#8220;GUID&#8220;:&#8220;77e15c6d-4793-4827-916b-7eccab85e079&#8243;,&#8220;VYR_ID&#8220;:&#8220;257&#8243;,&#8220;VYR_Number&#8220;:&#8220;592279719113&#8243;,&#8220;VYR_ObchodniZnacka&#8220;:&#8220;TBM 113-19&#8243;,&#8220;DocumentNumber&#8220;:&#8220;TP-01\\\/24&#8243;,&#8220;Title&#8220;:&#8220;Prvky pro odvodn\\u011bn\\u00ed&#8220;,&#8220;IssueNumber&#8220;:&#8220;1&#8243;,&#8220;file&#8220;:[{&#8222;ID&#8220;:&#8220;15216&#8243;,&#8220;ResourceGUID&#8220;:&#8220;77e15c6d-4793-4827-916b-7eccab85e079&#8243;,&#8220;Name&#8220;:&#8220;TPD_01_2024_Prvky pro odvodn\\u011bn\\u00ed_final.pdf&#8220;,&#8220;FileNameGUID&#8220;:&#8220;66769769-c212-458f-9473-e79dd45ff224&#8243;,&#8220;Comment&#8220;:&#8220;&#8220;,&#8220;fileModel.Size&#8220;:&#8220;1442770&#8243;,&#8220;Create&#8220;:&#8220;29.10.2024 10:25:31&#8243;,&#8220;MimeType&#8220;:&#8220;application\\\/pdf&#8220;,&#8220;ZPSV_WEB&#8220;:&#8220;True&#8220;}]},{&#8222;DateCreate&#8220;:&#8220;&#8220;,&#8220;ID&#8220;:&#8220;1568&#8243;,&#8220;GUID&#8220;:&#8220;47A9F2F7CE140552C1257FBD0041F929&#8243;,&#8220;VYR_ID&#8220;:&#8220;257&#8243;,&#8220;VYR_Number&#8220;:&#8220;592279719113&#8243;,&#8220;VYR_ObchodniZnacka&#8220;:&#8220;TBM 113-19&#8243;,&#8220;DocumentNumber&#8220;:&#8220;TP-06\\\/16&#8243;,&#8220;Title&#8220;:&#8220;Prvky pro odvodn\\u011bn\\u00ed (\\u017dSR)&#8220;,&#8220;IssueNumber&#8220;:&#8220;1&#8243;,&#8220;file&#8220;:[{&#8222;ID&#8220;:&#8220;3680&#8243;,&#8220;ResourceGUID&#8220;:&#8220;47A9F2F7CE140552C1257FBD0041F929&#8243;,&#8220;Name&#8220;:&#8220;TP-06_16 Prvky pro odvodn\\u011bn\\u00ed (1-1).pdf&#8220;,&#8220;FileNameGUID&#8220;:&#8220;47A9F2F7CE140552C1257FBD0041F929_K4OTLV1J&#8220;,&#8220;Comment&#8220;:&#8220;&#8220;,&#8220;fileModel.Size&#8220;:&#8220;1320697&#8243;,&#8220;Create&#8220;:&#8220;17.08.2023 10:19:55&#8243;,&#8220;MimeType&#8220;:&#8220;application\\\/octet-stream&#8220;,&#8220;ZPSV_WEB&#8220;:&#8220;True&#8220;}]},{&#8222;DateCreate&#8220;:&#8220;&#8220;,&#8220;ID&#8220;:&#8220;1519&#8243;,&#8220;GUID&#8220;:&#8220;AB977C6F1F1FC316C1257C94002E50AB&#8220;,&#8220;VYR_ID&#8220;:&#8220;257&#8243;,&#8220;VYR_Number&#8220;:&#8220;592279719113&#8243;,&#8220;VYR_ObchodniZnacka&#8220;:&#8220;TBM 113-19&#8243;,&#8220;DocumentNumber&#8220;:&#8220;TP-592-279-05\\\/98-S\\u017d*&#8220;,&#8220;Title&#8220;:&#8220;Meliora\\u010dn\\u00ed \\u017el\\u00e1bky,  p\\u0159\\u00edkopov\\u00e9 a odvod\\u0148ovac\\u00ed tv\\u00e1rnice &#8211; S\\u017dDC&#8220;,&#8220;IssueNumber&#8220;:&#8220;4&#8243;,&#8220;file&#8220;:[]}]}}<\/p>","protected":false},"excerpt":{"rendered":"<p>{&#8222;DateCreate&#8220;:&#8220;06.11.2002 14:46:38&#8243;,&#8220;ID&#8220;:&#8220;257&#8243;,&#8220;GUID&#8220;:&#8220;2786A427109F10E4C1256C69004BAE97&#8243;,&#8220;Nazev&#8220;:&#8220;P\\u0159\\u00edkopov\\u00e1 tv\\u00e1rnice TZZ 4a&#8220;,&#8220;Number&#8220;:&#8220;592279719113&#8243;,&#8220;ObchodniZnacka&#8220;:&#8220;TBM 113-19&#8243;,&#8220;Zavods&#8220;:&#8220;31 Doloplazy&#8220;,&#8220;VyrPopisCZ&#8220;:&#8220;&#8220;,&#8220;VyrPopisDE&#8220;:&#8220;&#8220;,&#8220;VyrPopisEN&#8220;:&#8220;&#8220;,&#8220;VyrUrceniAPouzitCZ&#8220;:&#8220;Pro stavbu p\\u0159\\u00edkop\\u016f a [&hellip;]<\/p>","protected":false},"author":1,"featured_media":0,"parent":158323,"menu_order":0,"comment_status":"closed","ping_status":"closed","template":"layouts\/page-katalog.php","meta":[],"_links":{"self":[{"href":"https:\/\/www.zpsv.cz\/en\/wp-json\/wp\/v2\/pages\/424095"}],"collection":[{"href":"https:\/\/www.zpsv.cz\/en\/wp-json\/wp\/v2\/pages"}],"about":[{"href":"https:\/\/www.zpsv.cz\/en\/wp-json\/wp\/v2\/types\/page"}],"author":[{"embeddable":true,"href":"https:\/\/www.zpsv.cz\/en\/wp-json\/wp\/v2\/users\/1"}],"replies":[{"embeddable":true,"href":"https:\/\/www.zpsv.cz\/en\/wp-json\/wp\/v2\/comments?post=424095"}],"version-history":[{"count":0,"href":"https:\/\/www.zpsv.cz\/en\/wp-json\/wp\/v2\/pages\/424095\/revisions"}],"up":[{"embeddable":true,"href":"https:\/\/www.zpsv.cz\/en\/wp-json\/wp\/v2\/pages\/158323"}],"wp:attachment":[{"href":"https:\/\/www.zpsv.cz\/en\/wp-json\/wp\/v2\/media?parent=424095"}],"curies":[{"name":"wp","href":"https:\/\/api.w.org\/{rel}","templated":true}]}}