{"id":424136,"date":"2026-04-19T06:31:45","date_gmt":"2026-04-19T04:31:45","guid":{"rendered":"https:\/\/www.zpsv.cz\/inzenyrske-stavby\/prvky-opernych-sten\/prvek-rimsove-zidky-1-pravy-levy\/"},"modified":"2026-04-19T06:31:45","modified_gmt":"2026-04-19T04:31:45","slug":"prvek-rimsove-zidky-1-pravy-levy","status":"publish","type":"page","link":"https:\/\/www.zpsv.cz\/en\/inzenyrske-stavby\/prvky-opernych-sten\/prvek-rimsove-zidky-1-pravy-levy\/","title":{"rendered":"Prvek \u0159\u00edmsov\u00e9 z\u00eddky 1 &#8211; prav\u00fd; lev\u00fd"},"content":{"rendered":"<p>{&#8222;DateCreate&#8220;:&#8220;06.11.2002 14:47:03&#8243;,&#8220;ID&#8220;:&#8220;406&#8243;,&#8220;GUID&#8220;:&#8220;18D82E5D2728DAA6C1256C69004BB81C&#8220;,&#8220;Nazev&#8220;:&#8220;Prvek \\u0159\\u00edmsov\\u00e9 z\\u00eddky 1 &#8211; prav\\u00fd; lev\\u00fd&#8220;,&#8220;Number&#8220;:&#8220;593841719062&#8243;,&#8220;ObchodniZnacka&#8220;:&#8220;IZT 62\\\/19&#8243;,&#8220;Zavods&#8220;:&#8220;07 \\u010cer\\u010dany&#8220;,&#8220;VyrPopisCZ&#8220;:&#8220;&#8220;,&#8220;VyrPopisDE&#8220;:&#8220;&#8220;,&#8220;VyrPopisEN&#8220;:&#8220;&#8220;,&#8220;VyrUrceniAPouzitCZ&#8220;:&#8220;VYOBRAZEN PRAV\\u00dd. V\\u00fdrobky jsou ur\\u010deny pro vytv\\u00e1\\u0159en\\u00ed prefabrikovan\\u00e9 \\u0159\\u00edmsov\\u00e9 z\\u00eddky p\\u0159ed a za mostem, jak v oblouku, tak p\\u0159\\u00edm\\u00e9 trati. Jsou vyr\\u00e1b\\u011bny lev\\u00e9 a prav\\u00e9. Prvky \\u0159\\u00edmsov\\u00e9 z\\u00eddky 1,2 jsou opat\\u0159eny sp\\u00e1dovanou st\\u0159\\u00ed\\u0161kou. V\\u00fdrobky jsou navr\\u017eeny pro zat\\u00ed\\u017een\\u00ed vlastn\\u00ed vahou prvk\\u016f, v\\u00fdpl\\u0148ov\\u00e9 zeminy a pro zat\\u00ed\\u017een\\u00ed zat\\u011b\\u017eovac\\u00edm vlakem \\u010cSD T, jeho\\u017e normov\\u00e9 zat\\u00ed\\u017een\\u00ed je d\\u00e1no sestavou n\\u00e1pravov\\u00fdch sil 4 x 312,5 kN a rovnom\\u011brn\\u00fdm zat\\u00ed\\u017een\\u00edm 100 kN\\\/m.&#8220;,&#8220;VyrUrceniAPouzitDE&#8220;:&#8220;&#8220;,&#8220;VyrUrceniAPouzitEN&#8220;:&#8220;The products are intended for forming of a precast concrete moulding wall in front of and behind the bridge both in curve and in straight line. They are made in a left and right version. The elements of the moulding wall 1, 2 are equipped with a splayed coping. The products are designed for dead load of elements, filling earth and for load by the load train \\u010cSD T, the standard load of which is given by a set of axle forces 4 x 312.5 kN and by the uniform load 100 kNm-1.&#8220;,&#8220;VyrNazevCZ&#8220;:&#8220;Prvek \\u0159\\u00edmsov\\u00e9 z\\u00eddky 1 &#8211; prav\\u00fd; lev\\u00fd&#8220;,&#8220;VyrNazevDE&#8220;:&#8220;&#8220;,&#8220;VyrNazevEN&#8220;:&#8220;Element of moulding wall 1 &#8211; right, left&#8220;,&#8220;Beton&#8220;:&#8220;C 30\\\/37-XF4&#8243;,&#8220;ObjemPrvku&#8220;:&#8220;1,2555&#8243;,&#8220;HmotnostPrvku&#8220;:&#8220;3150&#8243;,&#8220;L&#8220;:&#8220;296&#8243;,&#8220;B&#8220;:&#8220;149&#8243;,&#8220;H&#8220;:&#8220;119&#8243;,&#8220;T&#8220;:&#8220;&#8220;,&#8220;D&#8220;:&#8220;&#8220;,&#8220;R&#8220;:&#8220;&#8220;,&#8220;L_2&#8243;:&#8220;&#8220;,&#8220;B_2&#8243;:&#8220;&#8220;,&#8220;H_2&#8243;:&#8220;&#8220;,&#8220;T_2&#8243;:&#8220;18&#8243;,&#8220;D_2&#8243;:&#8220;&#8220;,&#8220;R_2&#8243;:&#8220;&#8220;,&#8220;L_1&#8243;:&#8220;&#8220;,&#8220;B_1&#8243;:&#8220;&#8220;,&#8220;H_1&#8243;:&#8220;83,5&#8243;,&#8220;T_1&#8243;:&#8220;&#8220;,&#8220;D_1&#8243;:&#8220;&#8220;,&#8220;R_1&#8243;:&#8220;&#8220;,&#8220;KategorieName&#8220;:&#8220;Dopravn\\u00ed a in\\u017een\\u00fdrsk\\u00e9 stavby&#8220;,&#8220;PodkategorieName&#8220;:&#8220;Prvky op\\u011brn\\u00fdch st\\u011bn&#8220;,&#8220;attachments&#8220;:{&#8222;designs&#8220;:[{&#8222;DateCreate&#8220;:&#8220;&#8220;,&#8220;ID&#8220;:&#8220;3043&#8243;,&#8220;GUID&#8220;:&#8220;65B716DFAC283702C1257DDC0023D122&#8243;,&#8220;VYR_ID&#8220;:&#8220;406&#8243;,&#8220;VYR_Number&#8220;:&#8220;593841719062&#8243;,&#8220;VYR_ObchodniZnacka&#8220;:&#8220;IZT 62\\\/19&#8243;,&#8220;DocumentNumber&#8220;:&#8220;593841719062&#8243;,&#8220;Title&#8220;:&#8220;Prvek \\u0159\\u00edmsov\\u00e9 z\\u00eddky 1 prav\\u00fd, lev\\u00fd&#8220;,&#8220;IssueNumber&#8220;:&#8220;1&#8243;,&#8220;ZPSV_R4_Vyk1_ZaLomitkem&#8220;:&#8220;\\\/1-3&#8243;,&#8220;file&#8220;:[]},{&#8222;DateCreate&#8220;:&#8220;&#8220;,&#8220;ID&#8220;:&#8220;2672&#8243;,&#8220;GUID&#8220;:&#8220;48DBADD963B7FE24C12572DD00324AA9&#8243;,&#8220;VYR_ID&#8220;:&#8220;406&#8243;,&#8220;VYR_Number&#8220;:&#8220;593841719062&#8243;,&#8220;VYR_ObchodniZnacka&#8220;:&#8220;IZT 62\\\/19&#8243;,&#8220;DocumentNumber&#8220;:&#8220;593841719062&#8243;,&#8220;Title&#8220;:&#8220;Prvek \\u0159\\u00edmsov\\u00e9 z\\u00eddky 1 &#8211; prav\\u00fd, lev\\u00fd&#8220;,&#8220;IssueNumber&#8220;:&#8220;2&#8243;,&#8220;ZPSV_R4_Vyk1_ZaLomitkem&#8220;:&#8220;\\\/1&#8243;,&#8220;file&#8220;:[]},{&#8222;DateCreate&#8220;:&#8220;&#8220;,&#8220;ID&#8220;:&#8220;2997&#8243;,&#8220;GUID&#8220;:&#8220;E1EAD6BC43F6A861C1257D490029F87A&#8220;,&#8220;VYR_ID&#8220;:&#8220;406&#8243;,&#8220;VYR_Number&#8220;:&#8220;593841719062&#8243;,&#8220;VYR_ObchodniZnacka&#8220;:&#8220;IZT 62\\\/19&#8243;,&#8220;DocumentNumber&#8220;:&#8220;593841719062&#8243;,&#8220;Title&#8220;:&#8220;Prvek \\u0159\\u00edmsov\\u00e9 z\\u00eddky 1 &#8211; prav\\u00fd&#8220;,&#8220;IssueNumber&#8220;:&#8220;1&#8243;,&#8220;ZPSV_R4_Vyk1_ZaLomitkem&#8220;:&#8220;\\\/2&#8243;,&#8220;file&#8220;:[]}],&#8220;pvl&#8220;:[{&#8222;DateCreate&#8220;:&#8220;20.08.2025 15:20:41&#8243;,&#8220;ID&#8220;:&#8220;405&#8243;,&#8220;GUID&#8220;:&#8220;ee93f559-c5bd-40d7-856a-20f22da2da5e&#8220;,&#8220;VYR_ID&#8220;:&#8220;406&#8243;,&#8220;VYR_Number&#8220;:&#8220;593841719062&#8243;,&#8220;VYR_ObchodniZnacka&#8220;:&#8220;IZT 62\\\/19&#8243;,&#8220;Number&#8220;:&#8220;07-13\\\/25&#8243;,&#8220;Nazev&#8220;:&#8220;Prvky op\\u011brn\\u00fdch st\\u011bn &#8211; krabicov\\u00e9 d\\u00edly op\\u011brn\\u00fdch zd\\u00ed U a U1; prvky z\\u00e1rubn\\u00edch zd\\u00ed PU; prvky \\u0159\\u00edmskov\\u00e9 z\\u00eddky&#8220;,&#8220;DatePlatnostDo&#8220;:&#8220;04.05.2026 0:00:00&#8243;,&#8220;ZavodName&#8220;:&#8220;07 \\u010cer\\u010dany&#8220;,&#8220;file&#8220;:[{&#8222;ID&#8220;:&#8220;19326&#8243;,&#8220;ResourceGUID&#8220;:&#8220;ee93f559-c5bd-40d7-856a-20f22da2da5e&#8220;,&#8220;Name&#8220;:&#8220;1 &#8211; POV 07-13-25.pdf&#8220;,&#8220;FileNameGUID&#8220;:&#8220;f6884488-1a42-4108-8f51-782f0a095e1b&#8220;,&#8220;Comment&#8220;:&#8220;&#8220;,&#8220;fileModel.Size&#8220;:&#8220;443111&#8243;,&#8220;Create&#8220;:&#8220;20.08.2025 15:21:35&#8243;,&#8220;MimeType&#8220;:&#8220;application\\\/pdf&#8220;,&#8220;ZPSV_WEB&#8220;:&#8220;True&#8220;}]},{&#8222;DateCreate&#8220;:&#8220;20.05.2025 12:39:03&#8243;,&#8220;ID&#8220;:&#8220;364&#8243;,&#8220;GUID&#8220;:&#8220;aab21186-bf7f-436a-b360-b372b8ebdf82&#8243;,&#8220;VYR_ID&#8220;:&#8220;406&#8243;,&#8220;VYR_Number&#8220;:&#8220;593841719062&#8243;,&#8220;VYR_ObchodniZnacka&#8220;:&#8220;IZT 62\\\/19&#8243;,&#8220;Number&#8220;:&#8220;41-13\\\/25&#8243;,&#8220;Nazev&#8220;:&#8220;Prvky op\\u011brn\\u00fdch st\\u011bn &#8211; krabicov\\u00e9 d\\u00edly op\\u011brn\\u00fdch zd\\u00ed, prvky z\\u00e1rubn\\u00edch zd\\u00ed PU a prvky \\u0159\\u00edmsov\\u00e9 z\\u00eddky&#8220;,&#8220;DatePlatnostDo&#8220;:&#8220;27.04.2026 0:00:00&#8243;,&#8220;ZavodName&#8220;:&#8220;41 Litice&#8220;,&#8220;file&#8220;:[{&#8222;ID&#8220;:&#8220;16314&#8243;,&#8220;ResourceGUID&#8220;:&#8220;aab21186-bf7f-436a-b360-b372b8ebdf82&#8243;,&#8220;Name&#8220;:&#8220;1 &#8211; POV 41-13-25.pdf&#8220;,&#8220;FileNameGUID&#8220;:&#8220;d9b179d8-2489-4ecd-9148-70718181918e&#8220;,&#8220;Comment&#8220;:&#8220;&#8220;,&#8220;fileModel.Size&#8220;:&#8220;223169&#8243;,&#8220;Create&#8220;:&#8220;20.05.2025 12:39:45&#8243;,&#8220;MimeType&#8220;:&#8220;application\\\/pdf&#8220;,&#8220;ZPSV_WEB&#8220;:&#8220;True&#8220;}]},{&#8222;DateCreate&#8220;:&#8220;04.03.2024 16:00:38&#8243;,&#8220;ID&#8220;:&#8220;217&#8243;,&#8220;GUID&#8220;:&#8220;f2657b56-228d-4df2-82d5-9cd5cdbc2215&#8243;,&#8220;VYR_ID&#8220;:&#8220;406&#8243;,&#8220;VYR_Number&#8220;:&#8220;593841719062&#8243;,&#8220;VYR_ObchodniZnacka&#8220;:&#8220;IZT 62\\\/19&#8243;,&#8220;Number&#8220;:&#8220;61-08\\\/24&#8243;,&#8220;Nazev&#8220;:&#8220;Prvky op\\u011brn\\u00fdch st\\u011bn &#8211; krabicov\\u00e9 d\\u00edly op\\u011brn\\u00fdch zd\\u00ed U, U1; prvky z\\u00e1rubn\\u00edch zd\\u00ed PU; prvky \\u0159\\u00edmsov\\u00e9 z\\u00eddky&#8220;,&#8220;DatePlatnostDo&#8220;:&#8220;19.02.2025 0:00:00&#8243;,&#8220;ZavodName&#8220;:&#8220;61 Uhersk\\u00fd Ostroh&#8220;,&#8220;file&#8220;:[{&#8222;ID&#8220;:&#8220;13917&#8243;,&#8220;ResourceGUID&#8220;:&#8220;f2657b56-228d-4df2-82d5-9cd5cdbc2215&#8243;,&#8220;Name&#8220;:&#8220;1 &#8211; POV 61-08-24.pdf&#8220;,&#8220;FileNameGUID&#8220;:&#8220;6008222a-b806-4e27-baec-783c14eee83b&#8220;,&#8220;Comment&#8220;:&#8220;&#8220;,&#8220;fileModel.Size&#8220;:&#8220;80287&#8243;,&#8220;Create&#8220;:&#8220;04.03.2024 16:01:39&#8243;,&#8220;MimeType&#8220;:&#8220;application\\\/pdf&#8220;,&#8220;ZPSV_WEB&#8220;:&#8220;True&#8220;}]}],&#8220;tpd&#8220;:[{&#8222;DateCreate&#8220;:&#8220;&#8220;,&#8220;ID&#8220;:&#8220;1522&#8243;,&#8220;GUID&#8220;:&#8220;A659BE9005950731C1258116002289DC&#8220;,&#8220;VYR_ID&#8220;:&#8220;406&#8243;,&#8220;VYR_Number&#8220;:&#8220;593841719062&#8243;,&#8220;VYR_ObchodniZnacka&#8220;:&#8220;IZT 62\\\/19&#8243;,&#8220;DocumentNumber&#8220;:&#8220;TP-01\\\/10&#8243;,&#8220;Title&#8220;:&#8220;Betonov\\u00e9 prefabrik\\u00e1ty &#8211; prvky op\\u011brn\\u00fdch st\\u011bn&#8220;,&#8220;IssueNumber&#8220;:&#8220;4&#8243;,&#8220;file&#8220;:[{&#8222;ID&#8220;:&#8220;3795&#8243;,&#8220;ResourceGUID&#8220;:&#8220;A659BE9005950731C1258116002289DC&#8220;,&#8220;Name&#8220;:&#8220;TP-01_10 Betonov\\u00e9 prefabrik\\u00e1ty &#8211; prvky op\\u011brn\\u00fdch st\\u011bn (4-1).pdf&#8220;,&#8220;FileNameGUID&#8220;:&#8220;A659BE9005950731C1258116002289DC_6R6GKBT7&#8243;,&#8220;Comment&#8220;:&#8220;&#8220;,&#8220;fileModel.Size&#8220;:&#8220;727244&#8243;,&#8220;Create&#8220;:&#8220;17.08.2023 10:19:56&#8243;,&#8220;MimeType&#8220;:&#8220;application\\\/octet-stream&#8220;,&#8220;ZPSV_WEB&#8220;:&#8220;True&#8220;}]}]}}<\/p>","protected":false},"excerpt":{"rendered":"<p>{&#8222;DateCreate&#8220;:&#8220;06.11.2002 14:47:03&#8243;,&#8220;ID&#8220;:&#8220;406&#8243;,&#8220;GUID&#8220;:&#8220;18D82E5D2728DAA6C1256C69004BB81C&#8220;,&#8220;Nazev&#8220;:&#8220;Prvek \\u0159\\u00edmsov\\u00e9 z\\u00eddky 1 &#8211; prav\\u00fd; lev\\u00fd&#8220;,&#8220;Number&#8220;:&#8220;593841719062&#8243;,&#8220;ObchodniZnacka&#8220;:&#8220;IZT 62\\\/19&#8243;,&#8220;Zavods&#8220;:&#8220;07 \\u010cer\\u010dany&#8220;,&#8220;VyrPopisCZ&#8220;:&#8220;&#8220;,&#8220;VyrPopisDE&#8220;:&#8220;&#8220;,&#8220;VyrPopisEN&#8220;:&#8220;&#8220;,&#8220;VyrUrceniAPouzitCZ&#8220;:&#8220;VYOBRAZEN [&hellip;]<\/p>","protected":false},"author":1,"featured_media":0,"parent":158352,"menu_order":0,"comment_status":"closed","ping_status":"closed","template":"layouts\/page-katalog.php","meta":[],"_links":{"self":[{"href":"https:\/\/www.zpsv.cz\/en\/wp-json\/wp\/v2\/pages\/424136"}],"collection":[{"href":"https:\/\/www.zpsv.cz\/en\/wp-json\/wp\/v2\/pages"}],"about":[{"href":"https:\/\/www.zpsv.cz\/en\/wp-json\/wp\/v2\/types\/page"}],"author":[{"embeddable":true,"href":"https:\/\/www.zpsv.cz\/en\/wp-json\/wp\/v2\/users\/1"}],"replies":[{"embeddable":true,"href":"https:\/\/www.zpsv.cz\/en\/wp-json\/wp\/v2\/comments?post=424136"}],"version-history":[{"count":0,"href":"https:\/\/www.zpsv.cz\/en\/wp-json\/wp\/v2\/pages\/424136\/revisions"}],"up":[{"embeddable":true,"href":"https:\/\/www.zpsv.cz\/en\/wp-json\/wp\/v2\/pages\/158352"}],"wp:attachment":[{"href":"https:\/\/www.zpsv.cz\/en\/wp-json\/wp\/v2\/media?parent=424136"}],"curies":[{"name":"wp","href":"https:\/\/api.w.org\/{rel}","templated":true}]}}