{"id":424165,"date":"2026-04-19T06:32:03","date_gmt":"2026-04-19T04:32:03","guid":{"rendered":"https:\/\/www.zpsv.cz\/kolejove-dopravni-stavby\/nastupiste\/ulozny-blok-u-65\/"},"modified":"2026-04-19T06:32:03","modified_gmt":"2026-04-19T04:32:03","slug":"ulozny-blok-u-65","status":"publish","type":"page","link":"https:\/\/www.zpsv.cz\/en\/kolejove-dopravni-stavby\/nastupiste\/ulozny-blok-u-65\/","title":{"rendered":"\u00dalo\u017en\u00fd blok U 65"},"content":{"rendered":"<p>{&#8222;DateCreate&#8220;:&#8220;06.11.2002 14:46:30&#8243;,&#8220;ID&#8220;:&#8220;468&#8243;,&#8220;GUID&#8220;:&#8220;8064ACA0BBA30AE8C1256C69004BAB32&#8243;,&#8220;Nazev&#8220;:&#8220;\\u00dalo\\u017en\\u00fd blok U 65&#8243;,&#8220;Number&#8220;:&#8220;592129030025&#8243;,&#8220;ObchodniZnacka&#8220;:&#8220;ABZ 25-30&#8243;,&#8220;Zavods&#8220;:&#8220;31 Doloplazy&#8220;,&#8220;VyrPopisCZ&#8220;:&#8220;&#8220;,&#8220;VyrPopisDE&#8220;:&#8220;&#8220;,&#8220;VyrPopisEN&#8220;:&#8220;&#8220;,&#8220;VyrUrceniAPouzitCZ&#8220;:&#8220;Prvek n\\u00e1stupi\\u0161t\\u011b SUDOP, slou\\u017e\\u00edc\\u00ed k vytv\\u00e1\\u0159en\\u00ed prefabrikovan\\u00fdch n\\u00e1stupi\\u0161tn\\u00edch z\\u00eddek.&#8220;,&#8220;VyrUrceniAPouzitDE&#8220;:&#8220;&#8220;,&#8220;VyrUrceniAPouzitEN&#8220;:&#8220;It serves for forming of prefabricated platform walls of platform SUDOP.&#8220;,&#8220;VyrNazevCZ&#8220;:&#8220;\\u00dalo\\u017en\\u00fd blok U 65&#8243;,&#8220;VyrNazevDE&#8220;:&#8220;&#8220;,&#8220;VyrNazevEN&#8220;:&#8220;Bearing block U 65&#8243;,&#8220;Beton&#8220;:&#8220;C 25\\\/30-XF1&#8243;,&#8220;ObjemPrvku&#8220;:&#8220;0,0575&#8243;,&#8220;HmotnostPrvku&#8220;:&#8220;132&#8243;,&#8220;L&#8220;:&#8220;30&#8243;,&#8220;B&#8220;:&#8220;35&#8243;,&#8220;H&#8220;:&#8220;65&#8243;,&#8220;T&#8220;:&#8220;&#8220;,&#8220;D&#8220;:&#8220;&#8220;,&#8220;R&#8220;:&#8220;&#8220;,&#8220;L_2&#8243;:&#8220;&#8220;,&#8220;B_2&#8243;:&#8220;&#8220;,&#8220;H_2&#8243;:&#8220;&#8220;,&#8220;T_2&#8243;:&#8220;&#8220;,&#8220;D_2&#8243;:&#8220;11&#8243;,&#8220;R_2&#8243;:&#8220;&#8220;,&#8220;L_1&#8243;:&#8220;&#8220;,&#8220;B_1&#8243;:&#8220;30&#8243;,&#8220;H_1&#8243;:&#8220;25&#8243;,&#8220;T_1&#8243;:&#8220;&#8220;,&#8220;D_1&#8243;:&#8220;&#8220;,&#8220;R_1&#8243;:&#8220;&#8220;,&#8220;KategorieName&#8220;:&#8220;Dopravn\\u00ed a in\\u017een\\u00fdrsk\\u00e9 stavby&#8220;,&#8220;PodkategorieName&#8220;:&#8220;N\\u00e1stupi\\u0161t\\u011b&#8220;,&#8220;attachments&#8220;:{&#8222;designs&#8220;:[{&#8222;DateCreate&#8220;:&#8220;&#8220;,&#8220;ID&#8220;:&#8220;3421&#8243;,&#8220;GUID&#8220;:&#8220;74AEEE355729B134C1257BDE00289FCF&#8220;,&#8220;VYR_ID&#8220;:&#8220;468&#8243;,&#8220;VYR_Number&#8220;:&#8220;592129030025&#8243;,&#8220;VYR_ObchodniZnacka&#8220;:&#8220;ABZ 25-30&#8243;,&#8220;DocumentNumber&#8220;:&#8220;592129030025&#8243;,&#8220;Title&#8220;:&#8220;\\u00dalo\\u017en\\u00fd blok U 65&#8243;,&#8220;IssueNumber&#8220;:&#8220;2&#8243;,&#8220;ZPSV_R4_Vyk1_ZaLomitkem&#8220;:&#8220;\\\/1&#8243;,&#8220;file&#8220;:[]}],&#8220;ps&#8220;:[{&#8222;DateCreate&#8220;:&#8220;24.09.2025 13:10:24&#8243;,&#8220;ID&#8220;:&#8220;416&#8243;,&#8220;GUID&#8220;:&#8220;708d30f9-0127-4817-b177-13f9583ee925&#8243;,&#8220;VYR_ID&#8220;:&#8220;468&#8243;,&#8220;VYR_Number&#8220;:&#8220;592129030025&#8243;,&#8220;VYR_ObchodniZnacka&#8220;:&#8220;ABZ 25-30&#8243;,&#8220;Number&#8220;:&#8220;31-10\\\/25&#8243;,&#8220;Nazev&#8220;:&#8220;Prvky pro spodn\\u00ed stavbu n\\u00e1stupi\\u0161\\u0165 typu SUDOP&#8220;,&#8220;DatePlatnostDo&#8220;:&#8220;27.07.2026 0:00:00&#8243;,&#8220;ZavodName&#8220;:&#8220;31 Doloplazy&#8220;,&#8220;file&#8220;:[{&#8222;ID&#8220;:&#8220;19735&#8243;,&#8220;ResourceGUID&#8220;:&#8220;708d30f9-0127-4817-b177-13f9583ee925&#8243;,&#8220;Name&#8220;:&#8220;1 &#8211; POS 31-10-25.pdf&#8220;,&#8220;FileNameGUID&#8220;:&#8220;fb641da7-067d-47bd-8c5e-349f713ffc78&#8243;,&#8220;Comment&#8220;:&#8220;&#8220;,&#8220;fileModel.Size&#8220;:&#8220;666964&#8243;,&#8220;Create&#8220;:&#8220;24.09.2025 13:11:11&#8243;,&#8220;MimeType&#8220;:&#8220;application\\\/pdf&#8220;,&#8220;ZPSV_WEB&#8220;:&#8220;True&#8220;}]}],&#8220;tpd&#8220;:[{&#8222;DateCreate&#8220;:&#8220;&#8220;,&#8220;ID&#8220;:&#8220;1521&#8243;,&#8220;GUID&#8220;:&#8220;6DA73D4C92065EE4C1256F71003780C6&#8243;,&#8220;VYR_ID&#8220;:&#8220;468&#8243;,&#8220;VYR_Number&#8220;:&#8220;592129030025&#8243;,&#8220;VYR_ObchodniZnacka&#8220;:&#8220;ABZ 25-30&#8243;,&#8220;DocumentNumber&#8220;:&#8220;TP-592-129-03\\\/98&#8243;,&#8220;Title&#8220;:&#8220;Prvky n\\u00e1stupi\\u0161\\u0165 SUDOP (S\\u017dDC)&#8220;,&#8220;IssueNumber&#8220;:&#8220;2&#8243;,&#8220;file&#8220;:[{&#8222;ID&#8220;:&#8220;3717&#8243;,&#8220;ResourceGUID&#8220;:&#8220;6DA73D4C92065EE4C1256F71003780C6&#8243;,&#8220;Name&#8220;:&#8220;TP-592-129-03_98-S\\u017dDC Prvky n\\u00e1stupi\\u0161\\u0165 SUDOP (2-1).pdf&#8220;,&#8220;FileNameGUID&#8220;:&#8220;6DA73D4C92065EE4C1256F71003780C6_LKT61YAI&#8220;,&#8220;Comment&#8220;:&#8220;&#8220;,&#8220;fileModel.Size&#8220;:&#8220;643768&#8243;,&#8220;Create&#8220;:&#8220;17.08.2023 10:19:55&#8243;,&#8220;MimeType&#8220;:&#8220;application\\\/octet-stream&#8220;,&#8220;ZPSV_WEB&#8220;:&#8220;True&#8220;}]}]}}<\/p>","protected":false},"excerpt":{"rendered":"<p>{&#8222;DateCreate&#8220;:&#8220;06.11.2002 14:46:30&#8243;,&#8220;ID&#8220;:&#8220;468&#8243;,&#8220;GUID&#8220;:&#8220;8064ACA0BBA30AE8C1256C69004BAB32&#8243;,&#8220;Nazev&#8220;:&#8220;\\u00dalo\\u017en\\u00fd blok U 65&#8243;,&#8220;Number&#8220;:&#8220;592129030025&#8243;,&#8220;ObchodniZnacka&#8220;:&#8220;ABZ 25-30&#8243;,&#8220;Zavods&#8220;:&#8220;31 Doloplazy&#8220;,&#8220;VyrPopisCZ&#8220;:&#8220;&#8220;,&#8220;VyrPopisDE&#8220;:&#8220;&#8220;,&#8220;VyrPopisEN&#8220;:&#8220;&#8220;,&#8220;VyrUrceniAPouzitCZ&#8220;:&#8220;Prvek n\\u00e1stupi\\u0161t\\u011b SUDOP, slou\\u017e\\u00edc\\u00ed [&hellip;]<\/p>","protected":false},"author":1,"featured_media":0,"parent":158326,"menu_order":0,"comment_status":"closed","ping_status":"closed","template":"layouts\/page-katalog.php","meta":[],"_links":{"self":[{"href":"https:\/\/www.zpsv.cz\/en\/wp-json\/wp\/v2\/pages\/424165"}],"collection":[{"href":"https:\/\/www.zpsv.cz\/en\/wp-json\/wp\/v2\/pages"}],"about":[{"href":"https:\/\/www.zpsv.cz\/en\/wp-json\/wp\/v2\/types\/page"}],"author":[{"embeddable":true,"href":"https:\/\/www.zpsv.cz\/en\/wp-json\/wp\/v2\/users\/1"}],"replies":[{"embeddable":true,"href":"https:\/\/www.zpsv.cz\/en\/wp-json\/wp\/v2\/comments?post=424165"}],"version-history":[{"count":0,"href":"https:\/\/www.zpsv.cz\/en\/wp-json\/wp\/v2\/pages\/424165\/revisions"}],"up":[{"embeddable":true,"href":"https:\/\/www.zpsv.cz\/en\/wp-json\/wp\/v2\/pages\/158326"}],"wp:attachment":[{"href":"https:\/\/www.zpsv.cz\/en\/wp-json\/wp\/v2\/media?parent=424165"}],"curies":[{"name":"wp","href":"https:\/\/api.w.org\/{rel}","templated":true}]}}