{"id":424291,"date":"2026-04-19T06:33:20","date_gmt":"2026-04-19T04:33:20","guid":{"rendered":"https:\/\/www.zpsv.cz\/kolejove-dopravni-stavby\/nastupiste\/nastupistni-rampa-rl-4-prava\/"},"modified":"2026-04-19T06:33:20","modified_gmt":"2026-04-19T04:33:20","slug":"nastupistni-rampa-rl-4-prava","status":"publish","type":"page","link":"https:\/\/www.zpsv.cz\/en\/kolejove-dopravni-stavby\/nastupiste\/nastupistni-rampa-rl-4-prava\/","title":{"rendered":"N\u00e1stupi\u0161tn\u00ed rampa RL 4 prav\u00e1"},"content":{"rendered":"<p>{&#8222;DateCreate&#8220;:&#8220;02.05.2016 10:24:56&#8243;,&#8220;ID&#8220;:&#8220;1434&#8243;,&#8220;GUID&#8220;:&#8220;5FC1BA14B8A24C6CC1257FA7002E3A75&#8243;,&#8220;Nazev&#8220;:&#8220;N\\u00e1stupi\\u0161tn\\u00ed rampa RL 4 prav\\u00e1&#8243;,&#8220;Number&#8220;:&#8220;592121719434&#8243;,&#8220;ObchodniZnacka&#8220;:&#8220;AZZ 434-19&#8243;,&#8220;Zavods&#8220;:&#8220;61 Uhersk\\u00fd Ostroh&#8220;,&#8220;VyrPopisCZ&#8220;:&#8220;&#8220;,&#8220;VyrPopisDE&#8220;:&#8220;&#8220;,&#8220;VyrPopisEN&#8220;:&#8220;&#8220;,&#8220;VyrUrceniAPouzitCZ&#8220;:&#8220;Je sou\\u010d\\u00e1st\\u00ed n\\u00e1stupi\\u0161tn\\u00edch ramp o sklonu 8 %, kter\\u00e1 jsou sou\\u010d\\u00e1st\\u00ed n\\u00e1stupi\\u0161\\u0165, tvo\\u0159en\\u00fdch n\\u00e1stupi\\u0161tn\\u00edmu obrubn\\u00edky L 75N a konzolov\\u00fdmi deskami KDL. Maj\\u00ed zabudov\\u00e1ny rektifika\\u010dn\\u00ed \\u0161rouby pro p\\u0159esn\\u00e9 ulo\\u017een\\u00ed na zv\\u00fd\\u0161en\\u00e9m betonov\\u00e9m z\\u00e1klad\\u011b. D\\u00edly jsou opat\\u0159eny otvory, kter\\u00e9 usnad\\u0148uj\\u00ed podlit\\u00ed betonovou maltou. Otvary nav\\u00edc umo\\u017e\\u0148uj\\u00ed kotven\\u00ed d\\u00edl\\u016f ocelov\\u00fdmi trny k betonov\\u00e9mu z\\u00e1kladu.&#8220;,&#8220;VyrUrceniAPouzitDE&#8220;:&#8220;&#8220;,&#8220;VyrUrceniAPouzitEN&#8220;:&#8220;&#8220;,&#8220;VyrNazevCZ&#8220;:&#8220;N\\u00e1stupi\\u0161tn\\u00ed rampa RL 4 prav\\u00e1&#8243;,&#8220;VyrNazevDE&#8220;:&#8220;&#8220;,&#8220;VyrNazevEN&#8220;:&#8220;&#8220;,&#8220;Beton&#8220;:&#8220;C 30\\\/37-XF4&#8243;,&#8220;ObjemPrvku&#8220;:&#8220;0,1353&#8243;,&#8220;HmotnostPrvku&#8220;:&#8220;325&#8243;,&#8220;L&#8220;:&#8220;99,5&#8243;,&#8220;B&#8220;:&#8220;60&#8243;,&#8220;H&#8220;:&#8220;51&#8243;,&#8220;T&#8220;:&#8220;&#8220;,&#8220;D&#8220;:&#8220;&#8220;,&#8220;R&#8220;:&#8220;&#8220;,&#8220;L_2&#8243;:&#8220;&#8220;,&#8220;B_2&#8243;:&#8220;&#8220;,&#8220;H_2&#8243;:&#8220;&#8220;,&#8220;T_2&#8243;:&#8220;&#8220;,&#8220;D_2&#8243;:&#8220;&#8220;,&#8220;R_2&#8243;:&#8220;&#8220;,&#8220;L_1&#8243;:&#8220;&#8220;,&#8220;B_1&#8243;:&#8220;&#8220;,&#8220;H_1&#8243;:&#8220;43,1&#8243;,&#8220;T_1&#8243;:&#8220;&#8220;,&#8220;D_1&#8243;:&#8220;&#8220;,&#8220;R_1&#8243;:&#8220;&#8220;,&#8220;KategorieName&#8220;:&#8220;Dopravn\\u00ed a in\\u017een\\u00fdrsk\\u00e9 stavby&#8220;,&#8220;PodkategorieName&#8220;:&#8220;N\\u00e1stupi\\u0161t\\u011b&#8220;}<\/p>","protected":false},"excerpt":{"rendered":"<p>{&#8222;DateCreate&#8220;:&#8220;02.05.2016 10:24:56&#8243;,&#8220;ID&#8220;:&#8220;1434&#8243;,&#8220;GUID&#8220;:&#8220;5FC1BA14B8A24C6CC1257FA7002E3A75&#8243;,&#8220;Nazev&#8220;:&#8220;N\\u00e1stupi\\u0161tn\\u00ed rampa RL 4 prav\\u00e1&#8243;,&#8220;Number&#8220;:&#8220;592121719434&#8243;,&#8220;ObchodniZnacka&#8220;:&#8220;AZZ 434-19&#8243;,&#8220;Zavods&#8220;:&#8220;61 Uhersk\\u00fd Ostroh&#8220;,&#8220;VyrPopisCZ&#8220;:&#8220;&#8220;,&#8220;VyrPopisDE&#8220;:&#8220;&#8220;,&#8220;VyrPopisEN&#8220;:&#8220;&#8220;,&#8220;VyrUrceniAPouzitCZ&#8220;:&#8220;Je sou\\u010d\\u00e1st\\u00ed [&hellip;]<\/p>","protected":false},"author":1,"featured_media":0,"parent":158326,"menu_order":0,"comment_status":"closed","ping_status":"closed","template":"layouts\/page-katalog.php","meta":[],"_links":{"self":[{"href":"https:\/\/www.zpsv.cz\/en\/wp-json\/wp\/v2\/pages\/424291"}],"collection":[{"href":"https:\/\/www.zpsv.cz\/en\/wp-json\/wp\/v2\/pages"}],"about":[{"href":"https:\/\/www.zpsv.cz\/en\/wp-json\/wp\/v2\/types\/page"}],"author":[{"embeddable":true,"href":"https:\/\/www.zpsv.cz\/en\/wp-json\/wp\/v2\/users\/1"}],"replies":[{"embeddable":true,"href":"https:\/\/www.zpsv.cz\/en\/wp-json\/wp\/v2\/comments?post=424291"}],"version-history":[{"count":0,"href":"https:\/\/www.zpsv.cz\/en\/wp-json\/wp\/v2\/pages\/424291\/revisions"}],"up":[{"embeddable":true,"href":"https:\/\/www.zpsv.cz\/en\/wp-json\/wp\/v2\/pages\/158326"}],"wp:attachment":[{"href":"https:\/\/www.zpsv.cz\/en\/wp-json\/wp\/v2\/media?parent=424291"}],"curies":[{"name":"wp","href":"https:\/\/api.w.org\/{rel}","templated":true}]}}