{"id":424359,"date":"2026-04-19T06:34:01","date_gmt":"2026-04-19T04:34:01","guid":{"rendered":"https:\/\/www.zpsv.cz\/kolejove-dopravni-stavby\/nastupiste\/konzolova-deska-ktd-230-z-bez-vodici-linie\/"},"modified":"2026-04-19T06:34:01","modified_gmt":"2026-04-19T04:34:01","slug":"konzolova-deska-ktd-230-z-bez-vodici-linie","status":"publish","type":"page","link":"https:\/\/www.zpsv.cz\/en\/kolejove-dopravni-stavby\/nastupiste\/konzolova-deska-ktd-230-z-bez-vodici-linie\/","title":{"rendered":"Konzolov\u00e1 deska KTD-230 Z bez vod\u00edc\u00ed linie"},"content":{"rendered":"<p>{&#8222;DateCreate&#8220;:&#8220;10.02.2020 11:04:59&#8243;,&#8220;ID&#8220;:&#8220;1638&#8243;,&#8220;GUID&#8220;:&#8220;0302A831B1F507B9C125850A00376362&#8243;,&#8220;Nazev&#8220;:&#8220;Konzolov\\u00e1 deska KTD-230 Z bez vod\\u00edc\\u00ed linie&#8220;,&#8220;Number&#8220;:&#8220;592121719239&#8243;,&#8220;ObchodniZnacka&#8220;:&#8220;AZZ 239-19&#8243;,&#8220;Zavods&#8220;:&#8220;31 Doloplazy&#8220;,&#8220;VyrPopisCZ&#8220;:&#8220;&#8220;,&#8220;VyrPopisDE&#8220;:&#8220;&#8220;,&#8220;VyrPopisEN&#8220;:&#8220;&#8220;,&#8220;VyrUrceniAPouzitCZ&#8220;:&#8220;Konzolov\\u00e9 desky typu KTD bez vod\\u00edc\\u00ed linie jsou opat\\u0159eny po cel\\u00e9 plo\\u0161e des\\u00e9nem z\\u00e1mkov\\u00e1 dla\\u017eba velikosti 20&#215;20 cm. Vysok\\u00fd estetick\\u00fd dojem nen\\u00ed ru\\u0161en manipula\\u010dn\\u00edmi h\\u00e1ky. Konzolov\\u00e9 desky typu KTD-230 Z bez vod\\u00edc\\u00ed linie jsou opat\\u0159eny na vzd\\u00e1len\\u011bj\\u0161\\u00edm konci vybr\\u00e1n\\u00edmi a zabetonovan\\u00fdmi ocelov\\u00fdmi hmo\\u017edinkami, kter\\u00e9 umo\\u017e\\u0148uj\\u00ed spojen\\u00ed desek ocelov\\u00fdmi z\\u00e1mky. Toto spojen\\u00ed v\\u00fdrazn\\u011b zvy\\u0161uje stabilitu konzolov\\u00fdch desek p\\u0159i zat\\u00ed\\u017een\\u00ed. Konzolov\\u00e9 desky se p\\u0159ev\\u00e1\\u017en\\u011b pou\\u017e\\u00edvaj\\u00ed u rampov\\u00fdch \\u010d\\u00e1st\\u00ed ukon\\u010den\\u00ed n\\u00e1stupi\\u0161t\\u011b v \\u017eelezni\\u010dn\\u00edch stanic\\u00edch. &#8222;,&#8220;VyrUrceniAPouzitDE&#8220;:&#8220;&#8220;,&#8220;VyrUrceniAPouzitEN&#8220;:&#8220;&#8220;,&#8220;VyrNazevCZ&#8220;:&#8220;Konzolov\\u00e1 deska KTD-230 Z bez vod\\u00edc\\u00ed linie&#8220;,&#8220;VyrNazevDE&#8220;:&#8220;&#8220;,&#8220;VyrNazevEN&#8220;:&#8220;&#8220;,&#8220;Beton&#8220;:&#8220;C 30\\\/37-XF4&#8243;,&#8220;ObjemPrvku&#8220;:&#8220;0,217&#8243;,&#8220;HmotnostPrvku&#8220;:&#8220;510&#8243;,&#8220;L&#8220;:&#8220;230&#8243;,&#8220;B&#8220;:&#8220;99,5&#8243;,&#8220;H&#8220;:&#8220;9,5&#8243;,&#8220;T&#8220;:&#8220;&#8220;,&#8220;D&#8220;:&#8220;&#8220;,&#8220;R&#8220;:&#8220;&#8220;,&#8220;L_2&#8243;:&#8220;&#8220;,&#8220;B_2&#8243;:&#8220;&#8220;,&#8220;H_2&#8243;:&#8220;&#8220;,&#8220;T_2&#8243;:&#8220;&#8220;,&#8220;D_2&#8243;:&#8220;&#8220;,&#8220;R_2&#8243;:&#8220;&#8220;,&#8220;L_1&#8243;:&#8220;&#8220;,&#8220;B_1&#8243;:&#8220;&#8220;,&#8220;H_1&#8243;:&#8220;7,5&#8243;,&#8220;T_1&#8243;:&#8220;&#8220;,&#8220;D_1&#8243;:&#8220;&#8220;,&#8220;R_1&#8243;:&#8220;&#8220;,&#8220;KategorieName&#8220;:&#8220;Dopravn\\u00ed a in\\u017een\\u00fdrsk\\u00e9 stavby&#8220;,&#8220;PodkategorieName&#8220;:&#8220;N\\u00e1stupi\\u0161t\\u011b&#8220;,&#8220;attachments&#8220;:{&#8222;designs&#8220;:[{&#8222;DateCreate&#8220;:&#8220;&#8220;,&#8220;ID&#8220;:&#8220;4007&#8243;,&#8220;GUID&#8220;:&#8220;229F61255FBA9075C12586D9002B4E49&#8243;,&#8220;VYR_ID&#8220;:&#8220;1638&#8243;,&#8220;VYR_Number&#8220;:&#8220;592121719239&#8243;,&#8220;VYR_ObchodniZnacka&#8220;:&#8220;AZZ 239-19&#8243;,&#8220;DocumentNumber&#8220;:&#8220;592121719239&#8243;,&#8220;Title&#8220;:&#8220;Konzolov\\u00e1 deska KTD-230 Z bez vod\\u00edc\\u00ed linie&#8220;,&#8220;IssueNumber&#8220;:&#8220;5&#8243;,&#8220;ZPSV_R4_Vyk1_ZaLomitkem&#8220;:&#8220;\\\/1-1&#8243;,&#8220;file&#8220;:[]}]}}<\/p>","protected":false},"excerpt":{"rendered":"<p>{&#8222;DateCreate&#8220;:&#8220;10.02.2020 11:04:59&#8243;,&#8220;ID&#8220;:&#8220;1638&#8243;,&#8220;GUID&#8220;:&#8220;0302A831B1F507B9C125850A00376362&#8243;,&#8220;Nazev&#8220;:&#8220;Konzolov\\u00e1 deska KTD-230 Z bez vod\\u00edc\\u00ed linie&#8220;,&#8220;Number&#8220;:&#8220;592121719239&#8243;,&#8220;ObchodniZnacka&#8220;:&#8220;AZZ 239-19&#8243;,&#8220;Zavods&#8220;:&#8220;31 Doloplazy&#8220;,&#8220;VyrPopisCZ&#8220;:&#8220;&#8220;,&#8220;VyrPopisDE&#8220;:&#8220;&#8220;,&#8220;VyrPopisEN&#8220;:&#8220;&#8220;,&#8220;VyrUrceniAPouzitCZ&#8220;:&#8220;Konzolov\\u00e9 [&hellip;]<\/p>","protected":false},"author":1,"featured_media":0,"parent":158326,"menu_order":0,"comment_status":"closed","ping_status":"closed","template":"layouts\/page-katalog.php","meta":[],"_links":{"self":[{"href":"https:\/\/www.zpsv.cz\/en\/wp-json\/wp\/v2\/pages\/424359"}],"collection":[{"href":"https:\/\/www.zpsv.cz\/en\/wp-json\/wp\/v2\/pages"}],"about":[{"href":"https:\/\/www.zpsv.cz\/en\/wp-json\/wp\/v2\/types\/page"}],"author":[{"embeddable":true,"href":"https:\/\/www.zpsv.cz\/en\/wp-json\/wp\/v2\/users\/1"}],"replies":[{"embeddable":true,"href":"https:\/\/www.zpsv.cz\/en\/wp-json\/wp\/v2\/comments?post=424359"}],"version-history":[{"count":0,"href":"https:\/\/www.zpsv.cz\/en\/wp-json\/wp\/v2\/pages\/424359\/revisions"}],"up":[{"embeddable":true,"href":"https:\/\/www.zpsv.cz\/en\/wp-json\/wp\/v2\/pages\/158326"}],"wp:attachment":[{"href":"https:\/\/www.zpsv.cz\/en\/wp-json\/wp\/v2\/media?parent=424359"}],"curies":[{"name":"wp","href":"https:\/\/api.w.org\/{rel}","templated":true}]}}