{"id":425113,"date":"2026-04-21T06:33:40","date_gmt":"2026-04-21T04:33:40","guid":{"rendered":"https:\/\/www.zpsv.cz\/mostni-konstrukce-a-propustky\/prostorove-prvky-pro-inzenyrske-site\/zelezobetonovy-ram-200-90-150\/"},"modified":"2026-04-21T06:33:40","modified_gmt":"2026-04-21T04:33:40","slug":"zelezobetonovy-ram-200-90-150","status":"publish","type":"page","link":"https:\/\/www.zpsv.cz\/en\/mostni-konstrukce-a-propustky\/prostorove-prvky-pro-inzenyrske-site\/zelezobetonovy-ram-200-90-150\/","title":{"rendered":"\u017delezobetonov\u00fd r\u00e1m 200\/90\/150"},"content":{"rendered":"<p>{&#8222;DateCreate&#8220;:&#8220;03.08.2016 14:16:45&#8243;,&#8220;ID&#8220;:&#8220;1492&#8243;,&#8220;GUID&#8220;:&#8220;1713A8C32447008FC1258004004373E3&#8243;,&#8220;Nazev&#8220;:&#8220;\\u017delezobetonov\\u00fd r\\u00e1m 200\\\/90\\\/150&#8243;,&#8220;Number&#8220;:&#8220;593831719310100&#8243;,&#8220;ObchodniZnacka&#8220;:&#8220;IZM 310\\\/19.100&#8243;,&#8220;Zavods&#8220;:&#8220;41 Litice&#8220;,&#8220;VyrPopisCZ&#8220;:&#8220;&#8220;,&#8220;VyrPopisDE&#8220;:&#8220;&#8220;,&#8220;VyrPopisEN&#8220;:&#8220;&#8220;,&#8220;VyrUrceniAPouzitCZ&#8220;:&#8220;\\u017delezobetonov\\u00e9 r\\u00e1my sv\\u011btlosti 200\\\/90, 200\\\/120, 200\\\/150, 200\\\/180 jsou prostorov\\u00e9 prvky pro in\\u017een\\u00fdrsk\\u00e9 s\\u00edt\\u011b pravo\\u00fahl\\u00e9ho pr\\u016f\\u0159ezu, vytvo\\u0159en\\u00e9 jako jeden celek a navr\\u017een\\u00e9 jako pr\\u016fb\\u011b\\u017en\\u00fd prvek. Slou\\u017e\\u00ed p\\u0159edev\\u0161\\u00edm k vytv\\u00e1\\u0159en\\u00ed \\u017eelezni\\u010dn\\u00edch, ale i silni\\u010dn\\u00edch propustk\\u016f pro odvod vody. Prvky lze pou\\u017e\\u00edt pro v\\u00fd\\u0161ku nadn\\u00e1sypu 0,4 m a\\u017e 7,0 m. Prvky jsou vyr\\u00e1b\\u011bn\\u00e9 v d\\u00e9lk\\u00e1ch 1,5 m, 1,75 m, 2,0 m. Jejich vz\\u00e1jemnou kombinac\\u00ed lze dos\\u00e1hnout d\\u00e9lky propustk\\u016f v kroku 250 mm. Sou\\u010d\\u00e1st\\u00ed syst\\u00e9mu \\u017dB prostorov\\u00fdch prvk\\u016f jsou i prvky, vytv\\u00e1\\u0159ej\\u00edc\\u00ed kolm\\u00e9 a rovnob\\u011b\\u017en\\u00e9 k\\u0159\\u00eddla propustk\\u016f. \\u0158\\u00edmsov\\u00e9 desky \\u010del propustk\\u016f se zhotovuje zpravidla monoliticky na stavb\\u011b. \\u010celn\\u00ed strany jednotliv\\u00fdch prostorov\\u00fdch prvk\\u016f jsou p\\u0159i mont\\u00e1\\u017ei osazeny pry\\u017eov\\u00fdm t\\u011bsn\\u011bn\\u00edm za \\u00fa\\u010delem vytvo\\u0159en\\u00ed vodot\\u011bsn\\u00e9ho spoje pro zku\\u0161ebn\\u00ed tlak 50 kPa podle \\u010cSN EN 1916.\\rVodot\\u011bsnosti se dosahuje vz\\u00e1jemn\\u00fdm mechanick\\u00fdm sepnut\\u00edm prvk\\u016f mezi sebou pomoc\\u00ed zabudovan\\u00fdch st\\u011bnov\\u00fdch patek a kotevn\\u00edch \\u0161roub\\u016f. \\u017delezobetonov\\u00e9 r\\u00e1my spl\\u0148uj\\u00ed technick\\u00e9 po\\u017eadavky, uveden\\u00e9 v \\u201eOTP pro \\u017eelezobetonov\\u00e9 r\\u00e1mov\\u00e9 prvky\\u201c.&#8220;,&#8220;VyrUrceniAPouzitDE&#8220;:&#8220;&#8220;,&#8220;VyrUrceniAPouzitEN&#8220;:&#8220;Reinforced concrete frames of sizes 200\\\/90, 200\\\/120, 200\\\/150, 200\\\/180 are spatial elements for engineering networks of rectangular cross-section, created as a single unit and designed as a continuous element. It is used primarily to create railway and road culverts for water drainage. The elements can be used for a height of 0.4 m to 7.0 m. The elements are manufactured in lengths of 1.5 m, 1.75 m, 2.0 m. Their mutual combination can achieve a length of culverts in steps of 250 mm. The system of reinforced spatial elements also includes elements that create perpendicular and parallel wings of culverts. The cornice plates of the culvert fronts are usually made monolithically on the construction site. The front sides of the individual spatial elements are fitted with a rubber seal during assembly in order to create a watertight joint for a test pressure of 50 kPa according to \\u010cSN EN 1916.\\rWatertightness is achieved by mechanically clamping the elements together using built-in wall feet and anchor bolts. Reinforced concrete frames meet the technical requirements specified in the \\&#8220;OTP for reinforced concrete frame elements\\&#8220;.&#8220;,&#8220;VyrNazevCZ&#8220;:&#8220;\\u017delezobetonov\\u00fd r\\u00e1m 200\\\/90\\\/150&#8243;,&#8220;VyrNazevDE&#8220;:&#8220;&#8220;,&#8220;VyrNazevEN&#8220;:&#8220;Reinforced concrete frames  200\\\/90\\\/150&#8243;,&#8220;Beton&#8220;:&#8220;C 35\\\/45-XF4&#8243;,&#8220;ObjemPrvku&#8220;:&#8220;2,438&#8243;,&#8220;HmotnostPrvku&#8220;:&#8220;5973&#8243;,&#8220;L&#8220;:&#8220;149&#8243;,&#8220;B&#8220;:&#8220;240&#8243;,&#8220;H&#8220;:&#8220;140&#8243;,&#8220;T&#8220;:&#8220;&#8220;,&#8220;D&#8220;:&#8220;&#8220;,&#8220;R&#8220;:&#8220;&#8220;,&#8220;L_2&#8243;:&#8220;&#8220;,&#8220;B_2&#8243;:&#8220;200&#8243;,&#8220;H_2&#8243;:&#8220;90&#8243;,&#8220;T_2&#8243;:&#8220;&#8220;,&#8220;D_2&#8243;:&#8220;&#8220;,&#8220;R_2&#8243;:&#8220;&#8220;,&#8220;L_1&#8243;:&#8220;&#8220;,&#8220;B_1&#8243;:&#8220;&#8220;,&#8220;H_1&#8243;:&#8220;&#8220;,&#8220;T_1&#8243;:&#8220;&#8220;,&#8220;D_1&#8243;:&#8220;&#8220;,&#8220;R_1&#8243;:&#8220;&#8220;,&#8220;KategorieName&#8220;:&#8220;Dopravn\\u00ed a in\\u017een\\u00fdrsk\\u00e9 stavby&#8220;,&#8220;PodkategorieName&#8220;:&#8220;Prostorov\\u00e9 prvky pro in\\u017een\\u00fdrsk\\u00e9 s\\u00edt\\u011b&#8220;}<\/p>","protected":false},"excerpt":{"rendered":"<p>{&#8222;DateCreate&#8220;:&#8220;03.08.2016 14:16:45&#8243;,&#8220;ID&#8220;:&#8220;1492&#8243;,&#8220;GUID&#8220;:&#8220;1713A8C32447008FC1258004004373E3&#8243;,&#8220;Nazev&#8220;:&#8220;\\u017delezobetonov\\u00fd r\\u00e1m 200\\\/90\\\/150&#8243;,&#8220;Number&#8220;:&#8220;593831719310100&#8243;,&#8220;ObchodniZnacka&#8220;:&#8220;IZM 310\\\/19.100&#8243;,&#8220;Zavods&#8220;:&#8220;41 Litice&#8220;,&#8220;VyrPopisCZ&#8220;:&#8220;&#8220;,&#8220;VyrPopisDE&#8220;:&#8220;&#8220;,&#8220;VyrPopisEN&#8220;:&#8220;&#8220;,&#8220;VyrUrceniAPouzitCZ&#8220;:&#8220;\\u017delezobetonov\\u00e9 r\\u00e1my sv\\u011btlosti 200\\\/90, 200\\\/120, [&hellip;]<\/p>","protected":false},"author":1,"featured_media":0,"parent":159993,"menu_order":0,"comment_status":"closed","ping_status":"closed","template":"layouts\/page-katalog.php","meta":[],"_links":{"self":[{"href":"https:\/\/www.zpsv.cz\/en\/wp-json\/wp\/v2\/pages\/425113"}],"collection":[{"href":"https:\/\/www.zpsv.cz\/en\/wp-json\/wp\/v2\/pages"}],"about":[{"href":"https:\/\/www.zpsv.cz\/en\/wp-json\/wp\/v2\/types\/page"}],"author":[{"embeddable":true,"href":"https:\/\/www.zpsv.cz\/en\/wp-json\/wp\/v2\/users\/1"}],"replies":[{"embeddable":true,"href":"https:\/\/www.zpsv.cz\/en\/wp-json\/wp\/v2\/comments?post=425113"}],"version-history":[{"count":0,"href":"https:\/\/www.zpsv.cz\/en\/wp-json\/wp\/v2\/pages\/425113\/revisions"}],"up":[{"embeddable":true,"href":"https:\/\/www.zpsv.cz\/en\/wp-json\/wp\/v2\/pages\/159993"}],"wp:attachment":[{"href":"https:\/\/www.zpsv.cz\/en\/wp-json\/wp\/v2\/media?parent=425113"}],"curies":[{"name":"wp","href":"https:\/\/api.w.org\/{rel}","templated":true}]}}