{"id":426346,"date":"2026-04-25T06:30:37","date_gmt":"2026-04-25T04:30:37","guid":{"rendered":"https:\/\/www.zpsv.cz\/kolejove-dopravni-stavby\/prvky-trakcniho-zabezpecovaciho-a-sdelovaciho-zarizeni\/betonovy-zaklad-pro-ridici-stojan-predtapeciho-zarizeni\/"},"modified":"2026-04-25T06:30:37","modified_gmt":"2026-04-25T04:30:37","slug":"betonovy-zaklad-pro-ridici-stojan-predtapeciho-zarizeni","status":"publish","type":"page","link":"https:\/\/www.zpsv.cz\/en\/kolejove-dopravni-stavby\/prvky-trakcniho-zabezpecovaciho-a-sdelovaciho-zarizeni\/betonovy-zaklad-pro-ridici-stojan-predtapeciho-zarizeni\/","title":{"rendered":"Betonov\u00fd z\u00e1klad pro \u0159\u00edd\u00edc\u00ed stojan p\u0159edt\u00e1p\u011bc\u00edho za\u0159\u00edzen\u00ed"},"content":{"rendered":"<p>{&#8222;DateCreate&#8220;:&#8220;06.11.2002 14:46:41&#8243;,&#8220;ID&#8220;:&#8220;91&#8243;,&#8220;GUID&#8220;:&#8220;07D9533A126247B3C1256C69004BAF99&#8243;,&#8220;Nazev&#8220;:&#8220;Betonov\\u00fd z\\u00e1klad pro \\u0159\\u00edd\\u00edc\\u00ed stojan p\\u0159edt\\u00e1p\\u011bc\\u00edho za\\u0159\\u00edzen\\u00ed&#8220;,&#8220;Number&#8220;:&#8220;592699060024&#8243;,&#8220;ObchodniZnacka&#8220;:&#8220;EBX 24-60&#8243;,&#8220;Zavods&#8220;:&#8220;31 Doloplazy&#8220;,&#8220;VyrPopisCZ&#8220;:&#8220;&#8220;,&#8220;VyrPopisDE&#8220;:&#8220;&#8220;,&#8220;VyrPopisEN&#8220;:&#8220;&#8220;,&#8220;VyrUrceniAPouzitCZ&#8220;:&#8220;Pro mont\\u00e1\\u017e ovl\\u00e1dac\\u00edch a \\u0159\\u00edd\\u00edc\\u00edch sk\\u0159\\u00edn\\u00ed v koleji\\u0161t\\u00edch \\u017eelezni\\u010dn\\u00edch trat\\u00ed. V prvku jsou 4 \\u0161rouby M 20 x 630 mm osov\\u011b vzd\\u00e1len\\u00e9 220 mm.&#8220;,&#8220;VyrUrceniAPouzitDE&#8220;:&#8220;&#8220;,&#8220;VyrUrceniAPouzitEN&#8220;:&#8220;For montage of operating and control boxes in railway yards of CR. In the component there are 4 screws M 20 x 630 mm with interaxial spacing 220 mm.&#8220;,&#8220;VyrNazevCZ&#8220;:&#8220;Betonov\\u00fd z\\u00e1klad pro \\u0159\\u00edd\\u00edc\\u00ed stojan p\\u0159edt\\u00e1p\\u011bc\\u00edho za\\u0159\\u00edzen\\u00ed&#8220;,&#8220;VyrNazevDE&#8220;:&#8220;&#8220;,&#8220;VyrNazevEN&#8220;:&#8220;Concrete foundation for control stand of preheating equipment&#8220;,&#8220;Beton&#8220;:&#8220;C 25\\\/30-XF1&#8243;,&#8220;ObjemPrvku&#8220;:&#8220;0,2270&#8243;,&#8220;HmotnostPrvku&#8220;:&#8220;511&#8243;,&#8220;L&#8220;:&#8220;60&#8243;,&#8220;B&#8220;:&#8220;60&#8243;,&#8220;H&#8220;:&#8220;80&#8243;,&#8220;T&#8220;:&#8220;&#8220;,&#8220;D&#8220;:&#8220;&#8220;,&#8220;R&#8220;:&#8220;&#8220;,&#8220;L_2&#8243;:&#8220;&#8220;,&#8220;B_2&#8243;:&#8220;&#8220;,&#8220;H_2&#8243;:&#8220;&#8220;,&#8220;T_2&#8243;:&#8220;&#8220;,&#8220;D_2&#8243;:&#8220;&#8220;,&#8220;R_2&#8243;:&#8220;&#8220;,&#8220;L_1&#8243;:&#8220;50&#8243;,&#8220;B_1&#8243;:&#8220;50&#8243;,&#8220;H_1&#8243;:&#8220;&#8220;,&#8220;T_1&#8243;:&#8220;&#8220;,&#8220;D_1&#8243;:&#8220;&#8220;,&#8220;R_1&#8243;:&#8220;&#8220;,&#8220;KategorieName&#8220;:&#8220;Energetika a spoje&#8220;,&#8220;PodkategorieName&#8220;:&#8220;Prvky trak\\u010dn\\u00edho, zabezpe\\u010dovac\\u00edho a sd\\u011blovac\\u00edho za\\u0159\\u00edzen\\u00ed&#8220;,&#8220;attachments&#8220;:{&#8222;designs&#8220;:[{&#8222;DateCreate&#8220;:&#8220;&#8220;,&#8220;ID&#8220;:&#8220;2752&#8243;,&#8220;GUID&#8220;:&#8220;D69E198010E73897C1256FE400256DCE&#8220;,&#8220;VYR_ID&#8220;:&#8220;91&#8243;,&#8220;VYR_Number&#8220;:&#8220;592699060024&#8243;,&#8220;VYR_ObchodniZnacka&#8220;:&#8220;EBX 24-60&#8243;,&#8220;DocumentNumber&#8220;:&#8220;592699060024&#8243;,&#8220;Title&#8220;:&#8220;Betonov\\u00fd z\\u00e1klad pro \\u0159\\u00edd\\u00edc\\u00ed stojan p\\u0159edt\\u00e1p\\u011bc\\u00edho za\\u0159\\u00edzen\\u00ed&#8220;,&#8220;IssueNumber&#8220;:&#8220;1&#8243;,&#8220;ZPSV_R4_Vyk1_ZaLomitkem&#8220;:&#8220;\\\/1&#8243;,&#8220;file&#8220;:[]},{&#8222;DateCreate&#8220;:&#8220;&#8220;,&#8220;ID&#8220;:&#8220;2530&#8243;,&#8220;GUID&#8220;:&#8220;BF4E98739AACDC54C1256FE4002595D0&#8243;,&#8220;VYR_ID&#8220;:&#8220;91&#8243;,&#8220;VYR_Number&#8220;:&#8220;592699060024&#8243;,&#8220;VYR_ObchodniZnacka&#8220;:&#8220;EBX 24-60&#8243;,&#8220;DocumentNumber&#8220;:&#8220;592699060024&#8243;,&#8220;Title&#8220;:&#8220;Betonov\\u00fd z\\u00e1klad pro \\u0159\\u00edd\\u00edc\\u00ed stojan p\\u0159edt\\u00e1p\\u011bc\\u00edho za\\u0159\\u00edzen\\u00ed&#8220;,&#8220;IssueNumber&#8220;:&#8220;1&#8243;,&#8220;ZPSV_R4_Vyk1_ZaLomitkem&#8220;:&#8220;\\\/2&#8243;,&#8220;file&#8220;:[]}],&#8220;ps&#8220;:[{&#8222;DateCreate&#8220;:&#8220;24.09.2025 13:13:22&#8243;,&#8220;ID&#8220;:&#8220;417&#8243;,&#8220;GUID&#8220;:&#8220;1172aa97-a29f-4f5b-91c1-458d5ac52b53&#8243;,&#8220;VYR_ID&#8220;:&#8220;91&#8243;,&#8220;VYR_Number&#8220;:&#8220;592699060024&#8243;,&#8220;VYR_ObchodniZnacka&#8220;:&#8220;EBX 24-60&#8243;,&#8220;Number&#8220;:&#8220;31-09\\\/25&#8243;,&#8220;Nazev&#8220;:&#8220;Betonov\\u00e9 a \\u017dB d\\u00edlce pro instalaci zabezpe\\u010dovac\\u00edho za\\u0159\\u00edzen\\u00ed nebo sd\\u011blovac\\u00edho veden\\u00ed v\\u010detn\\u011b nap\\u00e1jen\\u00ed&#8220;,&#8220;DatePlatnostDo&#8220;:&#8220;27.07.2026 0:00:00&#8243;,&#8220;ZavodName&#8220;:&#8220;31 Doloplazy&#8220;,&#8220;file&#8220;:[{&#8222;ID&#8220;:&#8220;19744&#8243;,&#8220;ResourceGUID&#8220;:&#8220;1172aa97-a29f-4f5b-91c1-458d5ac52b53&#8243;,&#8220;Name&#8220;:&#8220;1 &#8211; POS 31-09-25.pdf&#8220;,&#8220;FileNameGUID&#8220;:&#8220;52a3b07e-01d4-4ddb-b30c-39278f3859b2&#8243;,&#8220;Comment&#8220;:&#8220;&#8220;,&#8220;fileModel.Size&#8220;:&#8220;760122&#8243;,&#8220;Create&#8220;:&#8220;24.09.2025 13:14:19&#8243;,&#8220;MimeType&#8220;:&#8220;application\\\/pdf&#8220;,&#8220;ZPSV_WEB&#8220;:&#8220;True&#8220;}]}],&#8220;tpd&#8220;:[{&#8222;DateCreate&#8220;:&#8220;&#8220;,&#8220;ID&#8220;:&#8220;2154&#8243;,&#8220;GUID&#8220;:&#8220;dbb50094-5d80-44f7-a7fe-2092c75d291e&#8220;,&#8220;VYR_ID&#8220;:&#8220;91&#8243;,&#8220;VYR_Number&#8220;:&#8220;592699060024&#8243;,&#8220;VYR_ObchodniZnacka&#8220;:&#8220;EBX 24-60&#8243;,&#8220;DocumentNumber&#8220;:&#8220;TP-07\\\/15&#8243;,&#8220;Title&#8220;:&#8220;D\\u00edlce pro instalaci zabezpe\\u010dovac\\u00edho za\\u0159\\u00edzen\\u00ed a pro sd\\u011blovac\\u00ed veden\\u00ed&#8220;,&#8220;IssueNumber&#8220;:&#8220;3&#8243;,&#8220;file&#8220;:[]}]}}<\/p>","protected":false},"excerpt":{"rendered":"<p>{&#8222;DateCreate&#8220;:&#8220;06.11.2002 14:46:41&#8243;,&#8220;ID&#8220;:&#8220;91&#8243;,&#8220;GUID&#8220;:&#8220;07D9533A126247B3C1256C69004BAF99&#8243;,&#8220;Nazev&#8220;:&#8220;Betonov\\u00fd z\\u00e1klad pro \\u0159\\u00edd\\u00edc\\u00ed stojan p\\u0159edt\\u00e1p\\u011bc\\u00edho za\\u0159\\u00edzen\\u00ed&#8220;,&#8220;Number&#8220;:&#8220;592699060024&#8243;,&#8220;ObchodniZnacka&#8220;:&#8220;EBX 24-60&#8243;,&#8220;Zavods&#8220;:&#8220;31 Doloplazy&#8220;,&#8220;VyrPopisCZ&#8220;:&#8220;&#8220;,&#8220;VyrPopisDE&#8220;:&#8220;&#8220;,&#8220;VyrPopisEN&#8220;:&#8220;&#8220;,&#8220;VyrUrceniAPouzitCZ&#8220;:&#8220;Pro [&hellip;]<\/p>","protected":false},"author":1,"featured_media":0,"parent":158310,"menu_order":0,"comment_status":"closed","ping_status":"closed","template":"layouts\/page-katalog.php","meta":[],"_links":{"self":[{"href":"https:\/\/www.zpsv.cz\/en\/wp-json\/wp\/v2\/pages\/426346"}],"collection":[{"href":"https:\/\/www.zpsv.cz\/en\/wp-json\/wp\/v2\/pages"}],"about":[{"href":"https:\/\/www.zpsv.cz\/en\/wp-json\/wp\/v2\/types\/page"}],"author":[{"embeddable":true,"href":"https:\/\/www.zpsv.cz\/en\/wp-json\/wp\/v2\/users\/1"}],"replies":[{"embeddable":true,"href":"https:\/\/www.zpsv.cz\/en\/wp-json\/wp\/v2\/comments?post=426346"}],"version-history":[{"count":0,"href":"https:\/\/www.zpsv.cz\/en\/wp-json\/wp\/v2\/pages\/426346\/revisions"}],"up":[{"embeddable":true,"href":"https:\/\/www.zpsv.cz\/en\/wp-json\/wp\/v2\/pages\/158310"}],"wp:attachment":[{"href":"https:\/\/www.zpsv.cz\/en\/wp-json\/wp\/v2\/media?parent=426346"}],"curies":[{"name":"wp","href":"https:\/\/api.w.org\/{rel}","templated":true}]}}