{"id":427886,"date":"2026-04-29T06:30:31","date_gmt":"2026-04-29T04:30:31","guid":{"rendered":"https:\/\/www.zpsv.cz\/inzenyrske-stavby\/vstupni-a-revizni-sachty\/drik-revizniho-nastavce-k-sachtam\/"},"modified":"2026-04-29T06:30:31","modified_gmt":"2026-04-29T04:30:31","slug":"drik-revizniho-nastavce-k-sachtam","status":"publish","type":"page","link":"https:\/\/www.zpsv.cz\/en\/inzenyrske-stavby\/vstupni-a-revizni-sachty\/drik-revizniho-nastavce-k-sachtam\/","title":{"rendered":"D\u0159\u00edk revizn\u00edho n\u00e1stavce k \u0161acht\u00e1m"},"content":{"rendered":"<p>{&#8222;DateCreate&#8220;:&#8220;06.11.2002 14:46:33&#8243;,&#8220;ID&#8220;:&#8220;56&#8243;,&#8220;GUID&#8220;:&#8220;628EC9BFA579D13EC1256C69004BAC98&#8243;,&#8220;Nazev&#8220;:&#8220;D\\u0159\\u00edk revizn\\u00edho n\\u00e1stavce k \\u0161acht\\u00e1m&#8220;,&#8220;Number&#8220;:&#8220;592191719012&#8243;,&#8220;ObchodniZnacka&#8220;:&#8220;AZX 12-19&#8243;,&#8220;Zavods&#8220;:&#8220;31 Doloplazy&#8220;,&#8220;VyrPopisCZ&#8220;:&#8220;&#8220;,&#8220;VyrPopisDE&#8220;:&#8220;&#8220;,&#8220;VyrPopisEN&#8220;:&#8220;&#8220;,&#8220;VyrUrceniAPouzitCZ&#8220;:&#8220;Pro kontrolu a \\u010di\\u0161t\\u011bn\\u00ed \\u0161achet (cisteren) um\\u00edst\\u011bn\\u00fdch v trat\\u00edch \\u010cD.&#8220;,&#8220;VyrUrceniAPouzitDE&#8220;:&#8220;&#8220;,&#8220;VyrUrceniAPouzitEN&#8220;:&#8220;For checking and cleaning shafts (tanks) placed on tracks \\u010cD.&#8220;,&#8220;VyrNazevCZ&#8220;:&#8220;D\\u0159\\u00edk revizn\\u00ed n\\u00e1stavec k \\u0161acht\\u00e1m&#8220;,&#8220;VyrNazevDE&#8220;:&#8220;&#8220;,&#8220;VyrNazevEN&#8220;:&#8220;Body of revision extension for shafts&#8220;,&#8220;Beton&#8220;:&#8220;C 25\\\/30-XF1&#8243;,&#8220;ObjemPrvku&#8220;:&#8220;0,0757&#8243;,&#8220;HmotnostPrvku&#8220;:&#8220;173&#8243;,&#8220;L&#8220;:&#8220;96&#8243;,&#8220;B&#8220;:&#8220;35&#8243;,&#8220;H&#8220;:&#8220;52&#8243;,&#8220;T&#8220;:&#8220;&#8220;,&#8220;D&#8220;:&#8220;&#8220;,&#8220;R&#8220;:&#8220;&#8220;,&#8220;L_2&#8243;:&#8220;&#8220;,&#8220;B_2&#8243;:&#8220;&#8220;,&#8220;H_2&#8243;:&#8220;7&#8243;,&#8220;T_2&#8243;:&#8220;&#8220;,&#8220;D_2&#8243;:&#8220;&#8220;,&#8220;R_2&#8243;:&#8220;&#8220;,&#8220;L_1&#8243;:&#8220;&#8220;,&#8220;B_1&#8243;:&#8220;&#8220;,&#8220;H_1&#8243;:&#8220;&#8220;,&#8220;T_1&#8243;:&#8220;&#8220;,&#8220;D_1&#8243;:&#8220;&#8220;,&#8220;R_1&#8243;:&#8220;&#8220;,&#8220;KategorieName&#8220;:&#8220;Komun\\u00e1ln\\u00ed a vodohospod\\u00e1\\u0159sk\\u00e9 stavby&#8220;,&#8220;PodkategorieName&#8220;:&#8220;Vstupn\\u00ed a revizn\\u00ed \\u0161achty&#8220;,&#8220;attachments&#8220;:{&#8222;designs&#8220;:[{&#8222;DateCreate&#8220;:&#8220;&#8220;,&#8220;ID&#8220;:&#8220;3609&#8243;,&#8220;GUID&#8220;:&#8220;63D43AE33A87E952C1257E5400295B71&#8243;,&#8220;VYR_ID&#8220;:&#8220;56&#8243;,&#8220;VYR_Number&#8220;:&#8220;592191719012&#8243;,&#8220;VYR_ObchodniZnacka&#8220;:&#8220;AZX 12-19&#8243;,&#8220;DocumentNumber&#8220;:&#8220;592191719012&#8243;,&#8220;Title&#8220;:&#8220;D\\u0159\\u00edk revizn\\u00edho n\\u00e1stavce k \\u0161acht\\u00e1m&#8220;,&#8220;IssueNumber&#8220;:&#8220;1&#8243;,&#8220;ZPSV_R4_Vyk1_ZaLomitkem&#8220;:&#8220;\\\/1&#8243;,&#8220;file&#8220;:[]},{&#8222;DateCreate&#8220;:&#8220;&#8220;,&#8220;ID&#8220;:&#8220;3611&#8243;,&#8220;GUID&#8220;:&#8220;31CE4D1BD57BCD7DC1257E540029A18B&#8220;,&#8220;VYR_ID&#8220;:&#8220;56&#8243;,&#8220;VYR_Number&#8220;:&#8220;592191719012&#8243;,&#8220;VYR_ObchodniZnacka&#8220;:&#8220;AZX 12-19&#8243;,&#8220;DocumentNumber&#8220;:&#8220;592191719012&#8243;,&#8220;Title&#8220;:&#8220;D\\u0159\\u00edk revizn\\u00edho n\\u00e1stavce k \\u0161acht\\u00e1m&#8220;,&#8220;IssueNumber&#8220;:&#8220;1&#8243;,&#8220;ZPSV_R4_Vyk1_ZaLomitkem&#8220;:&#8220;1-2&#8243;,&#8220;file&#8220;:[]},{&#8222;DateCreate&#8220;:&#8220;&#8220;,&#8220;ID&#8220;:&#8220;2376&#8243;,&#8220;GUID&#8220;:&#8220;4ACC434F8D3F69FEC1256FAB00381250&#8243;,&#8220;VYR_ID&#8220;:&#8220;56&#8243;,&#8220;VYR_Number&#8220;:&#8220;592191719012&#8243;,&#8220;VYR_ObchodniZnacka&#8220;:&#8220;AZX 12-19&#8243;,&#8220;DocumentNumber&#8220;:&#8220;592191719012&#8243;,&#8220;Title&#8220;:&#8220;D\\u0159\\u00edk revizn\\u00edho n\\u00e1stavce k \\u0161acht\\u00e1m&#8220;,&#8220;IssueNumber&#8220;:&#8220;1&#8243;,&#8220;ZPSV_R4_Vyk1_ZaLomitkem&#8220;:&#8220;\\\/2&#8243;,&#8220;file&#8220;:[]}],&#8220;ps&#8220;:[{&#8222;DateCreate&#8220;:&#8220;24.09.2025 13:13:22&#8243;,&#8220;ID&#8220;:&#8220;417&#8243;,&#8220;GUID&#8220;:&#8220;1172aa97-a29f-4f5b-91c1-458d5ac52b53&#8243;,&#8220;VYR_ID&#8220;:&#8220;56&#8243;,&#8220;VYR_Number&#8220;:&#8220;592191719012&#8243;,&#8220;VYR_ObchodniZnacka&#8220;:&#8220;AZX 12-19&#8243;,&#8220;Number&#8220;:&#8220;31-09\\\/25&#8243;,&#8220;Nazev&#8220;:&#8220;Betonov\\u00e9 a \\u017dB d\\u00edlce pro instalaci zabezpe\\u010dovac\\u00edho za\\u0159\\u00edzen\\u00ed nebo sd\\u011blovac\\u00edho veden\\u00ed v\\u010detn\\u011b nap\\u00e1jen\\u00ed&#8220;,&#8220;DatePlatnostDo&#8220;:&#8220;27.07.2026 0:00:00&#8243;,&#8220;ZavodName&#8220;:&#8220;31 Doloplazy&#8220;,&#8220;file&#8220;:[{&#8222;ID&#8220;:&#8220;19744&#8243;,&#8220;ResourceGUID&#8220;:&#8220;1172aa97-a29f-4f5b-91c1-458d5ac52b53&#8243;,&#8220;Name&#8220;:&#8220;1 &#8211; POS 31-09-25.pdf&#8220;,&#8220;FileNameGUID&#8220;:&#8220;52a3b07e-01d4-4ddb-b30c-39278f3859b2&#8243;,&#8220;Comment&#8220;:&#8220;&#8220;,&#8220;fileModel.Size&#8220;:&#8220;760122&#8243;,&#8220;Create&#8220;:&#8220;24.09.2025 13:14:19&#8243;,&#8220;MimeType&#8220;:&#8220;application\\\/pdf&#8220;,&#8220;ZPSV_WEB&#8220;:&#8220;True&#8220;}]}],&#8220;tpd&#8220;:[{&#8222;DateCreate&#8220;:&#8220;&#8220;,&#8220;ID&#8220;:&#8220;1556&#8243;,&#8220;GUID&#8220;:&#8220;25E1E15DD32D2A31C1257E930042D69B&#8220;,&#8220;VYR_ID&#8220;:&#8220;56&#8243;,&#8220;VYR_Number&#8220;:&#8220;592191719012&#8243;,&#8220;VYR_ObchodniZnacka&#8220;:&#8220;AZX 12-19&#8243;,&#8220;DocumentNumber&#8220;:&#8220;TP-10\\\/04&#8243;,&#8220;Title&#8220;:&#8220;Vstupn\\u00ed a revizn\\u00ed \\u0161achty z prost\\u00e9ho betonu a \\u017eelezobetonu&#8220;,&#8220;IssueNumber&#8220;:&#8220;5&#8243;,&#8220;file&#8220;:[{&#8222;ID&#8220;:&#8220;3649&#8243;,&#8220;ResourceGUID&#8220;:&#8220;25E1E15DD32D2A31C1257E930042D69B&#8220;,&#8220;Name&#8220;:&#8220;TP-10_04 Vstupn\\u00ed a revizn\\u00ed \\u0161achty z prost\\u00e9ho betonu a \\u017eelezobetonu (5-1).pdf&#8220;,&#8220;FileNameGUID&#8220;:&#8220;25E1E15DD32D2A31C1257E930042D69B_SAYHS6PT&#8220;,&#8220;Comment&#8220;:&#8220;&#8220;,&#8220;fileModel.Size&#8220;:&#8220;734310&#8243;,&#8220;Create&#8220;:&#8220;17.08.2023 10:19:54&#8243;,&#8220;MimeType&#8220;:&#8220;application\\\/octet-stream&#8220;,&#8220;ZPSV_WEB&#8220;:&#8220;True&#8220;}]}]}}<\/p>","protected":false},"excerpt":{"rendered":"<p>{&#8222;DateCreate&#8220;:&#8220;06.11.2002 14:46:33&#8243;,&#8220;ID&#8220;:&#8220;56&#8243;,&#8220;GUID&#8220;:&#8220;628EC9BFA579D13EC1256C69004BAC98&#8243;,&#8220;Nazev&#8220;:&#8220;D\\u0159\\u00edk revizn\\u00edho n\\u00e1stavce k \\u0161acht\\u00e1m&#8220;,&#8220;Number&#8220;:&#8220;592191719012&#8243;,&#8220;ObchodniZnacka&#8220;:&#8220;AZX 12-19&#8243;,&#8220;Zavods&#8220;:&#8220;31 Doloplazy&#8220;,&#8220;VyrPopisCZ&#8220;:&#8220;&#8220;,&#8220;VyrPopisDE&#8220;:&#8220;&#8220;,&#8220;VyrPopisEN&#8220;:&#8220;&#8220;,&#8220;VyrUrceniAPouzitCZ&#8220;:&#8220;Pro kontrolu a [&hellip;]<\/p>","protected":false},"author":1,"featured_media":0,"parent":158319,"menu_order":0,"comment_status":"closed","ping_status":"closed","template":"layouts\/page-katalog.php","meta":[],"_links":{"self":[{"href":"https:\/\/www.zpsv.cz\/en\/wp-json\/wp\/v2\/pages\/427886"}],"collection":[{"href":"https:\/\/www.zpsv.cz\/en\/wp-json\/wp\/v2\/pages"}],"about":[{"href":"https:\/\/www.zpsv.cz\/en\/wp-json\/wp\/v2\/types\/page"}],"author":[{"embeddable":true,"href":"https:\/\/www.zpsv.cz\/en\/wp-json\/wp\/v2\/users\/1"}],"replies":[{"embeddable":true,"href":"https:\/\/www.zpsv.cz\/en\/wp-json\/wp\/v2\/comments?post=427886"}],"version-history":[{"count":0,"href":"https:\/\/www.zpsv.cz\/en\/wp-json\/wp\/v2\/pages\/427886\/revisions"}],"up":[{"embeddable":true,"href":"https:\/\/www.zpsv.cz\/en\/wp-json\/wp\/v2\/pages\/158319"}],"wp:attachment":[{"href":"https:\/\/www.zpsv.cz\/en\/wp-json\/wp\/v2\/media?parent=427886"}],"curies":[{"name":"wp","href":"https:\/\/api.w.org\/{rel}","templated":true}]}}