{"id":427901,"date":"2026-04-29T06:30:40","date_gmt":"2026-04-29T04:30:40","guid":{"rendered":"https:\/\/www.zpsv.cz\/doplnkovy-sortiment\/kryty-z-dlazeb-a-dilcu\/zpevnovaci-prefabrikat-var-iii-2\/"},"modified":"2026-04-29T06:30:40","modified_gmt":"2026-04-29T04:30:40","slug":"zpevnovaci-prefabrikat-var-iii-2","status":"publish","type":"page","link":"https:\/\/www.zpsv.cz\/en\/doplnkovy-sortiment\/kryty-z-dlazeb-a-dilcu\/zpevnovaci-prefabrikat-var-iii-2\/","title":{"rendered":"Zpev\u0148ovac\u00ed prefabrik\u00e1t var. III.\/2"},"content":{"rendered":"<p>{&#8222;DateCreate&#8220;:&#8220;06.11.2002 14:47:02&#8243;,&#8220;ID&#8220;:&#8220;112&#8243;,&#8220;GUID&#8220;:&#8220;1E680646B890F2FBC1256C69004BB7B8&#8243;,&#8220;Nazev&#8220;:&#8220;Zpev\\u0148ovac\\u00ed prefabrik\\u00e1t var. III.\\\/2&#8243;,&#8220;Number&#8220;:&#8220;593841010223&#8243;,&#8220;ObchodniZnacka&#8220;:&#8220;IZT 223\\\/10&#8243;,&#8220;Zavods&#8220;:&#8220;31 Doloplazy&#8220;,&#8220;VyrPopisCZ&#8220;:&#8220;&#8220;,&#8220;VyrPopisDE&#8220;:&#8220;&#8220;,&#8220;VyrPopisEN&#8220;:&#8220;&#8220;,&#8220;VyrUrceniAPouzitCZ&#8220;:&#8220;Pou\\u017e\\u00edvaj\\u00ed se ke zpevn\\u011bn\\u00ed b\\u0159eh\\u016f vodn\\u00edch tok\\u016f, n\\u00e1dr\\u017e\\u00ed a svah\\u016f. Pro vydl\\u00e1\\u017ed\\u011bn\\u00ed odstavn\\u00fdch ploch, parkovi\\u0161\\u0165, vjezd\\u016f apod.&#8220;,&#8220;VyrUrceniAPouzitDE&#8220;:&#8220;&#8220;,&#8220;VyrUrceniAPouzitEN&#8220;:&#8220;They are used for bank reinforcement of water courses, reservoirs and banks. For paving of lay-bys, parking places and entryways and the like.&#8220;,&#8220;VyrNazevCZ&#8220;:&#8220;Zpev\\u0148ovac\\u00ed prefabrik\\u00e1t var. III.\\\/2&#8243;,&#8220;VyrNazevDE&#8220;:&#8220;&#8220;,&#8220;VyrNazevEN&#8220;:&#8220;Reinforcing building block var.  III.\\\/2&#8243;,&#8220;Beton&#8220;:&#8220;C 30\\\/37-XF1, XF4&#8243;,&#8220;ObjemPrvku&#8220;:&#8220;0,1613&#8243;,&#8220;HmotnostPrvku&#8220;:&#8220;390&#8243;,&#8220;L&#8220;:&#8220;150&#8243;,&#8220;B&#8220;:&#8220;100&#8243;,&#8220;H&#8220;:&#8220;18&#8243;,&#8220;T&#8220;:&#8220;&#8220;,&#8220;D&#8220;:&#8220;&#8220;,&#8220;R&#8220;:&#8220;&#8220;,&#8220;L_2&#8243;:&#8220;20&#8243;,&#8220;B_2&#8243;:&#8220;15&#8243;,&#8220;H_2&#8243;:&#8220;&#8220;,&#8220;T_2&#8243;:&#8220;&#8220;,&#8220;D_2&#8243;:&#8220;&#8220;,&#8220;R_2&#8243;:&#8220;&#8220;,&#8220;L_1&#8243;:&#8220;&#8220;,&#8220;B_1&#8243;:&#8220;&#8220;,&#8220;H_1&#8243;:&#8220;&#8220;,&#8220;T_1&#8243;:&#8220;&#8220;,&#8220;D_1&#8243;:&#8220;&#8220;,&#8220;R_1&#8243;:&#8220;&#8220;,&#8220;KategorieName&#8220;:&#8220;Dopravn\\u00ed a in\\u017een\\u00fdrsk\\u00e9 stavby&#8220;,&#8220;PodkategorieName&#8220;:&#8220;Kryty z dla\\u017eeb a d\\u00edlc\\u016f&#8220;,&#8220;attachments&#8220;:{&#8222;designs&#8220;:[{&#8222;DateCreate&#8220;:&#8220;&#8220;,&#8220;ID&#8220;:&#8220;2298&#8243;,&#8220;GUID&#8220;:&#8220;F4EEF10508F94C89C1257019002565BE&#8220;,&#8220;VYR_ID&#8220;:&#8220;112&#8243;,&#8220;VYR_Number&#8220;:&#8220;593841010223&#8243;,&#8220;VYR_ObchodniZnacka&#8220;:&#8220;IZT 223\\\/10&#8243;,&#8220;DocumentNumber&#8220;:&#8220;593841010223&#8243;,&#8220;Title&#8220;:&#8220;Zpev\\u0148ovac\\u00ed prefabrik\\u00e1t var. III\\\/2&#8243;,&#8220;IssueNumber&#8220;:&#8220;1&#8243;,&#8220;ZPSV_R4_Vyk1_ZaLomitkem&#8220;:&#8220;\\\/1&#8243;,&#8220;file&#8220;:[]},{&#8222;DateCreate&#8220;:&#8220;&#8220;,&#8220;ID&#8220;:&#8220;2300&#8243;,&#8220;GUID&#8220;:&#8220;22F2A9836E2D09D3C12570190025B56A&#8220;,&#8220;VYR_ID&#8220;:&#8220;112&#8243;,&#8220;VYR_Number&#8220;:&#8220;593841010223&#8243;,&#8220;VYR_ObchodniZnacka&#8220;:&#8220;IZT 223\\\/10&#8243;,&#8220;DocumentNumber&#8220;:&#8220;593841010223&#8243;,&#8220;Title&#8220;:&#8220;Zpev\\u0148ovac\\u00ed prefabrik\\u00e1t var. III\\\/2&#8243;,&#8220;IssueNumber&#8220;:&#8220;1&#8243;,&#8220;ZPSV_R4_Vyk1_ZaLomitkem&#8220;:&#8220;\\\/2&#8243;,&#8220;file&#8220;:[]}],&#8220;ps&#8220;:[{&#8222;DateCreate&#8220;:&#8220;18.06.2015 12:29:23&#8243;,&#8220;ID&#8220;:&#8220;8&#8243;,&#8220;GUID&#8220;:&#8220;941921A8C273DADEC1257E6800399F7D&#8220;,&#8220;VYR_ID&#8220;:&#8220;112&#8243;,&#8220;VYR_Number&#8220;:&#8220;593841010223&#8243;,&#8220;VYR_ObchodniZnacka&#8220;:&#8220;IZT 223\\\/10&#8243;,&#8220;Number&#8220;:&#8220;31-01\\\/15&#8243;,&#8220;Nazev&#8220;:&#8220;Prefabrik\\u00e1t zpev\\u0148ovac\\u00ed&#8220;,&#8220;DatePlatnostDo&#8220;:&#8220;25.05.2018 0:00:00&#8243;,&#8220;ZavodName&#8220;:&#8220;31 Doloplazy&#8220;,&#8220;file&#8220;:[{&#8222;ID&#8220;:&#8220;12827&#8243;,&#8220;ResourceGUID&#8220;:&#8220;941921A8C273DADEC1257E6800399F7D&#8220;,&#8220;Name&#8220;:&#8220;1-POS-31-01-15.pdf&#8220;,&#8220;FileNameGUID&#8220;:&#8220;941921A8C273DADEC1257E6800399F7D_AM6D6LM9&#8243;,&#8220;Comment&#8220;:&#8220;&#8220;,&#8220;fileModel.Size&#8220;:&#8220;58436&#8243;,&#8220;Create&#8220;:&#8220;22.11.2023 7:52:14&#8243;,&#8220;MimeType&#8220;:&#8220;application\\\/octet-stream&#8220;,&#8220;ZPSV_WEB&#8220;:&#8220;True&#8220;}]}],&#8220;tpd&#8220;:[{&#8222;DateCreate&#8220;:&#8220;29.10.2024 10:25:30&#8243;,&#8220;ID&#8220;:&#8220;4424&#8243;,&#8220;GUID&#8220;:&#8220;77e15c6d-4793-4827-916b-7eccab85e079&#8243;,&#8220;VYR_ID&#8220;:&#8220;112&#8243;,&#8220;VYR_Number&#8220;:&#8220;593841010223&#8243;,&#8220;VYR_ObchodniZnacka&#8220;:&#8220;IZT 223\\\/10&#8243;,&#8220;DocumentNumber&#8220;:&#8220;TP-01\\\/24&#8243;,&#8220;Title&#8220;:&#8220;Prvky pro odvodn\\u011bn\\u00ed&#8220;,&#8220;IssueNumber&#8220;:&#8220;1&#8243;,&#8220;file&#8220;:[{&#8222;ID&#8220;:&#8220;15216&#8243;,&#8220;ResourceGUID&#8220;:&#8220;77e15c6d-4793-4827-916b-7eccab85e079&#8243;,&#8220;Name&#8220;:&#8220;TPD_01_2024_Prvky pro odvodn\\u011bn\\u00ed_final.pdf&#8220;,&#8220;FileNameGUID&#8220;:&#8220;66769769-c212-458f-9473-e79dd45ff224&#8243;,&#8220;Comment&#8220;:&#8220;&#8220;,&#8220;fileModel.Size&#8220;:&#8220;1442770&#8243;,&#8220;Create&#8220;:&#8220;29.10.2024 10:25:31&#8243;,&#8220;MimeType&#8220;:&#8220;application\\\/pdf&#8220;,&#8220;ZPSV_WEB&#8220;:&#8220;True&#8220;}]},{&#8222;DateCreate&#8220;:&#8220;&#8220;,&#8220;ID&#8220;:&#8220;1557&#8243;,&#8220;GUID&#8220;:&#8220;654DD5B7F1D280BEC1257E9300427DD0&#8243;,&#8220;VYR_ID&#8220;:&#8220;112&#8243;,&#8220;VYR_Number&#8220;:&#8220;593841010223&#8243;,&#8220;VYR_ObchodniZnacka&#8220;:&#8220;IZT 223\\\/10&#8243;,&#8220;DocumentNumber&#8220;:&#8220;TP-05\\\/10&#8243;,&#8220;Title&#8220;:&#8220;Zpev\\u0148ovac\\u00ed prefabrik\\u00e1ty&#8220;,&#8220;IssueNumber&#8220;:&#8220;2&#8243;,&#8220;file&#8220;:[{&#8222;ID&#8220;:&#8220;3712&#8243;,&#8220;ResourceGUID&#8220;:&#8220;654DD5B7F1D280BEC1257E9300427DD0&#8243;,&#8220;Name&#8220;:&#8220;TP-05_10 Zpev\\u0148ovac\\u00ed prefabrik\\u00e1ty (2-1).pdf&#8220;,&#8220;FileNameGUID&#8220;:&#8220;654DD5B7F1D280BEC1257E9300427DD0_N864PWIO&#8220;,&#8220;Comment&#8220;:&#8220;&#8220;,&#8220;fileModel.Size&#8220;:&#8220;521568&#8243;,&#8220;Create&#8220;:&#8220;17.08.2023 10:19:55&#8243;,&#8220;MimeType&#8220;:&#8220;application\\\/octet-stream&#8220;,&#8220;ZPSV_WEB&#8220;:&#8220;True&#8220;}]},{&#8222;DateCreate&#8220;:&#8220;&#8220;,&#8220;ID&#8220;:&#8220;1568&#8243;,&#8220;GUID&#8220;:&#8220;47A9F2F7CE140552C1257FBD0041F929&#8243;,&#8220;VYR_ID&#8220;:&#8220;112&#8243;,&#8220;VYR_Number&#8220;:&#8220;593841010223&#8243;,&#8220;VYR_ObchodniZnacka&#8220;:&#8220;IZT 223\\\/10&#8243;,&#8220;DocumentNumber&#8220;:&#8220;TP-06\\\/16&#8243;,&#8220;Title&#8220;:&#8220;Prvky pro odvodn\\u011bn\\u00ed (\\u017dSR)&#8220;,&#8220;IssueNumber&#8220;:&#8220;1&#8243;,&#8220;file&#8220;:[{&#8222;ID&#8220;:&#8220;3680&#8243;,&#8220;ResourceGUID&#8220;:&#8220;47A9F2F7CE140552C1257FBD0041F929&#8243;,&#8220;Name&#8220;:&#8220;TP-06_16 Prvky pro odvodn\\u011bn\\u00ed (1-1).pdf&#8220;,&#8220;FileNameGUID&#8220;:&#8220;47A9F2F7CE140552C1257FBD0041F929_K4OTLV1J&#8220;,&#8220;Comment&#8220;:&#8220;&#8220;,&#8220;fileModel.Size&#8220;:&#8220;1320697&#8243;,&#8220;Create&#8220;:&#8220;17.08.2023 10:19:55&#8243;,&#8220;MimeType&#8220;:&#8220;application\\\/octet-stream&#8220;,&#8220;ZPSV_WEB&#8220;:&#8220;True&#8220;}]}]}}<\/p>","protected":false},"excerpt":{"rendered":"<p>{&#8222;DateCreate&#8220;:&#8220;06.11.2002 14:47:02&#8243;,&#8220;ID&#8220;:&#8220;112&#8243;,&#8220;GUID&#8220;:&#8220;1E680646B890F2FBC1256C69004BB7B8&#8243;,&#8220;Nazev&#8220;:&#8220;Zpev\\u0148ovac\\u00ed prefabrik\\u00e1t var. III.\\\/2&#8243;,&#8220;Number&#8220;:&#8220;593841010223&#8243;,&#8220;ObchodniZnacka&#8220;:&#8220;IZT 223\\\/10&#8243;,&#8220;Zavods&#8220;:&#8220;31 Doloplazy&#8220;,&#8220;VyrPopisCZ&#8220;:&#8220;&#8220;,&#8220;VyrPopisDE&#8220;:&#8220;&#8220;,&#8220;VyrPopisEN&#8220;:&#8220;&#8220;,&#8220;VyrUrceniAPouzitCZ&#8220;:&#8220;Pou\\u017e\\u00edvaj\\u00ed se ke zpevn\\u011bn\\u00ed [&hellip;]<\/p>","protected":false},"author":1,"featured_media":0,"parent":158335,"menu_order":0,"comment_status":"closed","ping_status":"closed","template":"layouts\/page-katalog.php","meta":[],"_links":{"self":[{"href":"https:\/\/www.zpsv.cz\/en\/wp-json\/wp\/v2\/pages\/427901"}],"collection":[{"href":"https:\/\/www.zpsv.cz\/en\/wp-json\/wp\/v2\/pages"}],"about":[{"href":"https:\/\/www.zpsv.cz\/en\/wp-json\/wp\/v2\/types\/page"}],"author":[{"embeddable":true,"href":"https:\/\/www.zpsv.cz\/en\/wp-json\/wp\/v2\/users\/1"}],"replies":[{"embeddable":true,"href":"https:\/\/www.zpsv.cz\/en\/wp-json\/wp\/v2\/comments?post=427901"}],"version-history":[{"count":0,"href":"https:\/\/www.zpsv.cz\/en\/wp-json\/wp\/v2\/pages\/427901\/revisions"}],"up":[{"embeddable":true,"href":"https:\/\/www.zpsv.cz\/en\/wp-json\/wp\/v2\/pages\/158335"}],"wp:attachment":[{"href":"https:\/\/www.zpsv.cz\/en\/wp-json\/wp\/v2\/media?parent=427901"}],"curies":[{"name":"wp","href":"https:\/\/api.w.org\/{rel}","templated":true}]}}