{"id":427978,"date":"2026-04-29T06:31:23","date_gmt":"2026-04-29T04:31:23","guid":{"rendered":"https:\/\/www.zpsv.cz\/doplnkovy-sortiment\/kryty-z-dlazeb-a-dilcu\/betonova-dlazdice-vodici-linie-s-funkci-varovneho-pasu-typ-a\/"},"modified":"2026-04-29T06:31:23","modified_gmt":"2026-04-29T04:31:23","slug":"betonova-dlazdice-vodici-linie-s-funkci-varovneho-pasu-typ-a","status":"publish","type":"page","link":"https:\/\/www.zpsv.cz\/en\/doplnkovy-sortiment\/kryty-z-dlazeb-a-dilcu\/betonova-dlazdice-vodici-linie-s-funkci-varovneho-pasu-typ-a\/","title":{"rendered":"Betonov\u00e1 dla\u017edice vod\u00edc\u00ed linie s funkc\u00ed varovn\u00e9ho p\u00e1su typ A"},"content":{"rendered":"<p>{&#8222;DateCreate&#8220;:&#8220;06.11.2002 14:46:40&#8243;,&#8220;ID&#8220;:&#8220;290&#8243;,&#8220;GUID&#8220;:&#8220;01E3FF672A800F3BC1256C69004BAF1D&#8220;,&#8220;Nazev&#8220;:&#8220;Betonov\\u00e1 dla\\u017edice vod\\u00edc\\u00ed linie s funkc\\u00ed varovn\\u00e9ho p\\u00e1su typ A&#8220;,&#8220;Number&#8220;:&#8220;592464719010&#8243;,&#8220;ObchodniZnacka&#8220;:&#8220;HBB 10-19&#8243;,&#8220;Zavods&#8220;:&#8220;31 Doloplazy&#8220;,&#8220;VyrPopisCZ&#8220;:&#8220;&#8220;,&#8220;VyrPopisDE&#8220;:&#8220;&#8220;,&#8220;VyrPopisEN&#8220;:&#8220;&#8220;,&#8220;VyrUrceniAPouzitCZ&#8220;:&#8220;Betonov\\u00e9 dla\\u017edice varovn\\u00e9ho p\\u00e1su slou\\u010den\\u00e9ho s vod\\u00edc\\u00ed l\\u00edni\\u00ed maj\\u00ed povrch tvaru sinusovky. Slou\\u017e\\u00ed pro vytv\\u00e1\\u0159en\\u00ed vod\\u00edc\\u00edho pruhu pro slabozrak\\u00e9 a nevidom\\u00e9 v m\\u00edstech, kde varovn\\u00fd p\\u00e1s nen\\u00ed vytvo\\u0159en jinak. Po\\u010det kus\\u016f na palet\\u011b 60ks.&#8220;,&#8220;VyrUrceniAPouzitDE&#8220;:&#8220;&#8220;,&#8220;VyrUrceniAPouzitEN&#8220;:&#8220;The concrete pavers of the warning strip united with the guide line have surface in sinusoid form. They serve for forming of a guide strip for visually handicapped and blind persons in places, where a warning strip is not formed in a different way.&#8220;,&#8220;VyrNazevCZ&#8220;:&#8220;Betonov\\u00e1 dla\\u017edice varovn\\u00e9ho p\\u00e1su slou\\u010den\\u00e9ho s vod\\u00edc\\u00ed lini\\u00ed typ A&#8220;,&#8220;VyrNazevDE&#8220;:&#8220;&#8220;,&#8220;VyrNazevEN&#8220;:&#8220;Concrete paver VPSsVL type A&#8220;,&#8220;Beton&#8220;:&#8220;C 35\\\/45-XF4&#8243;,&#8220;ObjemPrvku&#8220;:&#8220;0,0113&#8243;,&#8220;HmotnostPrvku&#8220;:&#8220;26&#8243;,&#8220;L&#8220;:&#8220;49,5&#8243;,&#8220;B&#8220;:&#8220;40&#8243;,&#8220;H&#8220;:&#8220;6&#8243;,&#8220;T&#8220;:&#8220;&#8220;,&#8220;D&#8220;:&#8220;&#8220;,&#8220;R&#8220;:&#8220;&#8220;,&#8220;L_2&#8243;:&#8220;&#8220;,&#8220;B_2&#8243;:&#8220;&#8220;,&#8220;H_2&#8243;:&#8220;&#8220;,&#8220;T_2&#8243;:&#8220;&#8220;,&#8220;D_2&#8243;:&#8220;&#8220;,&#8220;R_2&#8243;:&#8220;&#8220;,&#8220;L_1&#8243;:&#8220;&#8220;,&#8220;B_1&#8243;:&#8220;&#8220;,&#8220;H_1&#8243;:&#8220;&#8220;,&#8220;T_1&#8243;:&#8220;&#8220;,&#8220;D_1&#8243;:&#8220;&#8220;,&#8220;R_1&#8243;:&#8220;&#8220;,&#8220;KategorieName&#8220;:&#8220;Dopravn\\u00ed a in\\u017een\\u00fdrsk\\u00e9 stavby&#8220;,&#8220;PodkategorieName&#8220;:&#8220;Kryty z dla\\u017eeb a d\\u00edlc\\u016f&#8220;,&#8220;attachments&#8220;:{&#8222;designs&#8220;:[{&#8222;DateCreate&#8220;:&#8220;&#8220;,&#8220;ID&#8220;:&#8220;2444&#8243;,&#8220;GUID&#8220;:&#8220;F71060F7CCA0D308C12579AA00383EC0&#8243;,&#8220;VYR_ID&#8220;:&#8220;290&#8243;,&#8220;VYR_Number&#8220;:&#8220;592464719010&#8243;,&#8220;VYR_ObchodniZnacka&#8220;:&#8220;HBB 10-19&#8243;,&#8220;DocumentNumber&#8220;:&#8220;592464719010&#8243;,&#8220;Title&#8220;:&#8220;Betonov\\u00e1 dla\\u017edice VLsVP typ A s vymezen\\u00edm&#8220;,&#8220;IssueNumber&#8220;:&#8220;1&#8243;,&#8220;ZPSV_R4_Vyk1_ZaLomitkem&#8220;:&#8220;\\\/1b&#8220;,&#8220;file&#8220;:[]},{&#8222;DateCreate&#8220;:&#8220;&#8220;,&#8220;ID&#8220;:&#8220;2843&#8243;,&#8220;GUID&#8220;:&#8220;E05C67C4B7C37E83C1256FC100369488&#8243;,&#8220;VYR_ID&#8220;:&#8220;290&#8243;,&#8220;VYR_Number&#8220;:&#8220;592464719010&#8243;,&#8220;VYR_ObchodniZnacka&#8220;:&#8220;HBB 10-19&#8243;,&#8220;DocumentNumber&#8220;:&#8220;592464719010&#8243;,&#8220;Title&#8220;:&#8220;Betonov\\u00e1 dla\\u017edice VLsVP typ A&#8220;,&#8220;IssueNumber&#8220;:&#8220;1&#8243;,&#8220;ZPSV_R4_Vyk1_ZaLomitkem&#8220;:&#8220;\\\/1&#8243;,&#8220;file&#8220;:[]},{&#8222;DateCreate&#8220;:&#8220;&#8220;,&#8220;ID&#8220;:&#8220;2908&#8243;,&#8220;GUID&#8220;:&#8220;01B009280EB78518C1257623003A0E4F&#8220;,&#8220;VYR_ID&#8220;:&#8220;290&#8243;,&#8220;VYR_Number&#8220;:&#8220;592464719010&#8243;,&#8220;VYR_ObchodniZnacka&#8220;:&#8220;HBB 10-19&#8243;,&#8220;DocumentNumber&#8220;:&#8220;592464719010&#8243;,&#8220;Title&#8220;:&#8220;Betonov\\u00e1 dla\\u017edice VLsVP typ A se zkosenou hranou&#8220;,&#8220;IssueNumber&#8220;:&#8220;1&#8243;,&#8220;ZPSV_R4_Vyk1_ZaLomitkem&#8220;:&#8220;\\\/1a&#8220;,&#8220;file&#8220;:[]},{&#8222;DateCreate&#8220;:&#8220;&#8220;,&#8220;ID&#8220;:&#8220;3033&#8243;,&#8220;GUID&#8220;:&#8220;626731282C21F254C12579AA0040E4B5&#8243;,&#8220;VYR_ID&#8220;:&#8220;290&#8243;,&#8220;VYR_Number&#8220;:&#8220;592464719010&#8243;,&#8220;VYR_ObchodniZnacka&#8220;:&#8220;HBB 10-19&#8243;,&#8220;DocumentNumber&#8220;:&#8220;592464719010&#8243;,&#8220;Title&#8220;:&#8220;Betonov\\u00e1 dla\\u017edice VLsVP typ A s vymezen\\u00edm trap\\u00e9z&#8220;,&#8220;IssueNumber&#8220;:&#8220;1&#8243;,&#8220;ZPSV_R4_Vyk1_ZaLomitkem&#8220;:&#8220;\\\/1c&#8220;,&#8220;file&#8220;:[]},{&#8222;DateCreate&#8220;:&#8220;&#8220;,&#8220;ID&#8220;:&#8220;2443&#8243;,&#8220;GUID&#8220;:&#8220;258696F17919BC81C1256FC100375DC3&#8243;,&#8220;VYR_ID&#8220;:&#8220;290&#8243;,&#8220;VYR_Number&#8220;:&#8220;592464719010&#8243;,&#8220;VYR_ObchodniZnacka&#8220;:&#8220;HBB 10-19&#8243;,&#8220;DocumentNumber&#8220;:&#8220;592464719010&#8243;,&#8220;Title&#8220;:&#8220;Betonov\\u00e1 dla\\u017edice VLsVP typ A&#8220;,&#8220;IssueNumber&#8220;:&#8220;1&#8243;,&#8220;ZPSV_R4_Vyk1_ZaLomitkem&#8220;:&#8220;\\\/2&#8243;,&#8220;file&#8220;:[]},{&#8222;DateCreate&#8220;:&#8220;&#8220;,&#8220;ID&#8220;:&#8220;2844&#8243;,&#8220;GUID&#8220;:&#8220;3F5FCD3C981C511DC1256FC10036DA5F&#8220;,&#8220;VYR_ID&#8220;:&#8220;290&#8243;,&#8220;VYR_Number&#8220;:&#8220;592464719010&#8243;,&#8220;VYR_ObchodniZnacka&#8220;:&#8220;HBB 10-19&#8243;,&#8220;DocumentNumber&#8220;:&#8220;592464719010&#8243;,&#8220;Title&#8220;:&#8220;Betonov\\u00e1 dla\\u017edice VLsVP typ A se zkosenou hranou&#8220;,&#8220;IssueNumber&#8220;:&#8220;1&#8243;,&#8220;ZPSV_R4_Vyk1_ZaLomitkem&#8220;:&#8220;\\\/2a&#8220;,&#8220;file&#8220;:[]}],&#8220;ps&#8220;:[{&#8222;DateCreate&#8220;:&#8220;21.08.2023 9:58:42&#8243;,&#8220;ID&#8220;:&#8220;77&#8243;,&#8220;GUID&#8220;:&#8220;977EC52C43F05180C1258A12002BD3E9&#8243;,&#8220;VYR_ID&#8220;:&#8220;290&#8243;,&#8220;VYR_Number&#8220;:&#8220;592464719010&#8243;,&#8220;VYR_ObchodniZnacka&#8220;:&#8220;HBB 10-19&#8243;,&#8220;Number&#8220;:&#8220;31-13\\\/23&#8243;,&#8220;Nazev&#8220;:&#8220;Betonov\\u00e1 dla\\u017edice varovn\\u00e9ho p\\u00e1su slou\\u010den\\u00e9ho s vod\\u00edc\\u00ed lini\\u00ed typ A a typ B&#8220;,&#8220;DatePlatnostDo&#8220;:&#8220;30.04.2026 0:00:00&#8243;,&#8220;ZavodName&#8220;:&#8220;31 Doloplazy&#8220;,&#8220;file&#8220;:[{&#8222;ID&#8220;:&#8220;12831&#8243;,&#8220;ResourceGUID&#8220;:&#8220;977EC52C43F05180C1258A12002BD3E9&#8243;,&#8220;Name&#8220;:&#8220;1 &#8211; POS 31-13-23.pdf&#8220;,&#8220;FileNameGUID&#8220;:&#8220;977EC52C43F05180C1258A12002BD3E9_LE2R8Z77&#8243;,&#8220;Comment&#8220;:&#8220;&#8220;,&#8220;fileModel.Size&#8220;:&#8220;63500&#8243;,&#8220;Create&#8220;:&#8220;22.11.2023 7:52:14&#8243;,&#8220;MimeType&#8220;:&#8220;application\\\/octet-stream&#8220;,&#8220;ZPSV_WEB&#8220;:&#8220;True&#8220;}]}],&#8220;tpd&#8220;:[{&#8222;DateCreate&#8220;:&#8220;&#8220;,&#8220;ID&#8220;:&#8220;1548&#8243;,&#8220;GUID&#8220;:&#8220;CBD0C9C2745DCFF3C1257E90001C7CD3&#8243;,&#8220;VYR_ID&#8220;:&#8220;290&#8243;,&#8220;VYR_Number&#8220;:&#8220;592464719010&#8243;,&#8220;VYR_ObchodniZnacka&#8220;:&#8220;HBB 10-19&#8243;,&#8220;DocumentNumber&#8220;:&#8220;TP-06\\\/05&#8243;,&#8220;Title&#8220;:&#8220;Betonov\\u00e9 obrubn\\u00edky, dla\\u017eebn\\u00ed desky a bloky &#8222;,&#8220;IssueNumber&#8220;:&#8220;3&#8243;,&#8220;file&#8220;:[{&#8222;ID&#8220;:&#8220;3856&#8243;,&#8220;ResourceGUID&#8220;:&#8220;CBD0C9C2745DCFF3C1257E90001C7CD3&#8243;,&#8220;Name&#8220;:&#8220;TP-06_05 Betonov\\u00e9 obrubn\\u00edky_ dla\\u017eebn\\u00ed desky a bloky (3-2).pdf&#8220;,&#8220;FileNameGUID&#8220;:&#8220;CBD0C9C2745DCFF3C1257E90001C7CD3_7KNMUQ64&#8243;,&#8220;Comment&#8220;:&#8220;&#8220;,&#8220;fileModel.Size&#8220;:&#8220;564747&#8243;,&#8220;Create&#8220;:&#8220;17.08.2023 10:19:56&#8243;,&#8220;MimeType&#8220;:&#8220;application\\\/octet-stream&#8220;,&#8220;ZPSV_WEB&#8220;:&#8220;True&#8220;}]},{&#8222;DateCreate&#8220;:&#8220;&#8220;,&#8220;ID&#8220;:&#8220;1580&#8243;,&#8220;GUID&#8220;:&#8220;3A44AC39D8FAEF4DC1258972003C6A83&#8243;,&#8220;VYR_ID&#8220;:&#8220;290&#8243;,&#8220;VYR_Number&#8220;:&#8220;592464719010&#8243;,&#8220;VYR_ObchodniZnacka&#8220;:&#8220;HBB 10-19&#8243;,&#8220;DocumentNumber&#8220;:&#8220;TP-592-121-09\\\/97&#8243;,&#8220;Title&#8220;:&#8220;Konzolov\\u00e9 desky \\u0159ady K-, KS-, KD-, KTD-&#8222;,&#8220;IssueNumber&#8220;:&#8220;5&#8243;,&#8220;file&#8220;:[]}]}}<\/p>","protected":false},"excerpt":{"rendered":"<p>{&#8222;DateCreate&#8220;:&#8220;06.11.2002 14:46:40&#8243;,&#8220;ID&#8220;:&#8220;290&#8243;,&#8220;GUID&#8220;:&#8220;01E3FF672A800F3BC1256C69004BAF1D&#8220;,&#8220;Nazev&#8220;:&#8220;Betonov\\u00e1 dla\\u017edice vod\\u00edc\\u00ed linie s funkc\\u00ed varovn\\u00e9ho p\\u00e1su typ [&hellip;]<\/p>","protected":false},"author":1,"featured_media":0,"parent":158335,"menu_order":0,"comment_status":"closed","ping_status":"closed","template":"layouts\/page-katalog.php","meta":[],"_links":{"self":[{"href":"https:\/\/www.zpsv.cz\/en\/wp-json\/wp\/v2\/pages\/427978"}],"collection":[{"href":"https:\/\/www.zpsv.cz\/en\/wp-json\/wp\/v2\/pages"}],"about":[{"href":"https:\/\/www.zpsv.cz\/en\/wp-json\/wp\/v2\/types\/page"}],"author":[{"embeddable":true,"href":"https:\/\/www.zpsv.cz\/en\/wp-json\/wp\/v2\/users\/1"}],"replies":[{"embeddable":true,"href":"https:\/\/www.zpsv.cz\/en\/wp-json\/wp\/v2\/comments?post=427978"}],"version-history":[{"count":0,"href":"https:\/\/www.zpsv.cz\/en\/wp-json\/wp\/v2\/pages\/427978\/revisions"}],"up":[{"embeddable":true,"href":"https:\/\/www.zpsv.cz\/en\/wp-json\/wp\/v2\/pages\/158335"}],"wp:attachment":[{"href":"https:\/\/www.zpsv.cz\/en\/wp-json\/wp\/v2\/media?parent=427978"}],"curies":[{"name":"wp","href":"https:\/\/api.w.org\/{rel}","templated":true}]}}