{"id":428054,"date":"2026-04-29T06:32:06","date_gmt":"2026-04-29T04:32:06","guid":{"rendered":"https:\/\/www.zpsv.cz\/kolejove-dopravni-stavby\/kolejnicove-podpory\/vyhybkovy-prazec-vps-s-t-i-arm\/"},"modified":"2026-04-29T06:32:06","modified_gmt":"2026-04-29T04:32:06","slug":"vyhybkovy-prazec-vps-s-t-i-arm","status":"publish","type":"page","link":"https:\/\/www.zpsv.cz\/en\/kolejove-dopravni-stavby\/kolejnicove-podpory\/vyhybkovy-prazec-vps-s-t-i-arm\/","title":{"rendered":"V\u00fdhybkov\u00fd pra\u017eec VPS (S.T.I. ARM)"},"content":{"rendered":"<p>{&#8222;DateCreate&#8220;:&#8220;06.11.2002 14:46:28&#8243;,&#8220;ID&#8220;:&#8220;560&#8243;,&#8220;GUID&#8220;:&#8220;0F7EED859F8A428CC1256C69004BAA88&#8243;,&#8220;Nazev&#8220;:&#8220;V\\u00fdhybkov\\u00fd pra\\u017eec VPS (S.T.I. ARM)&#8220;,&#8220;Number&#8220;:&#8220;592112719031&#8243;,&#8220;ObchodniZnacka&#8220;:&#8220;APP 31-19&#8243;,&#8220;Zavods&#8220;:&#8220;31 Doloplazy&#8220;,&#8220;VyrPopisCZ&#8220;:&#8220;&#8220;,&#8220;VyrPopisDE&#8220;:&#8220;&#8220;,&#8220;VyrPopisEN&#8220;:&#8220;&#8220;,&#8220;VyrUrceniAPouzitCZ&#8220;:&#8220;V\\u00fdroba a dod\\u00e1vka betonov\\u00fdch v\\u00fdhybkov\\u00fdch p\\u0159edepjat\\u00fdch pra\\u017ec\\u016f VPS s podkladnicov\\u00fdm upevn\\u011bn\\u00edm kolejnic rozchodu 1435 mm ur\\u010den\\u00fdch pro zabudov\\u00e1n\\u00ed do \\u017eelezni\\u010dn\\u00edch drah v majetku \\u010cesk\\u00e9 republiky, se kter\\u00fdmi m\\u00e1 pr\\u00e1vo hospoda\\u0159it Spr\\u00e1va \\u017eeleznic, st\\u00e1tn\\u00ed organizace.\\rPra\\u017ece VPS jsou ur\\u010deny pro podkladnicov\\u00e9 pru\\u017en\\u00e9 nebo tuh\\u00e9 upevn\\u011bn\\u00ed kolejnic, ploch\\u00e1 \\u017eebrov\\u00e1 podkladnice, Vossloh Skl 12 nebo pru\\u017en\\u00e1 konverze Pandrol.\\r\\rRychlost 120 km\\\/hod \\u2013 rychlostn\\u00ed p\\u00e1smo 0-2 \\u2013 hmotnost na n\\u00e1pravu 18 t (ANO), 22,5 t (ANO), 25 t (ANO)\\rRychlost 160 km\\\/hod \\u2013 rychlostn\\u00ed p\\u00e1smo 0-3 \\u2013 hmotnost na n\\u00e1pravu 18 t (ANO), 22,5 t (ANO), 25 t (ANO)\\rRychlost 220 km\\\/hod \\u2013 rychlostn\\u00ed p\\u00e1smo 0-4 \\u2013 hmotnost na n\\u00e1pravu 18 t (ANO), 22,5 t (ANO), 25 t (ANO)\\rRychlost 300 km\\\/hod \\u2013 rychlostn\\u00ed p\\u00e1smo 0-5 \\u2013 hmotnost na n\\u00e1pravu 18 t (ANO), 22,5 t (ANO), 25 t (NE)&#8220;,&#8220;VyrUrceniAPouzitDE&#8220;:&#8220;&#8220;,&#8220;VyrUrceniAPouzitEN&#8220;:&#8220;Production and delivery of concrete switch prestressed sleepers VPS with base fastening of 1435 mm gauge rails intended for installation in railways owned by the Czech Republic, which the Spr\\u00e1va \\u017eeleznic, st\\u00e1tn\\u00ed organizace, has the right to manage.\\rVPS sleepers are designed for base or flexible rail fastening, flat ribbed base, Vossloh Skl 12 or Pandrol flexible conversion.\\r\\rSpeed 120 km \\\/ h &#8211; speed range 0-2 &#8211; weight per axle 18 t (YES), 22.5 t (YES), 25 t (YES)\\rSpeed 160 km \\\/ h &#8211; speed range 0-3 &#8211; weight per axle 18 t (YES), 22.5 t (YES), 25 t (YES)\\rSpeed 220 km \\\/ h &#8211; speed range 0-4 &#8211; weight per axle 18 t (YES), 22.5 t (YES), 25 t (YES)\\rSpeed 300 km \\\/ h &#8211; speed range 0-5 &#8211; weight per axle 18 t (YES), 22.5 t (YES), 25 t (NO)&#8220;,&#8220;VyrNazevCZ&#8220;:&#8220;V\\u00fdhybkov\\u00fd pra\\u017eec VPS (S.T.I. ARM)&#8220;,&#8220;VyrNazevDE&#8220;:&#8220;&#8220;,&#8220;VyrNazevEN&#8220;:&#8220;Switch sleeper S.T.I. ARM (VPS)&#8220;,&#8220;Beton&#8220;:&#8220;C 50\\\/60-XF1&#8243;,&#8220;ObjemPrvku&#8220;:&#8220;0,064 bm&#8220;,&#8220;HmotnostPrvku&#8220;:&#8220;160 bm&#8220;,&#8220;L&#8220;:&#8220;220 a\\u017e 470&#8243;,&#8220;B&#8220;:&#8220;30,4&#8243;,&#8220;H&#8220;:&#8220;22&#8243;,&#8220;T&#8220;:&#8220;&#8220;,&#8220;D&#8220;:&#8220;&#8220;,&#8220;R&#8220;:&#8220;&#8220;,&#8220;L_2&#8243;:&#8220;&#8220;,&#8220;B_2&#8243;:&#8220;&#8220;,&#8220;H_2&#8243;:&#8220;&#8220;,&#8220;T_2&#8243;:&#8220;&#8220;,&#8220;D_2&#8243;:&#8220;&#8220;,&#8220;R_2&#8243;:&#8220;1&#8243;,&#8220;L_1&#8243;:&#8220;&#8220;,&#8220;B_1&#8243;:&#8220;27,5&#8243;,&#8220;H_1&#8243;:&#8220;&#8220;,&#8220;T_1&#8243;:&#8220;&#8220;,&#8220;D_1&#8243;:&#8220;&#8220;,&#8220;R_1&#8243;:&#8220;&#8220;,&#8220;KategorieName&#8220;:&#8220;Dopravn\\u00ed a in\\u017een\\u00fdrsk\\u00e9 stavby&#8220;,&#8220;PodkategorieName&#8220;:&#8220;Kolejnicov\\u00e9 podpory&#8220;,&#8220;attachments&#8220;:{&#8222;designs&#8220;:[{&#8222;DateCreate&#8220;:&#8220;&#8220;,&#8220;ID&#8220;:&#8220;1862&#8243;,&#8220;GUID&#8220;:&#8220;72E82B9839CF68C1C125759B0021EB3B&#8220;,&#8220;VYR_ID&#8220;:&#8220;560&#8243;,&#8220;VYR_Number&#8220;:&#8220;592112719031&#8243;,&#8220;VYR_ObchodniZnacka&#8220;:&#8220;APP 31-19&#8243;,&#8220;DocumentNumber&#8220;:&#8220;M-07-49-00&#8243;,&#8220;Title&#8220;:&#8220;Zku\\u0161ebn\\u00ed trn hmo\\u017edinky VPS&#8220;,&#8220;IssueNumber&#8220;:&#8220;1&#8243;,&#8220;ZPSV_R4_Vyk1_ZaLomitkem&#8220;:&#8220;&#8220;,&#8220;file&#8220;:[]},{&#8222;DateCreate&#8220;:&#8220;&#8220;,&#8220;ID&#8220;:&#8220;1861&#8243;,&#8220;GUID&#8220;:&#8220;700D07A8D6A0DEB0C125759B00219145&#8243;,&#8220;VYR_ID&#8220;:&#8220;560&#8243;,&#8220;VYR_Number&#8220;:&#8220;592112719031&#8243;,&#8220;VYR_ObchodniZnacka&#8220;:&#8220;APP 31-19&#8243;,&#8220;DocumentNumber&#8220;:&#8220;M-08-51-00&#8243;,&#8220;Title&#8220;:&#8220;M\\u011b\\u0159idlo sklonu hmo\\u017edinky na VPS&#8220;,&#8220;IssueNumber&#8220;:&#8220;1&#8243;,&#8220;ZPSV_R4_Vyk1_ZaLomitkem&#8220;:&#8220;&#8220;,&#8220;file&#8220;:[]},{&#8222;DateCreate&#8220;:&#8220;&#8220;,&#8220;ID&#8220;:&#8220;2246&#8243;,&#8220;GUID&#8220;:&#8220;544D8A6F1B718334C125754B003E5970&#8243;,&#8220;VYR_ID&#8220;:&#8220;560&#8243;,&#8220;VYR_Number&#8220;:&#8220;592112719031&#8243;,&#8220;VYR_ObchodniZnacka&#8220;:&#8220;APP 31-19&#8243;,&#8220;DocumentNumber&#8220;:&#8220;592112719031&#8243;,&#8220;Title&#8220;:&#8220;obchodn\\u00ed v\\u00fdkres v\\u00fdhybkov\\u00e9ho pra\\u017ece VPS&#8220;,&#8220;IssueNumber&#8220;:&#8220;1&#8243;,&#8220;ZPSV_R4_Vyk1_ZaLomitkem&#8220;:&#8220;&#8220;,&#8220;file&#8220;:[]},{&#8222;DateCreate&#8220;:&#8220;&#8220;,&#8220;ID&#8220;:&#8220;4123&#8243;,&#8220;GUID&#8220;:&#8220;A503F56E97DC5C74C12588470018EDC8&#8243;,&#8220;VYR_ID&#8220;:&#8220;560&#8243;,&#8220;VYR_Number&#8220;:&#8220;592112719031&#8243;,&#8220;VYR_ObchodniZnacka&#8220;:&#8220;APP 31-19&#8243;,&#8220;DocumentNumber&#8220;:&#8220;592112719031&#8243;,&#8220;Title&#8220;:&#8220;Pra\\u017eec VPS s USP&#8220;,&#8220;IssueNumber&#8220;:&#8220;1&#8243;,&#8220;ZPSV_R4_Vyk1_ZaLomitkem&#8220;:&#8220;\\\/7&#8243;,&#8220;file&#8220;:[]},{&#8222;DateCreate&#8220;:&#8220;&#8220;,&#8220;ID&#8220;:&#8220;3984&#8243;,&#8220;GUID&#8220;:&#8220;D436A2D272A54037C125865C0038C9F6&#8243;,&#8220;VYR_ID&#8220;:&#8220;560&#8243;,&#8220;VYR_Number&#8220;:&#8220;592112719031&#8243;,&#8220;VYR_ObchodniZnacka&#8220;:&#8220;APP 31-19&#8243;,&#8220;DocumentNumber&#8220;:&#8220;592112719031&#8243;,&#8220;Title&#8220;:&#8220;t\\u0159m\\u00ednek a h\\u0159eben&#8220;,&#8220;IssueNumber&#8220;:&#8220;1&#8243;,&#8220;ZPSV_R4_Vyk1_ZaLomitkem&#8220;:&#8220;&#8220;,&#8220;file&#8220;:[]},{&#8222;DateCreate&#8220;:&#8220;&#8220;,&#8220;ID&#8220;:&#8220;3257&#8243;,&#8220;GUID&#8220;:&#8220;A56F45F67D766E8BC125737D0029FF62&#8243;,&#8220;VYR_ID&#8220;:&#8220;560&#8243;,&#8220;VYR_Number&#8220;:&#8220;592112719031&#8243;,&#8220;VYR_ObchodniZnacka&#8220;:&#8220;APP 31-19&#8243;,&#8220;DocumentNumber&#8220;:&#8220;592112719031&#8243;,&#8220;Title&#8220;:&#8220;v\\u00fdhybkov\\u00fd pra\\u017eec VPS&#8220;,&#8220;IssueNumber&#8220;:&#8220;1&#8243;,&#8220;ZPSV_R4_Vyk1_ZaLomitkem&#8220;:&#8220;\\\/0&#8243;,&#8220;file&#8220;:[]},{&#8222;DateCreate&#8220;:&#8220;&#8220;,&#8220;ID&#8220;:&#8220;3753&#8243;,&#8220;GUID&#8220;:&#8220;28086C7019E9602BC12580CD003AFCDA&#8220;,&#8220;VYR_ID&#8220;:&#8220;560&#8243;,&#8220;VYR_Number&#8220;:&#8220;592112719031&#8243;,&#8220;VYR_ObchodniZnacka&#8220;:&#8220;APP 31-19&#8243;,&#8220;DocumentNumber&#8220;:&#8220;592112719031&#8243;,&#8220;Title&#8220;:&#8220;dodatek k v\\u00fdkresu VPS&#8220;,&#8220;IssueNumber&#8220;:&#8220;1&#8243;,&#8220;ZPSV_R4_Vyk1_ZaLomitkem&#8220;:&#8220;3&#8243;,&#8220;file&#8220;:[]}],&#8220;ps&#8220;:[{&#8222;DateCreate&#8220;:&#8220;17.06.2025 9:58:15&#8243;,&#8220;ID&#8220;:&#8220;366&#8243;,&#8220;GUID&#8220;:&#8220;69cbf77a-5b30-435a-9600-d81ba221ba3c&#8220;,&#8220;VYR_ID&#8220;:&#8220;560&#8243;,&#8220;VYR_Number&#8220;:&#8220;592112719031&#8243;,&#8220;VYR_ObchodniZnacka&#8220;:&#8220;APP 31-19&#8243;,&#8220;Number&#8220;:&#8220;31-05\\\/25&#8243;,&#8220;Nazev&#8220;:&#8220;V\\u00fdhybkov\\u00fd pra\\u017eec VPS&#8220;,&#8220;DatePlatnostDo&#8220;:&#8220;25.05.2026 0:00:00&#8243;,&#8220;ZavodName&#8220;:&#8220;31 Doloplazy&#8220;,&#8220;file&#8220;:[{&#8222;ID&#8220;:&#8220;16461&#8243;,&#8220;ResourceGUID&#8220;:&#8220;69cbf77a-5b30-435a-9600-d81ba221ba3c&#8220;,&#8220;Name&#8220;:&#8220;1 &#8211; POV 31-05-25.pdf&#8220;,&#8220;FileNameGUID&#8220;:&#8220;86303b09-bfff-4848-9920-e635ffd509fd&#8220;,&#8220;Comment&#8220;:&#8220;&#8220;,&#8220;fileModel.Size&#8220;:&#8220;473911&#8243;,&#8220;Create&#8220;:&#8220;17.06.2025 10:01:53&#8243;,&#8220;MimeType&#8220;:&#8220;application\\\/pdf&#8220;,&#8220;ZPSV_WEB&#8220;:&#8220;True&#8220;}]}],&#8220;tpd&#8220;:[{&#8222;DateCreate&#8220;:&#8220;&#8220;,&#8220;ID&#8220;:&#8220;1569&#8243;,&#8220;GUID&#8220;:&#8220;A6B5F7F856D006E9C1257FBF00254367&#8243;,&#8220;VYR_ID&#8220;:&#8220;560&#8243;,&#8220;VYR_Number&#8220;:&#8220;592112719031&#8243;,&#8220;VYR_ObchodniZnacka&#8220;:&#8220;APP 31-19&#8243;,&#8220;DocumentNumber&#8220;:&#8220;TP-03\\\/07&#8243;,&#8220;Title&#8220;:&#8220;V\\u00fdhybkov\\u00fd pra\\u017eec VPS (S\\u017dDC)&#8220;,&#8220;IssueNumber&#8220;:&#8220;2&#8243;,&#8220;file&#8220;:[{&#8222;ID&#8220;:&#8220;3796&#8243;,&#8220;ResourceGUID&#8220;:&#8220;A6B5F7F856D006E9C1257FBF00254367&#8243;,&#8220;Name&#8220;:&#8220;TP-03_07 V\\u00fdhybkov\\u00fd pra\\u017eec VPS (2-1).pdf&#8220;,&#8220;FileNameGUID&#8220;:&#8220;A6B5F7F856D006E9C1257FBF00254367_3AHGQXTU&#8220;,&#8220;Comment&#8220;:&#8220;&#8220;,&#8220;fileModel.Size&#8220;:&#8220;4081275&#8243;,&#8220;Create&#8220;:&#8220;17.08.2023 10:19:56&#8243;,&#8220;MimeType&#8220;:&#8220;application\\\/octet-stream&#8220;,&#8220;ZPSV_WEB&#8220;:&#8220;True&#8220;}]}]}}<\/p>","protected":false},"excerpt":{"rendered":"<p>{&#8222;DateCreate&#8220;:&#8220;06.11.2002 14:46:28&#8243;,&#8220;ID&#8220;:&#8220;560&#8243;,&#8220;GUID&#8220;:&#8220;0F7EED859F8A428CC1256C69004BAA88&#8243;,&#8220;Nazev&#8220;:&#8220;V\\u00fdhybkov\\u00fd pra\\u017eec VPS (S.T.I. ARM)&#8220;,&#8220;Number&#8220;:&#8220;592112719031&#8243;,&#8220;ObchodniZnacka&#8220;:&#8220;APP 31-19&#8243;,&#8220;Zavods&#8220;:&#8220;31 Doloplazy&#8220;,&#8220;VyrPopisCZ&#8220;:&#8220;&#8220;,&#8220;VyrPopisDE&#8220;:&#8220;&#8220;,&#8220;VyrPopisEN&#8220;:&#8220;&#8220;,&#8220;VyrUrceniAPouzitCZ&#8220;:&#8220;V\\u00fdroba a dod\\u00e1vka [&hellip;]<\/p>","protected":false},"author":1,"featured_media":0,"parent":158317,"menu_order":0,"comment_status":"closed","ping_status":"closed","template":"layouts\/page-katalog.php","meta":[],"_links":{"self":[{"href":"https:\/\/www.zpsv.cz\/en\/wp-json\/wp\/v2\/pages\/428054"}],"collection":[{"href":"https:\/\/www.zpsv.cz\/en\/wp-json\/wp\/v2\/pages"}],"about":[{"href":"https:\/\/www.zpsv.cz\/en\/wp-json\/wp\/v2\/types\/page"}],"author":[{"embeddable":true,"href":"https:\/\/www.zpsv.cz\/en\/wp-json\/wp\/v2\/users\/1"}],"replies":[{"embeddable":true,"href":"https:\/\/www.zpsv.cz\/en\/wp-json\/wp\/v2\/comments?post=428054"}],"version-history":[{"count":0,"href":"https:\/\/www.zpsv.cz\/en\/wp-json\/wp\/v2\/pages\/428054\/revisions"}],"up":[{"embeddable":true,"href":"https:\/\/www.zpsv.cz\/en\/wp-json\/wp\/v2\/pages\/158317"}],"wp:attachment":[{"href":"https:\/\/www.zpsv.cz\/en\/wp-json\/wp\/v2\/media?parent=428054"}],"curies":[{"name":"wp","href":"https:\/\/api.w.org\/{rel}","templated":true}]}}