{"id":428221,"date":"2026-04-29T06:33:44","date_gmt":"2026-04-29T04:33:44","guid":{"rendered":"https:\/\/www.zpsv.cz\/kolejove-dopravni-stavby\/prvky-pro-zeleznicni-znackovani\/sloupek-u-600-pro-konzolovou-zajistovaci-znacku-zz1\/"},"modified":"2026-04-29T06:33:44","modified_gmt":"2026-04-29T04:33:44","slug":"sloupek-u-600-pro-konzolovou-zajistovaci-znacku-zz1","status":"publish","type":"page","link":"https:\/\/www.zpsv.cz\/en\/kolejove-dopravni-stavby\/prvky-pro-zeleznicni-znackovani\/sloupek-u-600-pro-konzolovou-zajistovaci-znacku-zz1\/","title":{"rendered":"Sloupek U-600 pro konzolovou zaji\u0161\u0165ovac\u00ed zna\u010dku ZZ1"},"content":{"rendered":"<p>{&#8222;DateCreate&#8220;:&#8220;26.02.2018 11:09:32&#8243;,&#8220;ID&#8220;:&#8220;1599&#8243;,&#8220;GUID&#8220;:&#8220;06290FBD3C80179DC12582400037CDFF&#8220;,&#8220;Nazev&#8220;:&#8220;Sloupek U-600 pro konzolovou zaji\\u0161\\u0165ovac\\u00ed zna\\u010dku ZZ1&#8243;,&#8220;Number&#8220;:&#8220;592121719414&#8243;,&#8220;ObchodniZnacka&#8220;:&#8220;AZZ 414-19&#8243;,&#8220;Zavods&#8220;:&#8220;31 Doloplazy&#8220;,&#8220;VyrPopisCZ&#8220;:&#8220;Jedn\\u00e1 se o prefabrik\\u00e1t, slo\\u017een\\u00fd z v\\u00e1lcov\\u00e9ho prvku tvo\\u0159\\u00edc\\u00edho z\\u00e1kladovou \\u010d\\u00e1st a z n\\u011bj vy\\u010dn\\u00edvaj\\u00edc\\u00edho ocelov\\u00e9ho profilu U pro uchycen\\u00ed konzolov\\u00e9 zaji\\u0161\\u0165ovac\\u00ed zna\\u010dky.&#8220;,&#8220;VyrPopisDE&#8220;:&#8220;&#8220;,&#8220;VyrPopisEN&#8220;:&#8220;&#8220;,&#8220;VyrUrceniAPouzitCZ&#8220;:&#8220;Sloupek pro konzolovou zaji\\u0161\\u0165ovac\\u00ed zna\\u010dku slou\\u017e\\u00ed k zaji\\u0161t\\u011bn\\u00ed projektov\\u00e9 prostorov\\u00e9 polohy koleje, kter\\u00e9 je d\\u00e1no zaji\\u0161t\\u011bn\\u00edm polohy osy koleje a v\\u00fd\\u0161ky nivelety temene kolejnicov\\u00e9ho p\\u00e1su na polohov\\u011b a v\\u00fd\\u0161kov\\u011b zam\\u011b\\u0159enou zaji\\u0161\\u0165ovac\\u00ed zna\\u010dku typ ZZ1, stabiln\\u011b osazenou na ocelov\\u00e9m sloupku. V horn\\u00ed \\u010d\\u00e1sti ocelov\\u00e9ho slopku jsou vytvo\\u0159eny ve st\\u011bn\\u00e1ch sloupku 2 otvory pr\\u016fm\\u011bru 16 mm, kter\\u00e9 slou\\u017e\\u00ed na prota\\u017een\\u00ed ocelov\\u00e9 kulatiny, slou\\u017e\\u00edc\\u00ed pro manipulaci a zabudov\\u00e1n\\u00ed s v\\u00fdrobkem. Spojnice t\\u011bchto otvor\\u016f mus\\u00ed b\\u00fdty rovnob\\u011b\\u017en\\u00e1 s osou koleje. Otvor pr\\u016fm\\u011bru 8 mm mus\\u00ed b\\u00fdt na stran\\u011b p\\u0159ivr\\u00e1cen\\u00e9 ke koleji a slou\\u017e\\u00ed k uchycen\\u00ed konzolov\\u00e9 zaji\\u0161\\u0165ovac\\u00ed zna\\u010dky ZZ1.&#8220;,&#8220;VyrUrceniAPouzitDE&#8220;:&#8220;&#8220;,&#8220;VyrUrceniAPouzitEN&#8220;:&#8220;&#8220;,&#8220;VyrNazevCZ&#8220;:&#8220;Sloupek U-600 pro konzolovou zaji\\u0161\\u0165ovac\\u00ed zna\\u010dku ZZ1&#8243;,&#8220;VyrNazevDE&#8220;:&#8220;&#8220;,&#8220;VyrNazevEN&#8220;:&#8220;&#8220;,&#8220;Beton&#8220;:&#8220;C 25\\\/30 XF1&#8243;,&#8220;ObjemPrvku&#8220;:&#8220;&#8220;,&#8220;HmotnostPrvku&#8220;:&#8220;173,5&#8243;,&#8220;L&#8220;:&#8220;&#8220;,&#8220;B&#8220;:&#8220;300&#8243;,&#8220;H&#8220;:&#8220;1600&#8243;,&#8220;T&#8220;:&#8220;&#8220;,&#8220;D&#8220;:&#8220;&#8220;,&#8220;R&#8220;:&#8220;&#8220;,&#8220;L_2&#8243;:&#8220;&#8220;,&#8220;B_2&#8243;:&#8220;&#8220;,&#8220;H_2&#8243;:&#8220;600&#8243;,&#8220;T_2&#8243;:&#8220;&#8220;,&#8220;D_2&#8243;:&#8220;&#8220;,&#8220;R_2&#8243;:&#8220;&#8220;,&#8220;L_1&#8243;:&#8220;&#8220;,&#8220;B_1&#8243;:&#8220;&#8220;,&#8220;H_1&#8243;:&#8220;1000&#8243;,&#8220;T_1&#8243;:&#8220;&#8220;,&#8220;D_1&#8243;:&#8220;&#8220;,&#8220;R_1&#8243;:&#8220;&#8220;,&#8220;KategorieName&#8220;:&#8220;Dopravn\\u00ed a in\\u017een\\u00fdrsk\\u00e9 stavby&#8220;,&#8220;PodkategorieName&#8220;:&#8220;Prvky pro \\u017eelezni\\u010dn\\u00ed zna\\u010dkov\\u00e1n\\u00ed&#8220;,&#8220;attachments&#8220;:{&#8222;designs&#8220;:[{&#8222;DateCreate&#8220;:&#8220;&#8220;,&#8220;ID&#8220;:&#8220;2370&#8243;,&#8220;GUID&#8220;:&#8220;E301AF352EA20B8DC12585310044C853&#8243;,&#8220;VYR_ID&#8220;:&#8220;1599&#8243;,&#8220;VYR_Number&#8220;:&#8220;592121719414&#8243;,&#8220;VYR_ObchodniZnacka&#8220;:&#8220;AZZ 414-19&#8243;,&#8220;DocumentNumber&#8220;:&#8220;592121719414&#8243;,&#8220;Title&#8220;:&#8220;Sloupek U-600 pro konzolovou zaji\\u0161\\u0165ovac\\u00ed zna\\u010dku ZZ1&#8243;,&#8220;IssueNumber&#8220;:&#8220;2&#8243;,&#8220;ZPSV_R4_Vyk1_ZaLomitkem&#8220;:&#8220;1-2&#8243;,&#8220;file&#8220;:[]}]}}<\/p>","protected":false},"excerpt":{"rendered":"<p>{&#8222;DateCreate&#8220;:&#8220;26.02.2018 11:09:32&#8243;,&#8220;ID&#8220;:&#8220;1599&#8243;,&#8220;GUID&#8220;:&#8220;06290FBD3C80179DC12582400037CDFF&#8220;,&#8220;Nazev&#8220;:&#8220;Sloupek U-600 pro konzolovou zaji\\u0161\\u0165ovac\\u00ed zna\\u010dku ZZ1&#8243;,&#8220;Number&#8220;:&#8220;592121719414&#8243;,&#8220;ObchodniZnacka&#8220;:&#8220;AZZ 414-19&#8243;,&#8220;Zavods&#8220;:&#8220;31 Doloplazy&#8220;,&#8220;VyrPopisCZ&#8220;:&#8220;Jedn\\u00e1 [&hellip;]<\/p>","protected":false},"author":1,"featured_media":0,"parent":158307,"menu_order":0,"comment_status":"closed","ping_status":"closed","template":"layouts\/page-katalog.php","meta":[],"_links":{"self":[{"href":"https:\/\/www.zpsv.cz\/en\/wp-json\/wp\/v2\/pages\/428221"}],"collection":[{"href":"https:\/\/www.zpsv.cz\/en\/wp-json\/wp\/v2\/pages"}],"about":[{"href":"https:\/\/www.zpsv.cz\/en\/wp-json\/wp\/v2\/types\/page"}],"author":[{"embeddable":true,"href":"https:\/\/www.zpsv.cz\/en\/wp-json\/wp\/v2\/users\/1"}],"replies":[{"embeddable":true,"href":"https:\/\/www.zpsv.cz\/en\/wp-json\/wp\/v2\/comments?post=428221"}],"version-history":[{"count":0,"href":"https:\/\/www.zpsv.cz\/en\/wp-json\/wp\/v2\/pages\/428221\/revisions"}],"up":[{"embeddable":true,"href":"https:\/\/www.zpsv.cz\/en\/wp-json\/wp\/v2\/pages\/158307"}],"wp:attachment":[{"href":"https:\/\/www.zpsv.cz\/en\/wp-json\/wp\/v2\/media?parent=428221"}],"curies":[{"name":"wp","href":"https:\/\/api.w.org\/{rel}","templated":true}]}}