{"id":5501,"date":"2019-01-28T13:57:30","date_gmt":"2019-01-28T12:57:30","guid":{"rendered":"https:\/\/zpsv.cz\/?page_id=5501"},"modified":"2026-03-16T07:42:06","modified_gmt":"2026-03-16T06:42:06","slug":"reditelstvi-spolecnosti","status":"publish","type":"page","link":"https:\/\/www.zpsv.cz\/en\/kontakty\/reditelstvi-spolecnosti\/","title":{"rendered":"HEADQUARTERS"},"content":{"rendered":"<p><div class=\"fusion-fullwidth fullwidth-box nonhundred-percent-fullwidth non-hundred-percent-height-scrolling\"  style='background-color: rgba(255,255,255,0);background-position: center center;background-repeat: no-repeat;padding-top:0px;padding-right:0px;padding-bottom:0px;padding-left:0px;'><div class=\"fusion-builder-row fusion-row\"><div  class=\"fusion-layout-column fusion_builder_column fusion_builder_column_1_1  fusion-one-full fusion-column-first fusion-column-last 1_1\"  style='margin-top:0px;margin-bottom:20px;'>\r\n\t\t\t\t\t<div class=\"fusion-column-wrapper\" style=\"padding: 0px 0px 0px 0px;background-position:left top;background-repeat:no-repeat;-webkit-background-size:cover;-moz-background-size:cover;-o-background-size:cover;background-size:cover;\"   data-bg-url=\"\">\r\n\t\t\t\t\t\t<div class=\"fusion-text\">\n<\/div><div class=\"fusion-clearfix\"><\/div>\r\n\r\n\t\t\t\t\t<\/div>\r\n\t\t\t\t<\/div><\/div><\/div><div class=\"fusion-fullwidth fullwidth-box nonhundred-percent-fullwidth non-hundred-percent-height-scrolling\"  style='background-color: rgba(255,255,255,0);background-position: center center;background-repeat: no-repeat;padding-top:0px;padding-right:0px;padding-bottom:0px;padding-left:0px;'><div class=\"fusion-builder-row fusion-row\"><div  class=\"fusion-layout-column fusion_builder_column fusion_builder_column_1_1  fusion-one-full fusion-column-first fusion-column-last 1_1\"  style='margin-top:0px;margin-bottom:20px;'>\r\n\t\t\t\t\t<div class=\"fusion-column-wrapper\" style=\"padding: 0px 0px 0px 0px;background-position:left top;background-repeat:no-repeat;-webkit-background-size:cover;-moz-background-size:cover;-o-background-size:cover;background-size:cover;\"   data-bg-url=\"\">\r\n\t\t\t\t\t\t<div class=\"fusion-title title fusion-sep-none fusion-title-size-two\" style=\"margin-top:20px;margin-bottom:15px;\"><h2 class=\"title-heading-left\">HEADQUARTERS<\/h2><\/div><div class=\"fusion-text\"><p>HEADQUARTERS<br \/>\nVeselsk\u00e1 911, Ostro\u017esk\u00e9 P\u0159edm\u011bst\u00ed<br \/>\n687 24 Uhersk\u00fd Ostroh<\/p>\n<p><span style=\"text-decoration: underline;\"><a href=\"mailto:info@zpsv.cz\">info@zpsv.cz<\/a><\/span><\/p>\n<p>Tel.: +420 572 430 651<\/p>\n<\/div><div class=\"fusion-builder-row fusion-builder-row-inner fusion-row\"><div  class=\"fusion-layout-column fusion_builder_column fusion_builder_column_1_3  fusion-one-third fusion-column-first 1_3\"  style='margin-top: 0px;margin-bottom: 20px;width:33.33%;width:calc(33.33% - ( ( 4% + 4% ) * 0.3333 ) );margin-right:4%;'><div class=\"fusion-column-wrapper\" style=\"padding: 0px 0px 0px 0px;background-position:left top;background-repeat:no-repeat;-webkit-background-size:cover;-moz-background-size:cover;-o-background-size:cover;background-size:cover;\"  data-bg-url=\"\"><div class=\"fusion-text contact-item\"><div class=\"page\" title=\"Page 1\">\n<div class=\"layoutArea\">\n<div class=\"column\">\n<div class=\"page\" title=\"Page 1\">\n<div class=\"layoutArea\">\n<div class=\"column\">\n<p><strong><span style=\"color: #941612;\">Secretariat CEO<\/span><\/strong><br \/>\nTel.: +420 724 279 595<\/p>\n<\/div>\n<\/div>\n<\/div>\n<\/div>\n<\/div>\n<\/div>\n<\/div><\/div><\/div><div  class=\"fusion-layout-column fusion_builder_column fusion_builder_column_1_3  fusion-one-third 1_3\"  style='margin-top: 0px;margin-bottom: 20px;width:33.33%;width:calc(33.33% - ( ( 4% + 4% ) * 0.3333 ) );margin-right:4%;'><div class=\"fusion-column-wrapper\" style=\"padding: 0px 0px 0px 0px;background-position:left top;background-repeat:no-repeat;-webkit-background-size:cover;-moz-background-size:cover;-o-background-size:cover;background-size:cover;\"  data-bg-url=\"\"><div class=\"fusion-text contact-item\"><div class=\"page\" title=\"Page 1\">\n<div class=\"layoutArea\">\n<div class=\"column\">\n<div class=\"page\" title=\"Page 1\">\n<div class=\"layoutArea\">\n<div class=\"column\">\n<p><strong><span style=\"color: #941612;\">Ing. Tom\u00e1\u0161 Opletal, MBA<\/span><\/strong><br \/>\nCEO, executive<br \/>\nTel.: +420 602 337 510<\/p>\n<\/div>\n<\/div>\n<\/div>\n<\/div>\n<\/div>\n<\/div>\n<\/div><div class=\"fusion-text contact-item\"><div class=\"page\" title=\"Page 1\">\n<div class=\"layoutArea\">\n<div class=\"column\">\n<div class=\"page\" title=\"Page 1\">\n<div class=\"layoutArea\">\n<div class=\"column\">\n<p><strong><span style=\"color: #941612;\">Tom\u00e1\u0161 Sajfrt<\/span><\/strong><br \/>\nfinan\u010dn\u00ed \u0159editel<br \/>\nTel.: +420 731 663 244<\/p>\n<\/div>\n<\/div>\n<\/div>\n<\/div>\n<\/div>\n<\/div>\n<\/div><\/div><\/div><div  class=\"fusion-layout-column fusion_builder_column fusion_builder_column_1_3  fusion-one-third fusion-column-last 1_3\"  style='margin-top: 0px;margin-bottom: 20px;width:33.33%;width:calc(33.33% - ( ( 4% + 4% ) * 0.3333 ) );'><div class=\"fusion-column-wrapper\" style=\"padding: 0px 0px 0px 0px;background-position:left top;background-repeat:no-repeat;-webkit-background-size:cover;-moz-background-size:cover;-o-background-size:cover;background-size:cover;\"  data-bg-url=\"\"><div class=\"fusion-text contact-item\"><div class=\"page\" title=\"Page 1\">\n<div class=\"layoutArea\">\n<div class=\"column\">\n<div class=\"page\" title=\"Page 1\">\n<div class=\"layoutArea\">\n<div class=\"column\">\n<p><strong><span style=\"color: #941612;\">Mana\u017eer n\u00e1kupu<\/span><\/strong><br \/>\n<strong>Bc. Eva P\u0159\u00edlesk\u00e1<\/strong><br \/>\nTel.: +420 725 897 450<\/p>\n<\/div>\n<\/div>\n<\/div>\n<\/div>\n<\/div>\n<\/div>\n<\/div><div class=\"fusion-text contact-item\"><div class=\"page\" title=\"Page 1\">\n<div class=\"layoutArea\">\n<div class=\"column\">\n<div class=\"page\" title=\"Page 1\">\n<div class=\"layoutArea\">\n<div class=\"column\">\n<p><strong><span style=\"color: #941612;\">Department of Engineering and Technology<\/span><\/strong><br \/>\n<strong>Ing. Vladim\u00edr L\u00e1n\u00ed\u010dek<\/strong><br \/>\ndepartment head<br \/>\nTel.: +420 606 720 537<br \/>\n<a href=\"mailto:lanicek@zpsv.cz\">lanicek@zpsv.cz<\/a><\/p>\n<\/div>\n<\/div>\n<\/div>\n<\/div>\n<\/div>\n<\/div>\n<\/div><\/div><\/div><\/div><div class=\"fusion-sep-clear\"><\/div><div class=\"fusion-separator fusion-full-width-sep sep-none\" style=\"margin-left: auto;margin-right: auto;margin-top:50px;\"><\/div><div class=\"fusion-builder-row fusion-builder-row-inner fusion-row\"><div  class=\"fusion-layout-column fusion_builder_column fusion_builder_column_1_1  fusion-one-full fusion-column-first fusion-column-last 1_1\"  style='margin-top: 0px;margin-bottom: 20px;'><div class=\"fusion-column-wrapper\" style=\"padding: 0px 0px 0px 0px;background-position:left top;background-repeat:no-repeat;-webkit-background-size:cover;-moz-background-size:cover;-o-background-size:cover;background-size:cover;\"  data-bg-url=\"\"><div class=\"fusion-text\"><h2>Department of transportation and civil engineering<\/h2>\n<\/div><\/div><\/div><div  class=\"fusion-layout-column fusion_builder_column fusion_builder_column_1_3  fusion-one-third fusion-column-first 1_3\"  style='margin-top: 0px;margin-bottom: 20px;width:33.33%;width:calc(33.33% - ( ( 4% + 4% ) * 0.3333 ) );margin-right:4%;'><div class=\"fusion-column-wrapper\" style=\"padding: 0px 0px 0px 0px;background-position:left top;background-repeat:no-repeat;-webkit-background-size:cover;-moz-background-size:cover;-o-background-size:cover;background-size:cover;\"  data-bg-url=\"\"><div class=\"fusion-text contact-item\"><p><strong><span style=\"color: #941612;\">Railway <br>constructions<\/span><\/strong><br \/>\n<strong>Roman Za\u0148\u00e1t<\/strong><br \/>\nHead of traffic and engineering<br \/>\nbuilding department<br \/>\nTel.: +420 725 635 259<br \/>\n<a href=\"mailto:zanat@zpsv.cz\">zanat@zpsv.cz<\/a><\/p>\n<\/div><div class=\"fusion-text contact-item\"><div class=\"page\" title=\"Page 1\">\n<div class=\"layoutArea\">\n<div class=\"column\">\n<p><strong><span style=\"color: #941612;\">Road construction constructions, products for noise and vibration reduction<\/span><\/strong><br \/>\n<strong>Ondr\u030cej Hr\u030cib<\/strong><br \/>\nproduct manager<br \/>\nTel.: +420 737 256 165<br \/>\n<a href=\"mailto:hrib@zpsv.cz\">hrib@zpsv.cz<\/a><\/p>\n<\/div>\n<\/div>\n<\/div>\n<\/div><div class=\"fusion-text contact-item\"><div class=\"page\" title=\"Page 1\">\n<div class=\"layoutArea\">\n<div class=\"column\">\n<p><strong><span style=\"color: #941612;\">Pipe and frame culverts, crossing structures<\/span><\/strong><br \/>\n<strong>PhDr. Radek Bure\u0161<\/strong><br \/>\nobchodn\u00ed mana\u017eer<br \/>\nTel.: +420 725 569 476<br \/>\n<a href=\"mailto:bures@zpsv.cz\">bures@zpsv.cz<\/a><\/p>\n<\/div>\n<\/div>\n<\/div>\n<\/div><\/div><\/div><div  class=\"fusion-layout-column fusion_builder_column fusion_builder_column_1_3  fusion-one-third 1_3\"  style='margin-top: 0px;margin-bottom: 20px;width:33.33%;width:calc(33.33% - ( ( 4% + 4% ) * 0.3333 ) );margin-right:4%;'><div class=\"fusion-column-wrapper\" style=\"padding: 0px 0px 0px 0px;background-position:left top;background-repeat:no-repeat;-webkit-background-size:cover;-moz-background-size:cover;-o-background-size:cover;background-size:cover;\"  data-bg-url=\"\"><div class=\"fusion-text contact-item\"><p><strong><span style=\"color: #941612;\">Bridge construction<\/span><\/strong><br \/>\n<strong>Zden\u011bk \u017dabka<\/strong><br \/>\nproduct manager<br \/>\nTel.: +420 602 572 523<br \/>\n<a href=\"mailto:zabka@zpsv.cz\">zabka@zpsv.cz<\/a><\/p>\n<\/div><div class=\"fusion-text contact-item\"><div class=\"page\" title=\"Page 1\">\n<div class=\"layoutArea\">\n<div class=\"column\">\n<p><strong><span style=\"color: #941612;\">Enclosed balcony<\/span><\/strong><br \/>\n<strong>Ing. Michala Paloudov\u00e1<\/strong><\/p>\n<p>Tel.: +420 602 133 749<br \/>\n<a href=\"mailto:paloudova@zpsv.cz\">paloudova@zpsv.cz<\/a><\/p>\n<\/div>\n<\/div>\n<\/div>\n<\/div><div class=\"fusion-text contact-item\"><div class=\"page\" title=\"Page 1\">\n<div class=\"layoutArea\">\n<div class=\"column\">\n<p><strong><span style=\"color: #941612;\">Garden architecture<\/span><\/strong><br \/>\n<strong>Jir\u030ci\u0301 Maly\u0301<\/strong><br \/>\nexpedition chief<br \/>\nTel.: +420 725 745 007<br \/>\n<a href=\"mailto:maly@zpsv.cz\">maly@zpsv.cz<\/a><\/p>\n<\/div>\n<\/div>\n<\/div>\n<\/div><\/div><\/div><div  class=\"fusion-layout-column fusion_builder_column fusion_builder_column_1_3  fusion-one-third fusion-column-last 1_3\"  style='margin-top: 0px;margin-bottom: 20px;width:33.33%;width:calc(33.33% - ( ( 4% + 4% ) * 0.3333 ) );'><div class=\"fusion-column-wrapper\" style=\"padding: 0px 0px 0px 0px;background-position:left top;background-repeat:no-repeat;-webkit-background-size:cover;-moz-background-size:cover;-o-background-size:cover;background-size:cover;\"  data-bg-url=\"\"><div class=\"fusion-text contact-item\"><div class=\"page\" title=\"Page 1\">\n<div class=\"layoutArea\">\n<div class=\"column\">\n<p><strong><span style=\"color: #941612;\">Engineering structures <\/span><\/strong><br \/>\n<strong><span style=\"color: #941612;\">and other products<\/span><\/strong><br \/>\n<strong>Roman Za\u0148\u00e1t<\/strong><br \/>\nrailway construction<br \/>\nTel.: +420 725 635 259<br \/>\n<a href=\"mailto:zanat@zpsv.cz\">zanat@zpsv.cz<\/a><\/p>\n<\/div>\n<p><strong>Ond\u0159ej H\u0159ib<\/strong><br \/>\nroad and other construction<br \/>\nTel.: +420 737 256 165<br \/>\n<a href=\"mailto:hrib@zpsv.cz\">hrib@zpsv.cz<\/a><\/p>\n<\/div>\n<\/div>\n<\/div><\/div><\/div><div  class=\"fusion-layout-column fusion_builder_column fusion_builder_column_1_1  fusion-one-full fusion-column-first fusion-column-last 1_1\"  style='margin-top: 0px;margin-bottom: 20px;'><div class=\"fusion-column-wrapper\" style=\"padding: 0px 0px 0px 0px;background-position:left top;background-repeat:no-repeat;-webkit-background-size:cover;-moz-background-size:cover;-o-background-size:cover;background-size:cover;\"  data-bg-url=\"\"><div class=\"fusion-sep-clear\"><\/div><div class=\"fusion-separator fusion-full-width-sep sep-none\" style=\"margin-left: auto;margin-right: auto;margin-top:;\"><\/div><\/div><\/div><div  class=\"fusion-layout-column fusion_builder_column fusion_builder_column_1_1  fusion-one-full fusion-column-first fusion-column-last 1_1\"  style='margin-top: 0px;margin-bottom: 20px;'><div class=\"fusion-column-wrapper\" style=\"padding: 0px 0px 0px 0px;background-position:left top;background-repeat:no-repeat;-webkit-background-size:cover;-moz-background-size:cover;-o-background-size:cover;background-size:cover;\"  data-bg-url=\"\"><div class=\"fusion-text\"><h2>Building construction<\/h2>\n<\/div><\/div><\/div><div  class=\"fusion-layout-column fusion_builder_column fusion_builder_column_1_3  fusion-one-third fusion-column-first 1_3\"  style='margin-top: 0px;margin-bottom: 20px;width:33.33%;width:calc(33.33% - ( ( 4% + 4% ) * 0.3333 ) );margin-right:4%;'><div class=\"fusion-column-wrapper\" style=\"padding: 0px 0px 0px 0px;background-position:left top;background-repeat:no-repeat;-webkit-background-size:cover;-moz-background-size:cover;-o-background-size:cover;background-size:cover;\"  data-bg-url=\"\"><div class=\"fusion-text contact-item\"><div class=\"page\" title=\"Page 1\">\n<div class=\"layoutArea\">\n<div class=\"column\">\n<p><strong><span style=\"color: #941612;\">Construction with assembling<\/span><\/strong><br \/>\n<strong>Ing. Franti\u0161ek Dubsk\u00fd<\/strong><br \/>\nHead of building engineering<br \/>\ndivision<br \/>\nTel.: +420 725 975 206<br \/>\n<a href=\"mailto:dubsky@zpsv.cz\">dubsky@zpsv.cz<\/a><\/p>\n<\/div>\n<\/div>\n<\/div>\n<\/div><div class=\"fusion-text contact-item\"><p><strong><span style=\"color: #941612;\">Buildings incl. assembly, frame culverts<\/span><\/strong><br \/>\n<strong>Jakub Rudoleck\u00fd<\/strong><br \/>\ncalculator<br \/>\nTel.: +420 725 777 979<br \/>\n<a href=\"mailto:rudolecky@zpsv.cz\">rudolecky@zpsv.cz<\/a><\/p>\n<\/div><\/div><\/div><div  class=\"fusion-layout-column fusion_builder_column fusion_builder_column_1_3  fusion-one-third 1_3\"  style='margin-top: 0px;margin-bottom: 20px;width:33.33%;width:calc(33.33% - ( ( 4% + 4% ) * 0.3333 ) );margin-right:4%;'><div class=\"fusion-column-wrapper\" style=\"padding: 0px 0px 0px 0px;background-position:left top;background-repeat:no-repeat;-webkit-background-size:cover;-moz-background-size:cover;-o-background-size:cover;background-size:cover;\"  data-bg-url=\"\"><div class=\"fusion-text contact-item\"><p><strong><span style=\"color: #941612;\">Construction with assembling<\/span><\/strong><br \/>\n<strong>Zden\u011bk \u017dabka<\/strong><br \/>\nproduct manager<br \/>\nTel.: +420 602 572 523<br \/>\n<a href=\"mailto:zabka@zpsv.cz\">zabka@zpsv.cz<\/a><\/p>\n<\/div><\/div><\/div><div  class=\"fusion-layout-column fusion_builder_column fusion_builder_column_1_3  fusion-one-third fusion-column-last 1_3\"  style='margin-top: 0px;margin-bottom: 20px;width:33.33%;width:calc(33.33% - ( ( 4% + 4% ) * 0.3333 ) );'><div class=\"fusion-column-wrapper\" style=\"padding: 0px 0px 0px 0px;background-position:left top;background-repeat:no-repeat;-webkit-background-size:cover;-moz-background-size:cover;-o-background-size:cover;background-size:cover;\"  data-bg-url=\"\"><div class=\"fusion-text contact-item\"><p><strong><span style=\"color: #941612;\">Balconies, stairs, buildings incl. assembly<\/span><\/strong><br \/>\n<strong>Ing. Petr Klos<\/strong><br \/>\nproduct manager, calculator<br \/>\nTel.: +420 737 256 812<br \/>\n<a href=\"mailto:klos@zpsv.cz\">klos@zpsv.cz<\/a><\/p>\n<\/div><div class=\"fusion-text contact-item\"><p><strong><span style=\"color: #941612;\">Contract Officer<\/span><\/strong><br \/>\n<strong>Marcela \u017dabkov\u00e1<\/strong><\/p>\n<p>Tel.: +420 469 779 236<br \/>\n<a href=\"mailto:zabkova@zpsv.cz\">zabkova@zpsv.cz<\/a><\/p>\n<\/div><\/div><\/div><div  class=\"fusion-layout-column fusion_builder_column fusion_builder_column_1_3  fusion-one-third fusion-column-first 1_3\"  style='margin-top: 0px;margin-bottom: 20px;width:33.33%;width:calc(33.33% - ( ( 4% + 4% ) * 0.3333 ) );margin-right:4%;'><div class=\"fusion-column-wrapper\" style=\"padding: 0px 0px 0px 0px;background-position:left top;background-repeat:no-repeat;-webkit-background-size:cover;-moz-background-size:cover;-o-background-size:cover;background-size:cover;\"  data-bg-url=\"\"><\/div><\/div><div  class=\"fusion-layout-column fusion_builder_column fusion_builder_column_1_3  fusion-one-third 1_3\"  style='margin-top: 0px;margin-bottom: 20px;width:33.33%;width:calc(33.33% - ( ( 4% + 4% ) * 0.3333 ) );margin-right:4%;'><div class=\"fusion-column-wrapper\" style=\"padding: 0px 0px 0px 0px;background-position:left top;background-repeat:no-repeat;-webkit-background-size:cover;-moz-background-size:cover;-o-background-size:cover;background-size:cover;\"  data-bg-url=\"\"><\/div><\/div><div  class=\"fusion-layout-column fusion_builder_column fusion_builder_column_1_3  fusion-one-third fusion-column-last 1_3\"  style='margin-top: 0px;margin-bottom: 20px;width:33.33%;width:calc(33.33% - ( ( 4% + 4% ) * 0.3333 ) );'><div class=\"fusion-column-wrapper\" style=\"padding: 0px 0px 0px 0px;background-position:left top;background-repeat:no-repeat;-webkit-background-size:cover;-moz-background-size:cover;-o-background-size:cover;background-size:cover;\"  data-bg-url=\"\"><\/div><\/div><\/div><div class=\"fusion-clearfix\"><\/div>\r\n\r\n\t\t\t\t\t<\/div>\r\n\t\t\t\t<\/div><\/div><\/div><\/p>","protected":false},"excerpt":{"rendered":"","protected":false},"author":1,"featured_media":9715,"parent":24,"menu_order":1,"comment_status":"closed","ping_status":"closed","template":"","meta":[],"_links":{"self":[{"href":"https:\/\/www.zpsv.cz\/en\/wp-json\/wp\/v2\/pages\/5501"}],"collection":[{"href":"https:\/\/www.zpsv.cz\/en\/wp-json\/wp\/v2\/pages"}],"about":[{"href":"https:\/\/www.zpsv.cz\/en\/wp-json\/wp\/v2\/types\/page"}],"author":[{"embeddable":true,"href":"https:\/\/www.zpsv.cz\/en\/wp-json\/wp\/v2\/users\/1"}],"replies":[{"embeddable":true,"href":"https:\/\/www.zpsv.cz\/en\/wp-json\/wp\/v2\/comments?post=5501"}],"version-history":[{"count":14,"href":"https:\/\/www.zpsv.cz\/en\/wp-json\/wp\/v2\/pages\/5501\/revisions"}],"predecessor-version":[{"id":411239,"href":"https:\/\/www.zpsv.cz\/en\/wp-json\/wp\/v2\/pages\/5501\/revisions\/411239"}],"up":[{"embeddable":true,"href":"https:\/\/www.zpsv.cz\/en\/wp-json\/wp\/v2\/pages\/24"}],"wp:featuredmedia":[{"embeddable":true,"href":"https:\/\/www.zpsv.cz\/en\/wp-json\/wp\/v2\/media\/9715"}],"wp:attachment":[{"href":"https:\/\/www.zpsv.cz\/en\/wp-json\/wp\/v2\/media?parent=5501"}],"curies":[{"name":"wp","href":"https:\/\/api.w.org\/{rel}","templated":true}]}}