{"id":5539,"date":"2019-01-28T14:51:44","date_gmt":"2019-01-28T13:51:44","guid":{"rendered":"https:\/\/zpsv.cz\/?page_id=5539"},"modified":"2019-01-28T14:51:44","modified_gmt":"2019-01-28T13:51:44","slug":"production-plants-in-foreign","status":"publish","type":"page","link":"https:\/\/www.zpsv.cz\/en\/production-plants-in-foreign\/","title":{"rendered":"Production plants in foreign"},"content":{"rendered":"<p><div class=\"fusion-fullwidth fullwidth-box nonhundred-percent-fullwidth non-hundred-percent-height-scrolling\"  style='background-color: rgba(255,255,255,0);background-position: center center;background-repeat: no-repeat;padding-top:0px;padding-right:0px;padding-bottom:0px;padding-left:0px;'><div class=\"fusion-builder-row fusion-row\"><div  class=\"fusion-layout-column fusion_builder_column fusion_builder_column_1_1  fusion-one-full fusion-column-first fusion-column-last 1_1\"  style='margin-top:0px;margin-bottom:20px;'>\r\n\t\t\t\t\t<div class=\"fusion-column-wrapper\" style=\"background-position:left top;background-repeat:no-repeat;-webkit-background-size:cover;-moz-background-size:cover;-o-background-size:cover;background-size:cover;\"   data-bg-url=\"\">\r\n\t\t\t\t\t\t<div class=\"fusion-text\">\n<\/div><div class=\"fusion-clearfix\"><\/div>\r\n\r\n\t\t\t\t\t<\/div>\r\n\t\t\t\t<\/div><\/div><\/div><div class=\"fusion-fullwidth fullwidth-box nonhundred-percent-fullwidth non-hundred-percent-height-scrolling\"  style='background-color: rgba(255,255,255,0);background-position: center center;background-repeat: no-repeat;padding-top:0px;padding-right:0px;padding-bottom:0px;padding-left:0px;'><div class=\"fusion-builder-row fusion-row\"><div  class=\"fusion-layout-column fusion_builder_column fusion_builder_column_1_1  fusion-one-full fusion-column-first fusion-column-last 1_1\"  style='margin-top:0px;margin-bottom:20px;'>\r\n\t\t\t\t\t<div class=\"fusion-column-wrapper\" style=\"background-position:left top;background-repeat:no-repeat;-webkit-background-size:cover;-moz-background-size:cover;-o-background-size:cover;background-size:cover;\"   data-bg-url=\"\">\r\n\t\t\t\t\t\t<div class=\"fusion-title title fusion-sep-none fusion-title-size-two\" style=\"margin-top:20px;margin-bottom:15px;\"><h2 class=\"title-heading-left\">PRODUCTION PLANTS IN FOREIGN<\/h2><\/div><div class=\"fusion-text\"><table border=\"0\" width=\"100%\" cellspacing=\"1\" cellpadding=\"1\" align=\"left\">\n<tbody>\n<tr>\n<td width=\"200\">\n<h4>\u017dPSV a.s. \u010ca\u0148a<\/h4>\n<\/td>\n<td>\n<h4><\/h4>\n<\/td>\n<td>\n<h4>Phone:<\/h4>\n<\/td>\n<td>\n<h4>fax:<\/h4>\n<\/td>\n<\/tr>\n<tr>\n<td>\n<address>Oslobodite\u013eov 127<\/address>\n<\/td>\n<td>director<\/td>\n<td>+421\u00a0556 999 528<\/td>\n<td>+420 556 999 527<\/td>\n<\/tr>\n<tr>\n<td>\n<address>044 14 \u010ca\u0148a<\/address>\n<\/td>\n<td>\u00a0shipping dep.<\/td>\n<td>+421 556 999 491<\/td>\n<td><\/td>\n<\/tr>\n<tr>\n<td>\n<address>Slovakia<\/address>\n<\/td>\n<td>\u00a0e-mail<\/td>\n<td>\u00a0zpsv@zpsv.sk<\/td>\n<td><\/td>\n<\/tr>\n<tr>\n<td><\/td>\n<td><\/td>\n<td><\/td>\n<td><\/td>\n<\/tr>\n<tr>\n<td>\n<h4>\u017dPSV Ltd.<\/h4>\n<\/td>\n<td>\n<h4><\/h4>\n<\/td>\n<td>\n<h4>Phone:<\/h4>\n<\/td>\n<td>\n<h4>fax:<\/h4>\n<\/td>\n<\/tr>\n<tr>\n<td>\n<address>Headquarters<\/p>\n<\/address>\n<\/td>\n<td>exchange<\/td>\n<td>+359 52 984 701<\/td>\n<td>+359 885 679 149<\/td>\n<\/tr>\n<tr>\n<td>\n<address>ul. \u201cAl.Dyakovich\u201d\u00a0No. 45, office 40<\/p>\n<\/address>\n<\/td>\n<td>\u00a0e-mail<\/td>\n<td><a href=\"mailto:accounting@zpsv.bg\">accounting@zpsv.bg<\/a><\/td>\n<\/tr>\n<tr>\n<td>\n<address>9000\u00a0 Varna, Bulgaria<\/p>\n<\/address>\n<\/td>\n<td><\/td>\n<td><a href=\"http:\/\/www.zpsv.bg\/\">www.zpsv.bg<\/a><\/td>\n<\/tr>\n<tr>\n<td><\/td>\n<td><\/td>\n<td><\/td>\n<td><\/td>\n<\/tr>\n<tr>\n<td>\n<address>Office manager Sofia<\/p>\n<\/address>\n<\/td>\n<td><\/td>\n<td>+359 885 198 970<\/td>\n<td>+359 2 426 4410<\/td>\n<\/tr>\n<tr>\n<td>\n<address>ul. \u201e Pimen Zografski\u201d No.14<\/p>\n<\/address>\n<\/td>\n<td>e-mail<\/td>\n<td><a href=\"mailto:office.sofia@zpsv.bg\">office.sofia@zpsv.bg<\/a><\/td>\n<td><\/td>\n<\/tr>\n<tr>\n<td>\n<address>1172\u00a0 Sofia, Bulgaria<\/p>\n<\/address>\n<\/td>\n<td><\/td>\n<td><\/td>\n<td><\/td>\n<\/tr>\n<tr>\n<td><\/td>\n<td><\/td>\n<td><\/td>\n<td><\/td>\n<\/tr>\n<tr>\n<td>\n<address>Office manager Varna<\/p>\n<\/address>\n<\/td>\n<td>exchange<\/td>\n<td>+359 52 984 686<\/td>\n<td>+359 885 679 149<\/td>\n<\/tr>\n<tr>\n<td>\n<address>ul. \u201cAl. Dyakovich\u201d\u00a0No. 45, office 40<\/p>\n<\/address>\n<\/td>\n<td>e-mail<\/td>\n<td><a href=\"mailto:office.varna@zpsv.bg\">office.varna@zpsv.bg<\/a><\/td>\n<td><\/td>\n<\/tr>\n<tr>\n<td>\n<address>9000\u00a0 Varna, Bulgaria<\/p>\n<\/address>\n<\/td>\n<td><\/td>\n<td><\/td>\n<td><\/td>\n<\/tr>\n<\/tbody>\n<\/table>\n<\/div><div class=\"fusion-clearfix\"><\/div>\r\n\r\n\t\t\t\t\t<\/div>\r\n\t\t\t\t<\/div><\/div><\/div><\/p>","protected":false},"excerpt":{"rendered":"","protected":false},"author":1,"featured_media":0,"parent":0,"menu_order":5,"comment_status":"closed","ping_status":"closed","template":"","meta":[],"_links":{"self":[{"href":"https:\/\/www.zpsv.cz\/en\/wp-json\/wp\/v2\/pages\/5539"}],"collection":[{"href":"https:\/\/www.zpsv.cz\/en\/wp-json\/wp\/v2\/pages"}],"about":[{"href":"https:\/\/www.zpsv.cz\/en\/wp-json\/wp\/v2\/types\/page"}],"author":[{"embeddable":true,"href":"https:\/\/www.zpsv.cz\/en\/wp-json\/wp\/v2\/users\/1"}],"replies":[{"embeddable":true,"href":"https:\/\/www.zpsv.cz\/en\/wp-json\/wp\/v2\/comments?post=5539"}],"version-history":[{"count":0,"href":"https:\/\/www.zpsv.cz\/en\/wp-json\/wp\/v2\/pages\/5539\/revisions"}],"wp:attachment":[{"href":"https:\/\/www.zpsv.cz\/en\/wp-json\/wp\/v2\/media?parent=5539"}],"curies":[{"name":"wp","href":"https:\/\/api.w.org\/{rel}","templated":true}]}}