{"id":9128,"date":"2019-02-19T10:44:18","date_gmt":"2019-02-19T09:44:18","guid":{"rendered":"https:\/\/zpsv.cz\/kompletni-revitalizace-panelovych-domu\/"},"modified":"2019-02-19T10:44:18","modified_gmt":"2019-02-19T09:44:18","slug":"kompletni-revitalizace-panelovych-domu","status":"publish","type":"page","link":"https:\/\/www.zpsv.cz\/en\/kompletni-revitalizace-panelovych-domu\/","title":{"rendered":"Kompletn\u00ed revitalizace panelov\u00fdch dom\u016f"},"content":{"rendered":"<h1>Kompletn\u00ed revitalizace panelov\u00fdch dom\u016f<\/h1>","protected":false},"excerpt":{"rendered":"<p>Kompletn\u00ed revitalizace panelov\u00fdch dom\u016f<\/p>","protected":false},"author":1,"featured_media":0,"parent":0,"menu_order":0,"comment_status":"closed","ping_status":"closed","template":"layouts\/page-katalog.php","meta":[],"_links":{"self":[{"href":"https:\/\/www.zpsv.cz\/en\/wp-json\/wp\/v2\/pages\/9128"}],"collection":[{"href":"https:\/\/www.zpsv.cz\/en\/wp-json\/wp\/v2\/pages"}],"about":[{"href":"https:\/\/www.zpsv.cz\/en\/wp-json\/wp\/v2\/types\/page"}],"author":[{"embeddable":true,"href":"https:\/\/www.zpsv.cz\/en\/wp-json\/wp\/v2\/users\/1"}],"replies":[{"embeddable":true,"href":"https:\/\/www.zpsv.cz\/en\/wp-json\/wp\/v2\/comments?post=9128"}],"version-history":[{"count":0,"href":"https:\/\/www.zpsv.cz\/en\/wp-json\/wp\/v2\/pages\/9128\/revisions"}],"wp:attachment":[{"href":"https:\/\/www.zpsv.cz\/en\/wp-json\/wp\/v2\/media?parent=9128"}],"curies":[{"name":"wp","href":"https:\/\/api.w.org\/{rel}","templated":true}]}}