{"id":9927,"date":"2019-03-27T14:42:11","date_gmt":"2019-03-27T13:42:11","guid":{"rendered":"https:\/\/zpsv.cz\/?page_id=9927"},"modified":"2025-01-17T07:16:16","modified_gmt":"2025-01-17T06:16:16","slug":"vseobecne-technicke-pozadavky","status":"publish","type":"page","link":"https:\/\/www.zpsv.cz\/en\/ke-stazeni\/vseobecne-technicke-pozadavky\/","title":{"rendered":"General technical requirements"},"content":{"rendered":"<div class=\"fusion-fullwidth fullwidth-box nonhundred-percent-fullwidth non-hundred-percent-height-scrolling\"  style='background-color: rgba(255,255,255,0);background-position: center center;background-repeat: no-repeat;padding-top:0px;padding-right:0px;padding-bottom:0px;padding-left:0px;'><div class=\"fusion-builder-row fusion-row\"><div  class=\"fusion-layout-column fusion_builder_column fusion_builder_column_1_4  fusion-one-fourth fusion-column-first 1_4\"  style='margin-top:0px;margin-bottom:20px;width:25%;width:calc(25% - ( ( 4% + 4% + 4% ) * 0.25 ) );margin-right: 4%;'>\r\n\t\t\t\t\t<div class=\"fusion-column-wrapper\" style=\"padding: 0px 0px 0px 0px;background-position:left top;background-repeat:no-repeat;-webkit-background-size:cover;-moz-background-size:cover;-o-background-size:cover;background-size:cover;\"   data-bg-url=\"\">\r\n\t\t\t\t\t\t<div class=\"fusion-text\"><div class=\"sidemenu\"><ul><li class=\"page_item page-item-20 page_item_has_children current_page_ancestor\"><ul class=\"children\"><li class=\"page_item page_item_has_children\"><a href=\"https:\/\/www.zpsv.cz\/en\/ke-stazeni\/ceniky\/\" class=\"\">Price lists<\/a><\/li><li class=\"page_item page_item_has_children\"><a href=\"https:\/\/www.zpsv.cz\/en\/ke-stazeni\/certifikaty\/\" class=\"\">Certifications<\/a><\/li><li class=\"page_item page_item_has_children\"><a href=\"https:\/\/www.zpsv.cz\/en\/ke-stazeni\/informace-pro-akcionare\/\" class=\"\">Information for former shareholders<\/a><\/li><li class=\"page_item page_item_has_children\"><a href=\"https:\/\/www.zpsv.cz\/en\/ke-stazeni\/katalogy\/\" class=\"\">Catalogues<\/a><\/li><li class=\"page_item page_item_has_children\"><a href=\"https:\/\/www.zpsv.cz\/en\/ke-stazeni\/konanos\/\" class=\"\">KoNaNos<\/a><\/li><li class=\"page_item page_item_has_children\"><a href=\"https:\/\/www.zpsv.cz\/en\/ke-stazeni\/letaky\/\" class=\"\">Leaflets<\/a><\/li><li class=\"page_item page_item_has_children\"><a href=\"https:\/\/www.zpsv.cz\/en\/ke-stazeni\/montazni-navody\/\" class=\"\">Mounting instructions<\/a><\/li><li class=\"page_item page_item_has_children\"><a href=\"https:\/\/www.zpsv.cz\/en\/ke-stazeni\/npo-fve\/\" class=\"\">NPO \/ FVE<\/a><\/li><li class=\"page_item page_item_has_children\"><a href=\"https:\/\/www.zpsv.cz\/en\/ke-stazeni\/opz97\/\" class=\"\">OPZ 97<\/a><\/li><li class=\"page_item page_item_has_children\"><a href=\"https:\/\/www.zpsv.cz\/en\/ke-stazeni\/ostatni\/\" class=\"\">others<\/a><\/li><li class=\"page_item page_item_has_children\"><a href=\"https:\/\/www.zpsv.cz\/en\/ke-stazeni\/reklamacni-rad\/\" class=\"\">Complaints Procedure<\/a><\/li><li class=\"page_item page_item_has_children\"><a href=\"https:\/\/www.zpsv.cz\/en\/ke-stazeni\/sfdi\/\" class=\"\">SFDI<\/a><\/li><li class=\"page_item page_item_has_children\"><a href=\"https:\/\/www.zpsv.cz\/en\/ke-stazeni\/technicke-podminky-dodaci\/\" class=\"\">TECHNICAL CONDITIONS OF DELIVERY<\/a><\/li><li class=\"page_item page_item_has_children  current_page_item\"><a href=\"https:\/\/www.zpsv.cz\/en\/ke-stazeni\/vseobecne-technicke-pozadavky\/\" class=\"\">General technical requirements<\/a><\/li><li class=\"page_item page_item_has_children\"><a href=\"https:\/\/www.zpsv.cz\/en\/ke-stazeni\/vyrobni-stitky\/\" class=\"\">Production labels<\/a><\/li><\/ul><\/li><\/ul><\/div>\n<\/div><div class=\"fusion-clearfix\"><\/div>\r\n\r\n\t\t\t\t\t<\/div>\r\n\t\t\t\t<\/div><div  class=\"fusion-layout-column fusion_builder_column fusion_builder_column_1_4  fusion-one-fourth 1_4\"  style='margin-top:0px;margin-bottom:20px;width:25%;width:calc(25% - ( ( 4% + 4% + 4% ) * 0.25 ) );margin-right: 4%;'>\r\n\t\t\t\t\t<div class=\"fusion-column-wrapper\" style=\"padding: 0px 0px 0px 0px;background-position:left top;background-repeat:no-repeat;-webkit-background-size:cover;-moz-background-size:cover;-o-background-size:cover;background-size:cover;\"   data-bg-url=\"\">\r\n\t\t\t\t\t\t<div class=\"fusion-text\"><p><a href=\"https:\/\/www.zpsv.cz\/wp-content\/uploads\/2025\/01\/VTP-00-02_11-Vseobecne-technicke-pozadavky-9-1.pdf\"><img loading=\"lazy\" class=\"aligncenter wp-image-9939 size-full\" src=\"https:\/\/www.zpsv.cz\/wp-content\/uploads\/2019\/03\/VTP-00-02_11-V\u0161eobecn\u00e9-technick\u00e9-po\u017eadavky-7-4.jpg\" alt=\"\" width=\"200\" height=\"283\" \/><\/a><\/p>\n<\/div><div class=\"fusion-text\"><p style=\"text-align: center;\">VTP &#8211; vyd\u00e1n\u00ed (9 \u2013 1), leden 2025<\/p>\n<\/div><div class=\"fusion-clearfix\"><\/div>\r\n\r\n\t\t\t\t\t<\/div>\r\n\t\t\t\t<\/div><div  class=\"fusion-layout-column fusion_builder_column fusion_builder_column_1_4  fusion-one-fourth 1_4\"  style='margin-top:0px;margin-bottom:20px;width:25%;width:calc(25% - ( ( 4% + 4% + 4% ) * 0.25 ) );margin-right: 4%;'>\r\n\t\t\t\t\t<div class=\"fusion-column-wrapper\" style=\"padding: 0px 0px 0px 0px;background-position:left top;background-repeat:no-repeat;-webkit-background-size:cover;-moz-background-size:cover;-o-background-size:cover;background-size:cover;\"   data-bg-url=\"\">\r\n\t\t\t\t\t\t<div class=\"fusion-text special-list\"><ul>\n<li><a href=\"https:\/\/www.zpsv.cz\/wp-content\/uploads\/2024\/05\/Priloha-1_Montazni-navod-DEHA-1.pdf\">P\u0159\u00edloha 1_Mont\u00e1\u017en\u00ed n\u00e1vod DEHA 1<\/a><\/li>\n<li><a href=\"https:\/\/www.zpsv.cz\/wp-content\/uploads\/2024\/05\/Priloha-2_Montazni-navod-DEHA-2.pdf\">P\u0159\u00edloha 2_Mont\u00e1\u017en\u00ed n\u00e1vod DEHA 2<\/a><\/li>\n<li><a href=\"https:\/\/www.zpsv.cz\/wp-content\/uploads\/2024\/05\/Priloha-3_Montazni-navod-DEHA-3.pdf\">P\u0159\u00edloha 3_Mont\u00e1\u017en\u00ed n\u00e1vod DEHA 3<\/a><\/li>\n<li><a href=\"https:\/\/www.zpsv.cz\/wp-content\/uploads\/2024\/05\/Priloha-4_Montazni-navod-Preifer-1.pdf\">P\u0159\u00edloha 4_Mont\u00e1\u017en\u00ed n\u00e1vod Preifer 1<\/a><\/li>\n<li><a href=\"https:\/\/www.zpsv.cz\/wp-content\/uploads\/2024\/05\/Priloha-5_Montazni-navod-Preifer-2.pdf\">P\u0159\u00edloha 5_Mont\u00e1\u017en\u00ed n\u00e1vod Preifer 2<\/a><\/li>\n<li><a href=\"https:\/\/www.zpsv.cz\/wp-content\/uploads\/2024\/05\/Priloha-6_Montazni-navod-Preifer-3.pdf\">P\u0159\u00edloha 6_Mont\u00e1\u017en\u00ed n\u00e1vod Preifer 3<\/a><\/li>\n<li><a href=\"https:\/\/www.zpsv.cz\/wp-content\/uploads\/2024\/05\/Priloha-7_Montazni-navod-Kontakt-SK-1.pdf\">P\u0159\u00edloha 7_Mont\u00e1\u017en\u00ed n\u00e1vod Kontakt SK 1<\/a><\/li>\n<li><a href=\"https:\/\/www.zpsv.cz\/wp-content\/uploads\/2024\/05\/Priloha-8_Montazni-navod-Kontakt-SK-2.pdf\">P\u0159\u00edloha 8_Mont\u00e1\u017en\u00ed n\u00e1vod Kontakt SK 2<\/a><\/li>\n<\/ul>\n<\/div><div class=\"fusion-clearfix\"><\/div>\r\n\r\n\t\t\t\t\t<\/div>\r\n\t\t\t\t<\/div><div  class=\"fusion-layout-column fusion_builder_column fusion_builder_column_1_4  fusion-one-fourth fusion-column-last 1_4\"  style='margin-top:0px;margin-bottom:20px;width:25%;width:calc(25% - ( ( 4% + 4% + 4% ) * 0.25 ) );'>\r\n\t\t\t\t\t<div class=\"fusion-column-wrapper\" style=\"padding: 0px 0px 0px 0px;background-position:left top;background-repeat:no-repeat;-webkit-background-size:cover;-moz-background-size:cover;-o-background-size:cover;background-size:cover;\"   data-bg-url=\"\">\r\n\t\t\t\t\t\t<div class=\"fusion-clearfix\"><\/div>\r\n\r\n\t\t\t\t\t<\/div>\r\n\t\t\t\t<\/div><\/div><\/div>","protected":false},"excerpt":{"rendered":"","protected":false},"author":3,"featured_media":9717,"parent":20,"menu_order":50,"comment_status":"closed","ping_status":"closed","template":"","meta":[],"_links":{"self":[{"href":"https:\/\/www.zpsv.cz\/en\/wp-json\/wp\/v2\/pages\/9927"}],"collection":[{"href":"https:\/\/www.zpsv.cz\/en\/wp-json\/wp\/v2\/pages"}],"about":[{"href":"https:\/\/www.zpsv.cz\/en\/wp-json\/wp\/v2\/types\/page"}],"author":[{"embeddable":true,"href":"https:\/\/www.zpsv.cz\/en\/wp-json\/wp\/v2\/users\/3"}],"replies":[{"embeddable":true,"href":"https:\/\/www.zpsv.cz\/en\/wp-json\/wp\/v2\/comments?post=9927"}],"version-history":[{"count":6,"href":"https:\/\/www.zpsv.cz\/en\/wp-json\/wp\/v2\/pages\/9927\/revisions"}],"predecessor-version":[{"id":247272,"href":"https:\/\/www.zpsv.cz\/en\/wp-json\/wp\/v2\/pages\/9927\/revisions\/247272"}],"up":[{"embeddable":true,"href":"https:\/\/www.zpsv.cz\/en\/wp-json\/wp\/v2\/pages\/20"}],"wp:featuredmedia":[{"embeddable":true,"href":"https:\/\/www.zpsv.cz\/en\/wp-json\/wp\/v2\/media\/9717"}],"wp:attachment":[{"href":"https:\/\/www.zpsv.cz\/en\/wp-json\/wp\/v2\/media?parent=9927"}],"curies":[{"name":"wp","href":"https:\/\/api.w.org\/{rel}","templated":true}]}}