{"id":9959,"date":"2019-04-03T07:38:38","date_gmt":"2019-04-03T05:38:38","guid":{"rendered":"https:\/\/zpsv.cz\/?page_id=9959"},"modified":"2024-08-02T06:47:34","modified_gmt":"2024-08-02T04:47:34","slug":"montazni-navody","status":"publish","type":"page","link":"https:\/\/www.zpsv.cz\/en\/ke-stazeni\/montazni-navody\/","title":{"rendered":"Mounting instructions"},"content":{"rendered":"<div class=\"fusion-fullwidth fullwidth-box nonhundred-percent-fullwidth non-hundred-percent-height-scrolling\"  style='background-color: rgba(255,255,255,0);background-position: center center;background-repeat: no-repeat;padding-top:0px;padding-right:0px;padding-bottom:0px;padding-left:0px;'><div class=\"fusion-builder-row fusion-row\"><div  class=\"fusion-layout-column fusion_builder_column fusion_builder_column_1_4  fusion-one-fourth fusion-column-first 1_4\"  style='margin-top:0px;margin-bottom:20px;width:25%;width:calc(25% - ( ( 4% ) * 0.25 ) );margin-right: 4%;'>\r\n\t\t\t\t\t<div class=\"fusion-column-wrapper\" style=\"padding: 0px 0px 0px 0px;background-position:left top;background-repeat:no-repeat;-webkit-background-size:cover;-moz-background-size:cover;-o-background-size:cover;background-size:cover;\"   data-bg-url=\"\">\r\n\t\t\t\t\t\t<div class=\"fusion-text\"><div class=\"sidemenu\"><ul><li class=\"page_item page-item-20 page_item_has_children current_page_ancestor\"><ul class=\"children\"><li class=\"page_item page_item_has_children\"><a href=\"https:\/\/www.zpsv.cz\/en\/ke-stazeni\/ceniky\/\" class=\"\">Price lists<\/a><\/li><li class=\"page_item page_item_has_children\"><a href=\"https:\/\/www.zpsv.cz\/en\/ke-stazeni\/certifikaty\/\" class=\"\">Certifications<\/a><\/li><li class=\"page_item page_item_has_children\"><a href=\"https:\/\/www.zpsv.cz\/en\/ke-stazeni\/informace-pro-akcionare\/\" class=\"\">Information for former shareholders<\/a><\/li><li class=\"page_item page_item_has_children\"><a href=\"https:\/\/www.zpsv.cz\/en\/ke-stazeni\/katalogy\/\" class=\"\">Catalogues<\/a><\/li><li class=\"page_item page_item_has_children\"><a href=\"https:\/\/www.zpsv.cz\/en\/ke-stazeni\/konanos\/\" class=\"\">KoNaNos<\/a><\/li><li class=\"page_item page_item_has_children\"><a href=\"https:\/\/www.zpsv.cz\/en\/ke-stazeni\/letaky\/\" class=\"\">Leaflets<\/a><\/li><li class=\"page_item page_item_has_children  current_page_item\"><a href=\"https:\/\/www.zpsv.cz\/en\/ke-stazeni\/montazni-navody\/\" class=\"\">Mounting instructions<\/a><\/li><li class=\"page_item page_item_has_children\"><a href=\"https:\/\/www.zpsv.cz\/en\/ke-stazeni\/npo-fve\/\" class=\"\">NPO \/ FVE<\/a><\/li><li class=\"page_item page_item_has_children\"><a href=\"https:\/\/www.zpsv.cz\/en\/ke-stazeni\/opz97\/\" class=\"\">OPZ 97<\/a><\/li><li class=\"page_item page_item_has_children\"><a href=\"https:\/\/www.zpsv.cz\/en\/ke-stazeni\/ostatni\/\" class=\"\">others<\/a><\/li><li class=\"page_item page_item_has_children\"><a href=\"https:\/\/www.zpsv.cz\/en\/ke-stazeni\/reklamacni-rad\/\" class=\"\">Complaints Procedure<\/a><\/li><li class=\"page_item page_item_has_children\"><a href=\"https:\/\/www.zpsv.cz\/en\/ke-stazeni\/sfdi\/\" class=\"\">SFDI<\/a><\/li><li class=\"page_item page_item_has_children\"><a href=\"https:\/\/www.zpsv.cz\/en\/ke-stazeni\/technicke-podminky-dodaci\/\" class=\"\">TECHNICAL CONDITIONS OF DELIVERY<\/a><\/li><li class=\"page_item page_item_has_children\"><a href=\"https:\/\/www.zpsv.cz\/en\/ke-stazeni\/vseobecne-technicke-pozadavky\/\" class=\"\">General technical requirements<\/a><\/li><li class=\"page_item page_item_has_children\"><a href=\"https:\/\/www.zpsv.cz\/en\/ke-stazeni\/vyrobni-stitky\/\" class=\"\">Production labels<\/a><\/li><\/ul><\/li><\/ul><\/div>\n<\/div><div class=\"fusion-clearfix\"><\/div>\r\n\r\n\t\t\t\t\t<\/div>\r\n\t\t\t\t<\/div><div  class=\"fusion-layout-column fusion_builder_column fusion_builder_column_1_2  fusion-one-half fusion-column-last 1_2\"  style='margin-top:0px;margin-bottom:20px;width:50%;width:calc(50% - ( ( 4% ) * 0.5 ) );'>\r\n\t\t\t\t\t<div class=\"fusion-column-wrapper\" style=\"padding: 0px 0px 0px 0px;background-position:left top;background-repeat:no-repeat;-webkit-background-size:cover;-moz-background-size:cover;-o-background-size:cover;background-size:cover;\"   data-bg-url=\"\">\r\n\t\t\t\t\t\t<div class=\"fusion-text special-list\"><ul style=\"margin-left: 20px;\">\n<li><a href=\"https:\/\/www.zpsv.cz\/wp-content\/uploads\/2019\/04\/MN-003-N\u00e1stupi\u0161tn\u00ed-blok-L-130-a-hrana-H-130-1-1.pdf\">MN 003 N\u00e1stupi\u0161tn\u00ed blok L 130 a hrana H 130 (1-1)<\/a><\/li>\n<li><a href=\"https:\/\/www.zpsv.cz\/wp-content\/uploads\/2019\/04\/TPM-00-02_15_P\u0159ejezdy-se-z\u00e1dla\u017ebovou-konstrukc\u00ed-\u00daRT\u0158-4-3.pdf\">TPM 00-02_15_P\u0159ejezdy se z\u00e1dla\u017ebovou konstrukc\u00ed \u00daRT\u0158 (4-3)<\/a><\/li>\n<li><a href=\"https:\/\/www.zpsv.cz\/wp-content\/uploads\/2024\/08\/TPM-00-01_16_Prejezdy-konstrukce-BR-3-1.pdf\">TPM 00-01_16_P\u0159ejezdy konstrukce BR (3-1)<\/a><\/li>\n<li><a href=\"https:\/\/www.zpsv.cz\/wp-content\/uploads\/2022\/08\/TPM-00-01_04-Protihlukove-steny-6-2.pdf\">TPM 00-01_04 Protihlukov\u00e9 st\u011bny<\/a><\/li>\n<li><a href=\"https:\/\/www.zpsv.cz\/wp-content\/uploads\/2019\/04\/MN-021-Kruhov\u00e9-n\u00e1dr\u017ee-1-2.pdf\">MN 021 Kruhov\u00e9 n\u00e1dr\u017ee (1-2)<\/a><\/li>\n<li><a href=\"https:\/\/www.zpsv.cz\/wp-content\/uploads\/2019\/04\/MN-018-Tv\u00e1rnice-pro-ztracen\u00e9-bedn\u011bn\u00ed-vyr\u00e1b\u011bn\u00e9-spole\u010dnost\u00ed-\u017dPSV.pdf\">MN 018 Tv\u00e1rnice pro ztracen\u00e9 bedn\u011bn\u00ed vyr\u00e1b\u011bn\u00e9 spole\u010dnost\u00ed \u017dPSV<\/a><\/li>\n<li><a href=\"https:\/\/www.zpsv.cz\/wp-content\/uploads\/2019\/04\/MN-016-Protihlukov\u00e9-panely-s-\u00fapravou-pro-prostup-IZS-Hopkirk-1-1.pdf\">MN 016 Protihlukov\u00e9 panely s \u00fapravou pro prostup IZS Hopkirk (1-1)<\/a><\/li>\n<li><a href=\"https:\/\/www.zpsv.cz\/wp-content\/uploads\/2019\/04\/MN-015-Z\u00e1dla\u017ebov\u00e1-konstrukce-ze-z\u00e1krytov\u00fdch-desek-tramvajov\u00fdch-trat\u00ed-1-1.pdf\">MN 015 Z\u00e1dla\u017ebov\u00e1 konstrukce ze z\u00e1krytov\u00fdch desek tramvajov\u00fdch trat\u00ed (1-1)<\/a><\/li>\n<li><a href=\"https:\/\/www.zpsv.cz\/wp-content\/uploads\/2019\/04\/MN-014-Prefabrik\u00e1ty-pro-z\u00e1dla\u017ebu-LP-A-LP-B-1-1.pdf\">MN 014 Prefabrik\u00e1ty pro z\u00e1dla\u017ebu LP-A, LP-B (1-1)<\/a><\/li>\n<li><a href=\"https:\/\/www.zpsv.cz\/wp-content\/uploads\/2019\/04\/MN-013-Z\u00e1dla\u017ebov\u00e9-panely-1-1.pdf\">MN 013 Z\u00e1dla\u017ebov\u00e9 panely (1-1)<\/a><\/li>\n<li><a href=\"https:\/\/www.zpsv.cz\/wp-content\/uploads\/2019\/04\/MN-012-Kolejov\u00e9-podklady-pro-\u010dist\u00edc\u00ed-j\u00e1my-1-1.pdf\">MN 012 Kolejov\u00e9 podklady pro \u010dist\u00edc\u00ed j\u00e1my (1-1)<\/a><\/li>\n<li><a href=\"https:\/\/www.zpsv.cz\/wp-content\/uploads\/2019\/04\/MN-009-\u017delezobetonov\u00e9-trouby-patkov\u00e9-3-5-KOMPLET.pdf\">MN 009 \u017delezobetonov\u00e9 trouby patkov\u00e9 (3-5) KOMPLET<\/a><\/li>\n<li><a href=\"https:\/\/www.zpsv.cz\/wp-content\/uploads\/2019\/04\/MN-008-Prefabrik\u00e1ty-pro-kanaliza\u010dn\u00ed-\u0159\u00e1dy-1-1.pdf\">MN 008 Prefabrik\u00e1ty pro kanaliza\u010dn\u00ed \u0159\u00e1dy (1-1)<\/a><\/li>\n<li><a href=\"https:\/\/www.zpsv.cz\/wp-content\/uploads\/2019\/04\/MN-007-P\u0159\u00edkopov\u00e9-\u017elaby-a-poklopy-p\u0159\u00edkopov\u00fdch-\u017elab\u016f-2-1.pdf\">MN 007 P\u0159\u00edkopov\u00e9 \u017elaby a poklopy p\u0159\u00edkopov\u00fdch \u017elab\u016f (2-1)<\/a><\/li>\n<li><a href=\"https:\/\/www.zpsv.cz\/wp-content\/uploads\/2019\/04\/MN-006-Ukon\u010den\u00ed-n\u00e1stupi\u0161t\u011b-1-1.pdf\">MN 006 Ukon\u010den\u00ed n\u00e1stupi\u0161t\u011b (1-1)<\/a><\/li>\n<li><a href=\"https:\/\/www.zpsv.cz\/wp-content\/uploads\/2019\/04\/MN-005-N\u00e1stupi\u0161t\u011b-TISCHER-a-SUDOP-2-1.pdf\">MN 005 N\u00e1stupi\u0161t\u011b TISCHER a SUDOP (2-1)<\/a><\/li>\n<li><a href=\"https:\/\/www.zpsv.cz\/wp-content\/uploads\/2019\/07\/TPM_00-03_03-Mont\u00e1\u017e-betonov\u00fdch-svodidel-BSV-typ-\u017dPSV-5-2.pdf\">TPM_00-03_03 Mont\u00e1\u017e betonov\u00fdch svodidel BSV, typ \u017dPSV (5-2)<\/a><\/li>\n<li><a href=\"https:\/\/www.zpsv.cz\/wp-content\/uploads\/2022\/08\/TPM-00-01_22-Odvodnovaci-zlab-s-mrizi-1-2.pdf\">TPM 00-01_22 Odvod\u0148ovac\u00ed \u017elab s m\u0159\u00ed\u017e\u00ed<\/a><\/li>\n<\/ul>\n<\/div><div class=\"fusion-clearfix\"><\/div>\r\n\r\n\t\t\t\t\t<\/div>\r\n\t\t\t\t<\/div><\/div><\/div>","protected":false},"excerpt":{"rendered":"","protected":false},"author":3,"featured_media":9717,"parent":20,"menu_order":40,"comment_status":"closed","ping_status":"closed","template":"","meta":[],"_links":{"self":[{"href":"https:\/\/www.zpsv.cz\/en\/wp-json\/wp\/v2\/pages\/9959"}],"collection":[{"href":"https:\/\/www.zpsv.cz\/en\/wp-json\/wp\/v2\/pages"}],"about":[{"href":"https:\/\/www.zpsv.cz\/en\/wp-json\/wp\/v2\/types\/page"}],"author":[{"embeddable":true,"href":"https:\/\/www.zpsv.cz\/en\/wp-json\/wp\/v2\/users\/3"}],"replies":[{"embeddable":true,"href":"https:\/\/www.zpsv.cz\/en\/wp-json\/wp\/v2\/comments?post=9959"}],"version-history":[{"count":5,"href":"https:\/\/www.zpsv.cz\/en\/wp-json\/wp\/v2\/pages\/9959\/revisions"}],"predecessor-version":[{"id":182079,"href":"https:\/\/www.zpsv.cz\/en\/wp-json\/wp\/v2\/pages\/9959\/revisions\/182079"}],"up":[{"embeddable":true,"href":"https:\/\/www.zpsv.cz\/en\/wp-json\/wp\/v2\/pages\/20"}],"wp:featuredmedia":[{"embeddable":true,"href":"https:\/\/www.zpsv.cz\/en\/wp-json\/wp\/v2\/media\/9717"}],"wp:attachment":[{"href":"https:\/\/www.zpsv.cz\/en\/wp-json\/wp\/v2\/media?parent=9959"}],"curies":[{"name":"wp","href":"https:\/\/api.w.org\/{rel}","templated":true}]}}