{"id":28,"date":"2019-01-17T11:52:29","date_gmt":"2019-01-17T10:52:29","guid":{"rendered":"https:\/\/zpsv.cz\/?page_id=28"},"modified":"2024-07-31T10:22:18","modified_gmt":"2024-07-31T08:22:18","slug":"predstaveni-spolecnosti","status":"publish","type":"page","link":"https:\/\/www.zpsv.cz\/en\/","title":{"rendered":"Introduction companies"},"content":{"rendered":"<div class=\"fusion-fullwidth fullwidth-box nonhundred-percent-fullwidth non-hundred-percent-height-scrolling\"  style='background-color: rgba(255,255,255,0);background-position: center center;background-repeat: no-repeat;padding-top:0px;padding-right:0px;padding-bottom:0px;padding-left:0px;margin-bottom: 40px;'><div class=\"fusion-builder-row fusion-row\"><div  class=\"fusion-layout-column fusion_builder_column fusion_builder_column_1_1  fusion-one-full fusion-column-first fusion-column-last 1_1\"  style='margin-top:0px;margin-bottom:20px;'>\r\n\t\t\t\t\t<div class=\"fusion-column-wrapper\" style=\"padding: 0px 0px 0px 0px;background-position:left top;background-repeat:no-repeat;-webkit-background-size:cover;-moz-background-size:cover;-o-background-size:cover;background-size:cover;\"   data-bg-url=\"\">\r\n\t\t\t\t\t\t<div class=\"fusion-text\">\n<\/div><div class=\"fusion-text\"><p><img loading=\"lazy\" class=\"alignnone size-medium wp-image-62695\" src=\"https:\/\/www.zpsv.cz\/wp-content\/uploads\/2022\/02\/logo-ZPSV_-70-300x118.png\" alt=\"\" width=\"300\" height=\"118\" srcset=\"https:\/\/www.zpsv.cz\/wp-content\/uploads\/2022\/02\/logo-ZPSV_-70-18x7.png 18w, https:\/\/www.zpsv.cz\/wp-content\/uploads\/2022\/02\/logo-ZPSV_-70-200x79.png 200w, https:\/\/www.zpsv.cz\/wp-content\/uploads\/2022\/02\/logo-ZPSV_-70-300x118.png 300w, https:\/\/www.zpsv.cz\/wp-content\/uploads\/2022\/02\/logo-ZPSV_-70-400x158.png 400w, https:\/\/www.zpsv.cz\/wp-content\/uploads\/2022\/02\/logo-ZPSV_-70.png 507w\" sizes=\"(max-width: 300px) 100vw, 300px\" \/><\/p>\n<p><iframe loading=\"lazy\" title=\"YouTube video player\" src=\"https:\/\/www.youtube.com\/embed\/HZRCE3GO3X0\" width=\"560\" height=\"315\" frameborder=\"0\" allowfullscreen=\"allowfullscreen\"><\/iframe><\/p>\n<\/div><div class=\"fusion-title title fusion-sep-none fusion-title-size-one\" style=\"margin-top:20px;margin-bottom:15px;\"><h1 class=\"title-heading-left\">INTRODUCTION COMPANIES<\/h1><\/div><div class=\"fusion-text\"><p>\u017dPSV s.r.o. is a company with more than seventy years of history. It is a traditional supplier of concrete products for the construction industry with a focus on transport (railway, road) and building constructions, including the revitalization of panel houses, the construction of industrial and business centers, ecological buildings, etc.<\/p>\n<p>Over the years, the range and volume of production of the company, which is among the leading suppliers of concrete goods and reinforced concrete constructions in the Czech Republic, has significantly expanded.<\/p>\n<p>In its five production plants, including abroad, \u017dPSV supplies goods and services for more than 1,800 million CZK\/year. The original company was founded in Prague in 1952 under the name \"Company for quarries and gravel pits\", where, in addition to quarries, there were also small operations of concrete plants and quarry operations in the Czech Republic and Slovakia.<\/p>\n<p>The company produced the first reinforced concrete sleepers, which became the company's core program, only in 1955. Since its foundation, the company has undergone many organizational changes, and the company has been known under the \u017dPSV brand since 1963.<\/p>\n<\/div><div class=\"fusion-title title fusion-sep-none fusion-title-size-one\" style=\"margin-top:20px;margin-bottom:15px;\"><h1 class=\"title-heading-left\">HISTORY<\/h1><\/div><div class=\"fusion-text\"><p>The original enterprise was founded in Prague in the year 1952 under the name \"The enterprise for quarries and gravel pits\", where were besides big quarries<br \/>\nThe path to building one of the largest manufacturers of concrete prefabrication in the Czech Republic began practically in 1955, when the first reinforced concrete railway sleepers were produced, which form the basic supporting backbone of the company's activities throughout the company's history. The renewal and modernization of the tracks of the former Czechoslovakia created a favorable environment for the application of the company's products, and this enabled subsequent significant expansion.<\/p>\n<\/div><div class=\"fusion-text\"><p><span style=\"color: #941612;\">1966<\/span> \u2013 sleeper SB 4 ~ <span style=\"color: #941612;\">1967<\/span> \u2013 sleeper SB 5 ~ <span style=\"color: #941612;\">1971<\/span> \u2013 sleeper SB 6 ~ <span style=\"color: #941612;\">1981<\/span> \u2013 sleeper SB 8 ~ <span style=\"color: #941612;\">1990<\/span> \u2013 sale of the plant \u010cer\u010dany ~ <span style=\"color: #941612;\">16. dubna 1992<\/span> &#8211; do\u0161lo ke vzniku<br \/>\npriv\u00e1tn\u00ed akciov\u00e9 spole\u010dnosti ~ <span style=\"color: #941612;\">1994<\/span> \u2013 sleeper B 91 S ~ <span style=\"color: #941612;\">1995<\/span> \u2013 switch sleeper, separation of owned quarries into an independent company \u017dPSV \u0160t\u011brkovny<br \/>\na p\u00edskovny Uh. Ostroh ~ <span style=\"color: #941612;\">1997<\/span> - obtaining the certificate \u010cSN ISO 9002 ~ <span style=\"color: #941612;\">2000<\/span> - lease of the Litice quarry, purchase of the \u010cer\u010dany plant, purchase of the Litice plant<br \/>\n<span style=\"color: #941612;\">2001<\/span> - purchase of quarry Litice ~ <span style=\"color: #941612;\">2002<\/span> - construction of a production line for prestressed load - bearing beams made of rope concrete in the plant Litice ~ <span style=\"color: #941612;\">2003<\/span> - there has been an entry<br \/>\nnew foreign strategic partner - the Spanish group Obrasc\u00f3n Huarte Lain S.A. ~ <span style=\"color: #941612;\">2005<\/span> - sleeper B 355.3 U60M for fixed track ~ <span style=\"color: #941612;\">2007<\/span> \u2013 sleeper B 03<br \/>\n<span style=\"color: #941612;\">2008<\/span> \u2013 sleeper BV 08 ~ <span style=\"color: #941612;\">2015<\/span> \u2013 sleepers B 91 T and BC 12 ~ <span style=\"color: #941612;\">2018<\/span> - there has been a change <strong><span style=\"color: #941612;\">majority shareholder of the company - Leonhard Moll AG<\/span><\/strong><\/p>\n<\/div><div class=\"fusion-clearfix\"><\/div>\r\n\r\n\t\t\t\t\t<\/div>\r\n\t\t\t\t<\/div><\/div><\/div>","protected":false},"excerpt":{"rendered":"","protected":false},"author":1,"featured_media":9719,"parent":14,"menu_order":1,"comment_status":"closed","ping_status":"closed","template":"","meta":[],"_links":{"self":[{"href":"https:\/\/www.zpsv.cz\/en\/wp-json\/wp\/v2\/pages\/28"}],"collection":[{"href":"https:\/\/www.zpsv.cz\/en\/wp-json\/wp\/v2\/pages"}],"about":[{"href":"https:\/\/www.zpsv.cz\/en\/wp-json\/wp\/v2\/types\/page"}],"author":[{"embeddable":true,"href":"https:\/\/www.zpsv.cz\/en\/wp-json\/wp\/v2\/users\/1"}],"replies":[{"embeddable":true,"href":"https:\/\/www.zpsv.cz\/en\/wp-json\/wp\/v2\/comments?post=28"}],"version-history":[{"count":5,"href":"https:\/\/www.zpsv.cz\/en\/wp-json\/wp\/v2\/pages\/28\/revisions"}],"predecessor-version":[{"id":181320,"href":"https:\/\/www.zpsv.cz\/en\/wp-json\/wp\/v2\/pages\/28\/revisions\/181320"}],"up":[{"embeddable":true,"href":"https:\/\/www.zpsv.cz\/en\/wp-json\/wp\/v2\/pages\/14"}],"wp:featuredmedia":[{"embeddable":true,"href":"https:\/\/www.zpsv.cz\/en\/wp-json\/wp\/v2\/media\/9719"}],"wp:attachment":[{"href":"https:\/\/www.zpsv.cz\/en\/wp-json\/wp\/v2\/media?parent=28"}],"curies":[{"name":"wp","href":"https:\/\/api.w.org\/{rel}","templated":true}]}}